{"id":6986,"date":"2025-09-18T17:22:54","date_gmt":"2025-09-18T20:22:54","guid":{"rendered":"https:\/\/acsi.com.br\/lojavirtual\/?post_type=product&#038;p=6986"},"modified":"2026-04-16T20:57:29","modified_gmt":"2026-04-16T23:57:29","slug":"contos-ecologicos-historias-para-amar-a-natureza","status":"publish","type":"product","link":"https:\/\/acsi.com.br\/lojavirtual\/produto\/contos-ecologicos-historias-para-amar-a-natureza\/","title":{"rendered":"Contos Ecol\u00f3gicos &#8211; Hist\u00f3rias para amar a Natureza"},"content":{"rendered":"<p>A natureza \u00e9 um bem da humanidade e precisa ser preservada. Neste livro, pequenos contos levar\u00e3o o leitor a deparar-se com v\u00e1rias quest\u00f5es ambientais que o far\u00e3o pensar sobre o seu papel na preserva\u00e7\u00e3o da natureza. Afinal, pequenas atitudes podem promover grandes transforma\u00e7\u00f5es.<\/p>\n","protected":false},"excerpt":{"rendered":"<p>A natureza \u00e9 um bem da humanidade e precisa ser preservada. Neste livro, pequenos contos levar\u00e3o o leitor a deparar-se com v\u00e1rias quest\u00f5es ambientais que o far\u00e3o pensar sobre o seu papel na preserva\u00e7\u00e3o da natureza. Afinal, pequenas atitudes podem promover grandes transforma\u00e7\u00f5es.<\/p>\n","protected":false},"featured_media":6987,"comment_status":"closed","ping_status":"closed","template":"","meta":[],"product_brand":[],"product_cat":[18],"product_tag":[203],"class_list":{"0":"post-6986","1":"product","2":"type-product","3":"status-publish","4":"has-post-thumbnail","6":"product_cat-debs-editora","7":"product_tag-3o-ao-5o-ano","9":"first","10":"instock","11":"featured","12":"shipping-taxable","13":"purchasable","14":"product-type-simple"},"_links":{"self":[{"href":"https:\/\/acsi.com.br\/lojavirtual\/wp-json\/wp\/v2\/product\/6986","targetHints":{"allow":["GET"]}}],"collection":[{"href":"https:\/\/acsi.com.br\/lojavirtual\/wp-json\/wp\/v2\/product"}],"about":[{"href":"https:\/\/acsi.com.br\/lojavirtual\/wp-json\/wp\/v2\/types\/product"}],"replies":[{"embeddable":true,"href":"https:\/\/acsi.com.br\/lojavirtual\/wp-json\/wp\/v2\/comments?post=6986"}],"version-history":[{"count":1,"href":"https:\/\/acsi.com.br\/lojavirtual\/wp-json\/wp\/v2\/product\/6986\/revisions"}],"predecessor-version":[{"id":6988,"href":"https:\/\/acsi.com.br\/lojavirtual\/wp-json\/wp\/v2\/product\/6986\/revisions\/6988"}],"wp:featuredmedia":[{"embeddable":true,"href":"https:\/\/acsi.com.br\/lojavirtual\/wp-json\/wp\/v2\/media\/6987"}],"wp:attachment":[{"href":"https:\/\/acsi.com.br\/lojavirtual\/wp-json\/wp\/v2\/media?parent=6986"}],"wp:term":[{"taxonomy":"product_brand","embeddable":true,"href":"https:\/\/acsi.com.br\/lojavirtual\/wp-json\/wp\/v2\/product_brand?post=6986"},{"taxonomy":"product_cat","embeddable":true,"href":"https:\/\/acsi.com.br\/lojavirtual\/wp-json\/wp\/v2\/product_cat?post=6986"},{"taxonomy":"product_tag","embeddable":true,"href":"https:\/\/acsi.com.br\/lojavirtual\/wp-json\/wp\/v2\/product_tag?post=6986"}],"curies":[{"name":"wp","href":"https:\/\/api.w.org\/{rel}","templated":true}]}}