{"id":6983,"date":"2025-09-18T17:12:52","date_gmt":"2025-09-18T20:12:52","guid":{"rendered":"https:\/\/acsi.com.br\/lojavirtual\/?post_type=product&#038;p=6983"},"modified":"2026-03-30T10:47:06","modified_gmt":"2026-03-30T13:47:06","slug":"dinossabios-dinossauros-e-proverbios","status":"publish","type":"product","link":"https:\/\/acsi.com.br\/lojavirtual\/produto\/dinossabios-dinossauros-e-proverbios\/","title":{"rendered":"Dinoss\u00e1bios &#8211; Dinossauros e Prov\u00e9rbios"},"content":{"rendered":"<p>Dinossauros, com suas vidas jur\u00e1ssicas, nos ensinam importantes prov\u00e9rbios para um bom viver. Cont\u00e9m nesse kit: livro, bloco de desenho, l\u00e1pis, adesivo, desenho para colorir e link para aprender a desenhar os dinos.<\/p>\n","protected":false},"excerpt":{"rendered":"<p>Dinossauros, com suas vidas jur\u00e1ssicas, nos ensinam importantes prov\u00e9rbios para um bom viver. Cont\u00e9m nesse kit: livro, bloco de desenho, l\u00e1pis, adesivo, desenho para colorir e link para aprender a desenhar os dinos.<\/p>\n","protected":false},"featured_media":6984,"comment_status":"open","ping_status":"closed","template":"","meta":[],"product_brand":[],"product_cat":[18],"product_tag":[211],"class_list":{"0":"post-6983","1":"product","2":"type-product","3":"status-publish","4":"has-post-thumbnail","6":"product_cat-debs-editora","7":"product_tag-ed-infantil-ao-5o-ano","9":"first","10":"instock","11":"featured","12":"shipping-taxable","13":"purchasable","14":"product-type-simple"},"_links":{"self":[{"href":"https:\/\/acsi.com.br\/lojavirtual\/wp-json\/wp\/v2\/product\/6983","targetHints":{"allow":["GET"]}}],"collection":[{"href":"https:\/\/acsi.com.br\/lojavirtual\/wp-json\/wp\/v2\/product"}],"about":[{"href":"https:\/\/acsi.com.br\/lojavirtual\/wp-json\/wp\/v2\/types\/product"}],"replies":[{"embeddable":true,"href":"https:\/\/acsi.com.br\/lojavirtual\/wp-json\/wp\/v2\/comments?post=6983"}],"version-history":[{"count":1,"href":"https:\/\/acsi.com.br\/lojavirtual\/wp-json\/wp\/v2\/product\/6983\/revisions"}],"predecessor-version":[{"id":6985,"href":"https:\/\/acsi.com.br\/lojavirtual\/wp-json\/wp\/v2\/product\/6983\/revisions\/6985"}],"wp:featuredmedia":[{"embeddable":true,"href":"https:\/\/acsi.com.br\/lojavirtual\/wp-json\/wp\/v2\/media\/6984"}],"wp:attachment":[{"href":"https:\/\/acsi.com.br\/lojavirtual\/wp-json\/wp\/v2\/media?parent=6983"}],"wp:term":[{"taxonomy":"product_brand","embeddable":true,"href":"https:\/\/acsi.com.br\/lojavirtual\/wp-json\/wp\/v2\/product_brand?post=6983"},{"taxonomy":"product_cat","embeddable":true,"href":"https:\/\/acsi.com.br\/lojavirtual\/wp-json\/wp\/v2\/product_cat?post=6983"},{"taxonomy":"product_tag","embeddable":true,"href":"https:\/\/acsi.com.br\/lojavirtual\/wp-json\/wp\/v2\/product_tag?post=6983"}],"curies":[{"name":"wp","href":"https:\/\/api.w.org\/{rel}","templated":true}]}}