{"id":6979,"date":"2025-09-18T17:01:58","date_gmt":"2025-09-18T20:01:58","guid":{"rendered":"https:\/\/acsi.com.br\/lojavirtual\/?post_type=product&#038;p=6979"},"modified":"2026-04-23T10:50:45","modified_gmt":"2026-04-23T13:50:45","slug":"interligados-2","status":"publish","type":"product","link":"https:\/\/acsi.com.br\/lojavirtual\/produto\/interligados-2\/","title":{"rendered":"Interligados 2"},"content":{"rendered":"<p>Pierre e Camille nunca imaginaram que um presente aparentemente comum os lan\u00e7aria em uma jornada cheia de enigmas e perigos. Transportados para lugares inesperados, perseguidos por desconhecidos e guiados por algo muito maior que eles, precisam confiar um no outro e descobrir o prop\u00f3sito dessa aventura. Entre persegui\u00e7\u00f5es, descobertas e revela\u00e7\u00f5es surpreendentes, eles logo percebem que tudo est\u00e1 interligado &#8211; suas vidas, suas escolhas e a f\u00e9 que os sustenta.<\/p>\n","protected":false},"excerpt":{"rendered":"<p>Pierre e Camille nunca imaginaram que um presente aparentemente comum os lan\u00e7aria em uma jornada cheia de enigmas e perigos. Transportados para lugares inesperados, perseguidos por desconhecidos e guiados por algo muito maior que eles, precisam confiar um no outro e descobrir o prop\u00f3sito dessa aventura. Entre persegui\u00e7\u00f5es, descobertas e revela\u00e7\u00f5es surpreendentes, eles logo percebem que tudo est\u00e1 interligado &#8211; suas vidas, suas escolhas e a f\u00e9 que os sustenta.<\/p>\n","protected":false},"featured_media":6980,"comment_status":"closed","ping_status":"closed","template":"","meta":[],"product_brand":[],"product_cat":[19],"product_tag":[209,152],"class_list":{"0":"post-6979","1":"product","2":"type-product","3":"status-publish","4":"has-post-thumbnail","6":"product_cat-pack-educacional","7":"product_tag-4o-e-5o-ano","8":"product_tag-fund-1","10":"first","11":"instock","12":"featured","13":"shipping-taxable","14":"purchasable","15":"product-type-simple"},"_links":{"self":[{"href":"https:\/\/acsi.com.br\/lojavirtual\/wp-json\/wp\/v2\/product\/6979","targetHints":{"allow":["GET"]}}],"collection":[{"href":"https:\/\/acsi.com.br\/lojavirtual\/wp-json\/wp\/v2\/product"}],"about":[{"href":"https:\/\/acsi.com.br\/lojavirtual\/wp-json\/wp\/v2\/types\/product"}],"replies":[{"embeddable":true,"href":"https:\/\/acsi.com.br\/lojavirtual\/wp-json\/wp\/v2\/comments?post=6979"}],"version-history":[{"count":1,"href":"https:\/\/acsi.com.br\/lojavirtual\/wp-json\/wp\/v2\/product\/6979\/revisions"}],"predecessor-version":[{"id":6981,"href":"https:\/\/acsi.com.br\/lojavirtual\/wp-json\/wp\/v2\/product\/6979\/revisions\/6981"}],"wp:featuredmedia":[{"embeddable":true,"href":"https:\/\/acsi.com.br\/lojavirtual\/wp-json\/wp\/v2\/media\/6980"}],"wp:attachment":[{"href":"https:\/\/acsi.com.br\/lojavirtual\/wp-json\/wp\/v2\/media?parent=6979"}],"wp:term":[{"taxonomy":"product_brand","embeddable":true,"href":"https:\/\/acsi.com.br\/lojavirtual\/wp-json\/wp\/v2\/product_brand?post=6979"},{"taxonomy":"product_cat","embeddable":true,"href":"https:\/\/acsi.com.br\/lojavirtual\/wp-json\/wp\/v2\/product_cat?post=6979"},{"taxonomy":"product_tag","embeddable":true,"href":"https:\/\/acsi.com.br\/lojavirtual\/wp-json\/wp\/v2\/product_tag?post=6979"}],"curies":[{"name":"wp","href":"https:\/\/api.w.org\/{rel}","templated":true}]}}