{"id":6975,"date":"2025-09-18T16:53:19","date_gmt":"2025-09-18T19:53:19","guid":{"rendered":"https:\/\/acsi.com.br\/lojavirtual\/?post_type=product&#038;p=6975"},"modified":"2026-04-16T20:57:29","modified_gmt":"2026-04-16T23:57:29","slug":"deus-me-criou-vou-proteger-meu-corpo-kit-aluno-e-professor","status":"publish","type":"product","link":"https:\/\/acsi.com.br\/lojavirtual\/produto\/deus-me-criou-vou-proteger-meu-corpo-kit-aluno-e-professor\/","title":{"rendered":"Deus me Criou &#8211; Vou Proteger Meu Corpo (Kit aluno e professor)"},"content":{"rendered":"<p>O Kit do Professor cont\u00e9m: 01 revista para Pais e Professores e 01 Envelope do Aluno. Perfeito para ensinar \u00e0s crian\u00e7as sobre a import\u00e2ncia de cuidar do pr\u00f3prio corpo. O formato vers\u00e1til permite revezamento nos momentos propostos (circuitos). Planeje em conjunto com as fam\u00edlias ou use em projetos sociais, adaptando conforme a disponibilidade das crian\u00e7as, fam\u00edlias e educadores.<\/p>\n","protected":false},"excerpt":{"rendered":"<p>O Kit do Professor cont\u00e9m: 01 revista para Pais e Professores e 01 Envelope do Aluno. Perfeito para ensinar \u00e0s crian\u00e7as sobre a import\u00e2ncia de cuidar do pr\u00f3prio corpo. O formato vers\u00e1til permite revezamento nos momentos propostos (circuitos). Planeje em conjunto com as fam\u00edlias ou use em projetos sociais, adaptando conforme a disponibilidade das crian\u00e7as, fam\u00edlias e educadores.<\/p>\n","protected":false},"featured_media":6976,"comment_status":"closed","ping_status":"closed","template":"","meta":[],"product_brand":[],"product_cat":[22],"product_tag":[211],"class_list":{"0":"post-6975","1":"product","2":"type-product","3":"status-publish","4":"has-post-thumbnail","6":"product_cat-crista-evangelica","7":"product_tag-ed-infantil-ao-5o-ano","9":"first","10":"outofstock","11":"shipping-taxable","12":"purchasable","13":"product-type-simple"},"_links":{"self":[{"href":"https:\/\/acsi.com.br\/lojavirtual\/wp-json\/wp\/v2\/product\/6975","targetHints":{"allow":["GET"]}}],"collection":[{"href":"https:\/\/acsi.com.br\/lojavirtual\/wp-json\/wp\/v2\/product"}],"about":[{"href":"https:\/\/acsi.com.br\/lojavirtual\/wp-json\/wp\/v2\/types\/product"}],"replies":[{"embeddable":true,"href":"https:\/\/acsi.com.br\/lojavirtual\/wp-json\/wp\/v2\/comments?post=6975"}],"version-history":[{"count":1,"href":"https:\/\/acsi.com.br\/lojavirtual\/wp-json\/wp\/v2\/product\/6975\/revisions"}],"predecessor-version":[{"id":6977,"href":"https:\/\/acsi.com.br\/lojavirtual\/wp-json\/wp\/v2\/product\/6975\/revisions\/6977"}],"wp:featuredmedia":[{"embeddable":true,"href":"https:\/\/acsi.com.br\/lojavirtual\/wp-json\/wp\/v2\/media\/6976"}],"wp:attachment":[{"href":"https:\/\/acsi.com.br\/lojavirtual\/wp-json\/wp\/v2\/media?parent=6975"}],"wp:term":[{"taxonomy":"product_brand","embeddable":true,"href":"https:\/\/acsi.com.br\/lojavirtual\/wp-json\/wp\/v2\/product_brand?post=6975"},{"taxonomy":"product_cat","embeddable":true,"href":"https:\/\/acsi.com.br\/lojavirtual\/wp-json\/wp\/v2\/product_cat?post=6975"},{"taxonomy":"product_tag","embeddable":true,"href":"https:\/\/acsi.com.br\/lojavirtual\/wp-json\/wp\/v2\/product_tag?post=6975"}],"curies":[{"name":"wp","href":"https:\/\/api.w.org\/{rel}","templated":true}]}}