{"id":6971,"date":"2025-09-18T16:05:48","date_gmt":"2025-09-18T19:05:48","guid":{"rendered":"https:\/\/acsi.com.br\/lojavirtual\/?post_type=product&#038;p=6971"},"modified":"2026-04-16T20:57:29","modified_gmt":"2026-04-16T23:57:29","slug":"evangelho-para-criancas","status":"publish","type":"product","link":"https:\/\/acsi.com.br\/lojavirtual\/produto\/evangelho-para-criancas\/","title":{"rendered":"Evangelho para Crian\u00e7as"},"content":{"rendered":"<p>Este livro apresenta-se como uma excelente ajuda a fim de ensinar aos pequeninos os fundamentos do evangelho. De uma maneira simples e direta, ele exp\u00f5e as verdades a respeito de Deus, da B\u00edblia, do pecado, de Jesus e da necessidade de arrependimento e f\u00e9, bem como a import\u00e2ncia de se calcular o custo de enfrentar a vida crist\u00e3. Possui uma linguagem vibrante para as crian\u00e7as &#8211; e at\u00e9 para os adultos &#8211; proporcionando-lhes grandes benef\u00edcios em seu estudo.<\/p>\n","protected":false},"excerpt":{"rendered":"<p>Este livro apresenta-se como uma excelente ajuda a fim de ensinar aos pequeninos os fundamentos do evangelho. De uma maneira simples e direta, ele exp\u00f5e as verdades a respeito de Deus, da B\u00edblia, do pecado, de Jesus e da necessidade de arrependimento e f\u00e9, bem como a import\u00e2ncia de se calcular o custo de enfrentar a vida crist\u00e3. Possui uma linguagem vibrante para as crian\u00e7as &#8211; e at\u00e9 para os adultos &#8211; proporcionando-lhes grandes benef\u00edcios em seu estudo.<\/p>\n","protected":false},"featured_media":6973,"comment_status":"closed","ping_status":"closed","template":"","meta":[],"product_brand":[],"product_cat":[20],"product_tag":[211],"class_list":{"0":"post-6971","1":"product","2":"type-product","3":"status-publish","4":"has-post-thumbnail","6":"product_cat-editora-fiel","7":"product_tag-ed-infantil-ao-5o-ano","9":"first","10":"outofstock","11":"shipping-taxable","12":"purchasable","13":"product-type-simple"},"_links":{"self":[{"href":"https:\/\/acsi.com.br\/lojavirtual\/wp-json\/wp\/v2\/product\/6971","targetHints":{"allow":["GET"]}}],"collection":[{"href":"https:\/\/acsi.com.br\/lojavirtual\/wp-json\/wp\/v2\/product"}],"about":[{"href":"https:\/\/acsi.com.br\/lojavirtual\/wp-json\/wp\/v2\/types\/product"}],"replies":[{"embeddable":true,"href":"https:\/\/acsi.com.br\/lojavirtual\/wp-json\/wp\/v2\/comments?post=6971"}],"version-history":[{"count":1,"href":"https:\/\/acsi.com.br\/lojavirtual\/wp-json\/wp\/v2\/product\/6971\/revisions"}],"predecessor-version":[{"id":6974,"href":"https:\/\/acsi.com.br\/lojavirtual\/wp-json\/wp\/v2\/product\/6971\/revisions\/6974"}],"wp:featuredmedia":[{"embeddable":true,"href":"https:\/\/acsi.com.br\/lojavirtual\/wp-json\/wp\/v2\/media\/6973"}],"wp:attachment":[{"href":"https:\/\/acsi.com.br\/lojavirtual\/wp-json\/wp\/v2\/media?parent=6971"}],"wp:term":[{"taxonomy":"product_brand","embeddable":true,"href":"https:\/\/acsi.com.br\/lojavirtual\/wp-json\/wp\/v2\/product_brand?post=6971"},{"taxonomy":"product_cat","embeddable":true,"href":"https:\/\/acsi.com.br\/lojavirtual\/wp-json\/wp\/v2\/product_cat?post=6971"},{"taxonomy":"product_tag","embeddable":true,"href":"https:\/\/acsi.com.br\/lojavirtual\/wp-json\/wp\/v2\/product_tag?post=6971"}],"curies":[{"name":"wp","href":"https:\/\/api.w.org\/{rel}","templated":true}]}}