{"id":690,"date":"2023-08-09T21:23:32","date_gmt":"2023-08-09T21:23:32","guid":{"rendered":"https:\/\/acsi.com.br\/lojavirtual\/?post_type=product&#038;p=690"},"modified":"2026-04-16T20:58:40","modified_gmt":"2026-04-16T23:58:40","slug":"o-presente-de-noel-bilingue-portugues-e-espanhol","status":"publish","type":"product","link":"https:\/\/acsi.com.br\/lojavirtual\/produto\/o-presente-de-noel-bilingue-portugues-e-espanhol\/","title":{"rendered":"O Presente de Noel &#8211; Bil\u00edngue &#8211; Portugu\u00eas e espanhol"},"content":{"rendered":"<p>Quando o natal se aproxima, Noel come\u00e7a a se preocupar com o seu presente. Ser\u00e1 que este ano vai ser diferente? Descubra, neste livro, que une o portugu\u00eas e o espanhol, qual ser\u00e1 o melhor presente para Noel e se encante com esta linda hist\u00f3ria!<\/p>\n","protected":false},"excerpt":{"rendered":"<p>Quando o natal se aproxima, Noel come\u00e7a a se preocupar com o seu presente. Ser\u00e1 que este ano vai ser diferente? Descubra, neste livro, que une o portugu\u00eas e o espanhol, qual ser\u00e1 o melhor presente para Noel e se encante com esta linda hist\u00f3ria!<\/p>\n","protected":false},"featured_media":691,"comment_status":"closed","ping_status":"closed","template":"","meta":[],"product_brand":[],"product_cat":[34],"product_tag":[137,152],"class_list":{"0":"post-690","1":"product","2":"type-product","3":"status-publish","4":"has-post-thumbnail","6":"product_cat-editora-cores-e-valores","7":"product_tag-ate-3o-ano","8":"product_tag-fund-1","10":"first","11":"outofstock","12":"shipping-taxable","13":"purchasable","14":"product-type-simple"},"_links":{"self":[{"href":"https:\/\/acsi.com.br\/lojavirtual\/wp-json\/wp\/v2\/product\/690","targetHints":{"allow":["GET"]}}],"collection":[{"href":"https:\/\/acsi.com.br\/lojavirtual\/wp-json\/wp\/v2\/product"}],"about":[{"href":"https:\/\/acsi.com.br\/lojavirtual\/wp-json\/wp\/v2\/types\/product"}],"replies":[{"embeddable":true,"href":"https:\/\/acsi.com.br\/lojavirtual\/wp-json\/wp\/v2\/comments?post=690"}],"version-history":[{"count":1,"href":"https:\/\/acsi.com.br\/lojavirtual\/wp-json\/wp\/v2\/product\/690\/revisions"}],"predecessor-version":[{"id":692,"href":"https:\/\/acsi.com.br\/lojavirtual\/wp-json\/wp\/v2\/product\/690\/revisions\/692"}],"wp:featuredmedia":[{"embeddable":true,"href":"https:\/\/acsi.com.br\/lojavirtual\/wp-json\/wp\/v2\/media\/691"}],"wp:attachment":[{"href":"https:\/\/acsi.com.br\/lojavirtual\/wp-json\/wp\/v2\/media?parent=690"}],"wp:term":[{"taxonomy":"product_brand","embeddable":true,"href":"https:\/\/acsi.com.br\/lojavirtual\/wp-json\/wp\/v2\/product_brand?post=690"},{"taxonomy":"product_cat","embeddable":true,"href":"https:\/\/acsi.com.br\/lojavirtual\/wp-json\/wp\/v2\/product_cat?post=690"},{"taxonomy":"product_tag","embeddable":true,"href":"https:\/\/acsi.com.br\/lojavirtual\/wp-json\/wp\/v2\/product_tag?post=690"}],"curies":[{"name":"wp","href":"https:\/\/api.w.org\/{rel}","templated":true}]}}