{"id":69,"date":"2023-06-23T19:06:05","date_gmt":"2023-06-23T19:06:05","guid":{"rendered":"https:\/\/acsi.com.br\/lojavirtual\/?post_type=product&#038;p=69"},"modified":"2026-05-04T06:07:16","modified_gmt":"2026-05-04T09:07:16","slug":"a-casa-equilibrada","status":"publish","type":"product","link":"https:\/\/acsi.com.br\/lojavirtual\/produto\/a-casa-equilibrada\/","title":{"rendered":"A Casa Equilibrada"},"content":{"rendered":"<p>Era uma vez uma casa que vivia equilibrada no alto de um morro. Seu equil\u00edbrio era perfeito por causa da fam\u00edlia que morava ali. Conhe\u00e7a essa casa divertida e essa fam\u00edlia equilibrada. Uma divertida hist\u00f3ria que trata sobre fam\u00edlia, harmonia, coopera\u00e7\u00e3o, supera\u00e7\u00e3o e equil\u00edbrio.<\/p>\n","protected":false},"excerpt":{"rendered":"<p>Era uma vez uma casa que vivia equilibrada no alto de um morro. Seu equil\u00edbrio era perfeito por causa da fam\u00edlia que morava ali. Conhe\u00e7a essa casa divertida e essa fam\u00edlia equilibrada. Uma divertida hist\u00f3ria que trata sobre fam\u00edlia, harmonia, coopera\u00e7\u00e3o, supera\u00e7\u00e3o e equil\u00edbrio.<\/p>\n","protected":false},"featured_media":755,"comment_status":"closed","ping_status":"closed","template":"","meta":[],"product_brand":[],"product_cat":[18],"product_tag":[137,152],"class_list":{"0":"post-69","1":"product","2":"type-product","3":"status-publish","4":"has-post-thumbnail","6":"product_cat-debs-editora","7":"product_tag-ate-3o-ano","8":"product_tag-fund-1","10":"first","11":"instock","12":"shipping-taxable","13":"purchasable","14":"product-type-simple"},"_links":{"self":[{"href":"https:\/\/acsi.com.br\/lojavirtual\/wp-json\/wp\/v2\/product\/69","targetHints":{"allow":["GET"]}}],"collection":[{"href":"https:\/\/acsi.com.br\/lojavirtual\/wp-json\/wp\/v2\/product"}],"about":[{"href":"https:\/\/acsi.com.br\/lojavirtual\/wp-json\/wp\/v2\/types\/product"}],"replies":[{"embeddable":true,"href":"https:\/\/acsi.com.br\/lojavirtual\/wp-json\/wp\/v2\/comments?post=69"}],"version-history":[{"count":2,"href":"https:\/\/acsi.com.br\/lojavirtual\/wp-json\/wp\/v2\/product\/69\/revisions"}],"predecessor-version":[{"id":245,"href":"https:\/\/acsi.com.br\/lojavirtual\/wp-json\/wp\/v2\/product\/69\/revisions\/245"}],"wp:featuredmedia":[{"embeddable":true,"href":"https:\/\/acsi.com.br\/lojavirtual\/wp-json\/wp\/v2\/media\/755"}],"wp:attachment":[{"href":"https:\/\/acsi.com.br\/lojavirtual\/wp-json\/wp\/v2\/media?parent=69"}],"wp:term":[{"taxonomy":"product_brand","embeddable":true,"href":"https:\/\/acsi.com.br\/lojavirtual\/wp-json\/wp\/v2\/product_brand?post=69"},{"taxonomy":"product_cat","embeddable":true,"href":"https:\/\/acsi.com.br\/lojavirtual\/wp-json\/wp\/v2\/product_cat?post=69"},{"taxonomy":"product_tag","embeddable":true,"href":"https:\/\/acsi.com.br\/lojavirtual\/wp-json\/wp\/v2\/product_tag?post=69"}],"curies":[{"name":"wp","href":"https:\/\/api.w.org\/{rel}","templated":true}]}}