{"id":6884,"date":"2025-08-22T12:42:57","date_gmt":"2025-08-22T15:42:57","guid":{"rendered":"https:\/\/acsi.com.br\/lojavirtual\/?post_type=product&#038;p=6884"},"modified":"2026-04-29T21:48:32","modified_gmt":"2026-04-30T00:48:32","slug":"o-semeador-de-virtudes","status":"publish","type":"product","link":"https:\/\/acsi.com.br\/lojavirtual\/produto\/o-semeador-de-virtudes\/","title":{"rendered":"O Semeador de Virtudes"},"content":{"rendered":"<p>Rhavel, um jovem logosiano, parte em uma jornada mission\u00e1ria para propagar a sabedoria de seu povo a diversas regi\u00f5es de Mundhen. Nessa aventura empolgante, sua perseveran\u00e7a, voca\u00e7\u00e3o e f\u00e9 ser\u00e3o provadas a cada investida para semear as virtudes que regem sua vida. O semeador \u00e9 digno de colher os frutos de seu trabalho, mas ser\u00e1 que Rhavel viver\u00e1 essa experi\u00eancia?<\/p>\n","protected":false},"excerpt":{"rendered":"<p>Rhavel, um jovem logosiano, parte em uma jornada mission\u00e1ria para propagar a sabedoria de seu povo a diversas regi\u00f5es de Mundhen. Nessa aventura empolgante, sua perseveran\u00e7a, voca\u00e7\u00e3o e f\u00e9 ser\u00e3o provadas a cada investida para semear as virtudes que regem sua vida. O semeador \u00e9 digno de colher os frutos de seu trabalho, mas ser\u00e1 que Rhavel viver\u00e1 essa experi\u00eancia?<\/p>\n","protected":false},"featured_media":6885,"comment_status":"closed","ping_status":"closed","template":"","meta":[],"product_brand":[],"product_cat":[27],"product_tag":[],"class_list":{"0":"post-6884","1":"product","2":"type-product","3":"status-publish","4":"has-post-thumbnail","6":"product_cat-editora-vida","8":"first","9":"instock","10":"shipping-taxable","11":"purchasable","12":"product-type-simple"},"_links":{"self":[{"href":"https:\/\/acsi.com.br\/lojavirtual\/wp-json\/wp\/v2\/product\/6884","targetHints":{"allow":["GET"]}}],"collection":[{"href":"https:\/\/acsi.com.br\/lojavirtual\/wp-json\/wp\/v2\/product"}],"about":[{"href":"https:\/\/acsi.com.br\/lojavirtual\/wp-json\/wp\/v2\/types\/product"}],"replies":[{"embeddable":true,"href":"https:\/\/acsi.com.br\/lojavirtual\/wp-json\/wp\/v2\/comments?post=6884"}],"version-history":[{"count":1,"href":"https:\/\/acsi.com.br\/lojavirtual\/wp-json\/wp\/v2\/product\/6884\/revisions"}],"predecessor-version":[{"id":6886,"href":"https:\/\/acsi.com.br\/lojavirtual\/wp-json\/wp\/v2\/product\/6884\/revisions\/6886"}],"wp:featuredmedia":[{"embeddable":true,"href":"https:\/\/acsi.com.br\/lojavirtual\/wp-json\/wp\/v2\/media\/6885"}],"wp:attachment":[{"href":"https:\/\/acsi.com.br\/lojavirtual\/wp-json\/wp\/v2\/media?parent=6884"}],"wp:term":[{"taxonomy":"product_brand","embeddable":true,"href":"https:\/\/acsi.com.br\/lojavirtual\/wp-json\/wp\/v2\/product_brand?post=6884"},{"taxonomy":"product_cat","embeddable":true,"href":"https:\/\/acsi.com.br\/lojavirtual\/wp-json\/wp\/v2\/product_cat?post=6884"},{"taxonomy":"product_tag","embeddable":true,"href":"https:\/\/acsi.com.br\/lojavirtual\/wp-json\/wp\/v2\/product_tag?post=6884"}],"curies":[{"name":"wp","href":"https:\/\/api.w.org\/{rel}","templated":true}]}}