{"id":687,"date":"2023-08-09T21:22:02","date_gmt":"2023-08-09T21:22:02","guid":{"rendered":"https:\/\/acsi.com.br\/lojavirtual\/?post_type=product&#038;p=687"},"modified":"2026-04-16T20:58:40","modified_gmt":"2026-04-16T23:58:40","slug":"feijao-e-as-nuvens-de-algodao","status":"publish","type":"product","link":"https:\/\/acsi.com.br\/lojavirtual\/produto\/feijao-e-as-nuvens-de-algodao\/","title":{"rendered":"Feij\u00e3o e as nuvens de algod\u00e3o"},"content":{"rendered":"<p>Esta \u00e9 a hist\u00f3ria de Feij\u00e3o, um cachorro que vive com a cabe\u00e7a nas nuvens. E ele imagina coisas fant\u00e1sticas: drag\u00f5es, coelhos, comida e at\u00e9 um prato de feijoada. Ele tem um grande sonho. Por\u00e9m, uma situa\u00e7\u00e3o o deixa desanimado&#8230;<\/p>\n<p>At\u00e9 ele encontrar um grande amigo. Ser\u00e1 que essa linda amizade far\u00e1 com que Feij\u00e3o finalmente realize seu sonho com as nuvens de algod\u00e3o?<\/p>\n","protected":false},"excerpt":{"rendered":"<p>Esta \u00e9 a hist\u00f3ria de Feij\u00e3o, um cachorro que vive com a cabe\u00e7a nas nuvens. E ele imagina coisas fant\u00e1sticas: drag\u00f5es, coelhos, comida e at\u00e9 um prato de feijoada. Ele tem um grande sonho. Por\u00e9m, uma situa\u00e7\u00e3o o deixa desanimado&#8230;<\/p>\n<p>At\u00e9 ele encontrar um grande amigo. Ser\u00e1 que essa linda amizade far\u00e1 com que Feij\u00e3o finalmente realize seu sonho com as nuvens de algod\u00e3o?<\/p>\n","protected":false},"featured_media":688,"comment_status":"closed","ping_status":"closed","template":"","meta":[],"product_brand":[],"product_cat":[34],"product_tag":[136,152],"class_list":{"0":"post-687","1":"product","2":"type-product","3":"status-publish","4":"has-post-thumbnail","6":"product_cat-editora-cores-e-valores","7":"product_tag-ate-2o-ano","8":"product_tag-fund-1","10":"first","11":"outofstock","12":"shipping-taxable","13":"purchasable","14":"product-type-simple"},"_links":{"self":[{"href":"https:\/\/acsi.com.br\/lojavirtual\/wp-json\/wp\/v2\/product\/687","targetHints":{"allow":["GET"]}}],"collection":[{"href":"https:\/\/acsi.com.br\/lojavirtual\/wp-json\/wp\/v2\/product"}],"about":[{"href":"https:\/\/acsi.com.br\/lojavirtual\/wp-json\/wp\/v2\/types\/product"}],"replies":[{"embeddable":true,"href":"https:\/\/acsi.com.br\/lojavirtual\/wp-json\/wp\/v2\/comments?post=687"}],"version-history":[{"count":1,"href":"https:\/\/acsi.com.br\/lojavirtual\/wp-json\/wp\/v2\/product\/687\/revisions"}],"predecessor-version":[{"id":689,"href":"https:\/\/acsi.com.br\/lojavirtual\/wp-json\/wp\/v2\/product\/687\/revisions\/689"}],"wp:featuredmedia":[{"embeddable":true,"href":"https:\/\/acsi.com.br\/lojavirtual\/wp-json\/wp\/v2\/media\/688"}],"wp:attachment":[{"href":"https:\/\/acsi.com.br\/lojavirtual\/wp-json\/wp\/v2\/media?parent=687"}],"wp:term":[{"taxonomy":"product_brand","embeddable":true,"href":"https:\/\/acsi.com.br\/lojavirtual\/wp-json\/wp\/v2\/product_brand?post=687"},{"taxonomy":"product_cat","embeddable":true,"href":"https:\/\/acsi.com.br\/lojavirtual\/wp-json\/wp\/v2\/product_cat?post=687"},{"taxonomy":"product_tag","embeddable":true,"href":"https:\/\/acsi.com.br\/lojavirtual\/wp-json\/wp\/v2\/product_tag?post=687"}],"curies":[{"name":"wp","href":"https:\/\/api.w.org\/{rel}","templated":true}]}}