{"id":6766,"date":"2025-07-22T10:05:56","date_gmt":"2025-07-22T13:05:56","guid":{"rendered":"https:\/\/acsi.com.br\/lojavirtual\/?post_type=product&#038;p=6766"},"modified":"2026-04-16T20:57:29","modified_gmt":"2026-04-16T23:57:29","slug":"voce-educa-de-acordo-com-o-que-adora-2a-edicao","status":"publish","type":"product","link":"https:\/\/acsi.com.br\/lojavirtual\/produto\/voce-educa-de-acordo-com-o-que-adora-2a-edicao\/","title":{"rendered":"Voc\u00ea educa de acordo com o que adora &#8211; 2\u00aa Edi\u00e7\u00e3o"},"content":{"rendered":"<p>A educa\u00e7\u00e3o crist\u00e3 escolar costuma sofrer algumas cr\u00edticas. Uma delas, talvez a principal, \u00e9 a de que ela tenta unir duas coisas que deveriam permanecer separadas: educa\u00e7\u00e3o e religi\u00e3o. Neste livreto, o autor argumenta que educa\u00e7\u00e3o e religi\u00e3o est\u00e3o sempre juntas, e que o projeto de educa\u00e7\u00e3o crist\u00e3 escolar apenas reconhece isso. Pais, professores, pastores, e quaisquer pessoas interessadas na rela\u00e7\u00e3o entre educa\u00e7\u00e3o e religi\u00e3o podem valer-se deste texto curto, mas que trata de um assunto t\u00e3o fundamental.<\/p>\n","protected":false},"excerpt":{"rendered":"<p>A educa\u00e7\u00e3o crist\u00e3 escolar costuma sofrer algumas cr\u00edticas. Uma delas, talvez a principal, \u00e9 a de que ela tenta unir duas coisas que deveriam permanecer separadas: educa\u00e7\u00e3o e religi\u00e3o. Neste livreto, o autor argumenta que educa\u00e7\u00e3o e religi\u00e3o est\u00e3o sempre juntas, e que o projeto de educa\u00e7\u00e3o crist\u00e3 escolar apenas reconhece isso. Pais, professores, pastores, e quaisquer pessoas interessadas na rela\u00e7\u00e3o entre educa\u00e7\u00e3o e religi\u00e3o podem valer-se deste texto curto, mas que trata de um assunto t\u00e3o fundamental.<\/p>\n","protected":false},"featured_media":6768,"comment_status":"closed","ping_status":"closed","template":"","meta":[],"product_brand":[],"product_cat":[20,154],"product_tag":[],"class_list":{"0":"post-6766","1":"product","2":"type-product","3":"status-publish","4":"has-post-thumbnail","6":"product_cat-editora-fiel","7":"product_cat-formacao-profissional","9":"first","10":"outofstock","11":"shipping-taxable","12":"purchasable","13":"product-type-simple"},"_links":{"self":[{"href":"https:\/\/acsi.com.br\/lojavirtual\/wp-json\/wp\/v2\/product\/6766","targetHints":{"allow":["GET"]}}],"collection":[{"href":"https:\/\/acsi.com.br\/lojavirtual\/wp-json\/wp\/v2\/product"}],"about":[{"href":"https:\/\/acsi.com.br\/lojavirtual\/wp-json\/wp\/v2\/types\/product"}],"replies":[{"embeddable":true,"href":"https:\/\/acsi.com.br\/lojavirtual\/wp-json\/wp\/v2\/comments?post=6766"}],"version-history":[{"count":1,"href":"https:\/\/acsi.com.br\/lojavirtual\/wp-json\/wp\/v2\/product\/6766\/revisions"}],"predecessor-version":[{"id":6769,"href":"https:\/\/acsi.com.br\/lojavirtual\/wp-json\/wp\/v2\/product\/6766\/revisions\/6769"}],"wp:featuredmedia":[{"embeddable":true,"href":"https:\/\/acsi.com.br\/lojavirtual\/wp-json\/wp\/v2\/media\/6768"}],"wp:attachment":[{"href":"https:\/\/acsi.com.br\/lojavirtual\/wp-json\/wp\/v2\/media?parent=6766"}],"wp:term":[{"taxonomy":"product_brand","embeddable":true,"href":"https:\/\/acsi.com.br\/lojavirtual\/wp-json\/wp\/v2\/product_brand?post=6766"},{"taxonomy":"product_cat","embeddable":true,"href":"https:\/\/acsi.com.br\/lojavirtual\/wp-json\/wp\/v2\/product_cat?post=6766"},{"taxonomy":"product_tag","embeddable":true,"href":"https:\/\/acsi.com.br\/lojavirtual\/wp-json\/wp\/v2\/product_tag?post=6766"}],"curies":[{"name":"wp","href":"https:\/\/api.w.org\/{rel}","templated":true}]}}