{"id":657,"date":"2023-08-09T19:25:09","date_gmt":"2023-08-09T19:25:09","guid":{"rendered":"https:\/\/acsi.com.br\/lojavirtual\/?post_type=product&#038;p=657"},"modified":"2026-04-16T20:58:40","modified_gmt":"2026-04-16T23:58:40","slug":"lembrancas-de-molly","status":"publish","type":"product","link":"https:\/\/acsi.com.br\/lojavirtual\/produto\/lembrancas-de-molly\/","title":{"rendered":"Lembran\u00e7as de Molly"},"content":{"rendered":"<p>Molly convida voc\u00ea para conhecer um pouco de sua hist\u00f3ria e suas aventuras. Como \u00e9 viver<br \/>\nsozinha e sem algu\u00e9m para compartilhar seus dias&#8230;<br \/>\nMas ser\u00e1 que Molly encontrou uma fam\u00edlia?<br \/>\nE se encontrou? Que diferen\u00e7a isso fez em sua vida?<br \/>\nDescubra em as \u201cLembran\u00e7as de Molly\u201d como \u00e9 incr\u00edvel aprender a viver com algu\u00e9m que se<br \/>\nimporta e que sempre estar\u00e1 presente em todos os momentos.<br \/>\nDesvende o segredo de uma linda amizade junto com a Molly!<\/p>\n","protected":false},"excerpt":{"rendered":"<p>Molly convida voc\u00ea para conhecer um pouco de sua hist\u00f3ria e suas aventuras. Como \u00e9 viver<br \/>\nsozinha e sem algu\u00e9m para compartilhar seus dias&#8230;<br \/>\nMas ser\u00e1 que Molly encontrou uma fam\u00edlia?<br \/>\nE se encontrou? Que diferen\u00e7a isso fez em sua vida?<br \/>\nDescubra em as \u201cLembran\u00e7as de Molly\u201d como \u00e9 incr\u00edvel aprender a viver com algu\u00e9m que se<br \/>\nimporta e que sempre estar\u00e1 presente em todos os momentos.<br \/>\nDesvende o segredo de uma linda amizade junto com a Molly!<\/p>\n","protected":false},"featured_media":658,"comment_status":"closed","ping_status":"closed","template":"","meta":[],"product_brand":[],"product_cat":[34],"product_tag":[137,152],"class_list":{"0":"post-657","1":"product","2":"type-product","3":"status-publish","4":"has-post-thumbnail","6":"product_cat-editora-cores-e-valores","7":"product_tag-ate-3o-ano","8":"product_tag-fund-1","10":"first","11":"instock","12":"shipping-taxable","13":"purchasable","14":"product-type-simple"},"_links":{"self":[{"href":"https:\/\/acsi.com.br\/lojavirtual\/wp-json\/wp\/v2\/product\/657","targetHints":{"allow":["GET"]}}],"collection":[{"href":"https:\/\/acsi.com.br\/lojavirtual\/wp-json\/wp\/v2\/product"}],"about":[{"href":"https:\/\/acsi.com.br\/lojavirtual\/wp-json\/wp\/v2\/types\/product"}],"replies":[{"embeddable":true,"href":"https:\/\/acsi.com.br\/lojavirtual\/wp-json\/wp\/v2\/comments?post=657"}],"version-history":[{"count":2,"href":"https:\/\/acsi.com.br\/lojavirtual\/wp-json\/wp\/v2\/product\/657\/revisions"}],"predecessor-version":[{"id":2209,"href":"https:\/\/acsi.com.br\/lojavirtual\/wp-json\/wp\/v2\/product\/657\/revisions\/2209"}],"wp:featuredmedia":[{"embeddable":true,"href":"https:\/\/acsi.com.br\/lojavirtual\/wp-json\/wp\/v2\/media\/658"}],"wp:attachment":[{"href":"https:\/\/acsi.com.br\/lojavirtual\/wp-json\/wp\/v2\/media?parent=657"}],"wp:term":[{"taxonomy":"product_brand","embeddable":true,"href":"https:\/\/acsi.com.br\/lojavirtual\/wp-json\/wp\/v2\/product_brand?post=657"},{"taxonomy":"product_cat","embeddable":true,"href":"https:\/\/acsi.com.br\/lojavirtual\/wp-json\/wp\/v2\/product_cat?post=657"},{"taxonomy":"product_tag","embeddable":true,"href":"https:\/\/acsi.com.br\/lojavirtual\/wp-json\/wp\/v2\/product_tag?post=657"}],"curies":[{"name":"wp","href":"https:\/\/api.w.org\/{rel}","templated":true}]}}