{"id":6542,"date":"2025-05-02T10:06:12","date_gmt":"2025-05-02T13:06:12","guid":{"rendered":"https:\/\/acsi.com.br\/lojavirtual\/?post_type=product&#038;p=6542"},"modified":"2025-05-12T16:37:25","modified_gmt":"2025-05-12T19:37:25","slug":"mulheres-que-caminham-juntas","status":"publish","type":"product","link":"https:\/\/acsi.com.br\/lojavirtual\/produto\/mulheres-que-caminham-juntas\/","title":{"rendered":"Mulheres que caminham juntas"},"content":{"rendered":"<h2>Este livro \u00e9 sobre a caminhada crist\u00e3.<\/h2>\n<p>Mas n\u00e3o \u00e9 sobre uma jornada solit\u00e1ria e mon\u00f3tona, e sim uma caminhada de mulheres que, a despeito das dificuldades e desafios da vida, buscam edificar umas \u00e0s outras com seus diferentes dons e talentos.<\/p>\n<p>A vida em comunh\u00e3o n\u00e3o \u00e9 f\u00e1cil. Requer disposi\u00e7\u00e3o para o amor sacrificial que aponta para Cristo, mas tamb\u00e9m se delicia nos banquetes das boas conversas e no repartir o peso das lutas da vida.<\/p>\n<p>Em Mulheres que caminham juntas, Ana Paula Araujo, Claudia Lotti, Laise Oliveira, Luciana Sborowski, Nan\u00e1 Castilho, N\u00e1talie Campos, Prisca Mendon\u00e7a e Renata Gandolfo nos encorajam a perseverar na caminhada crist\u00e3, trazendo luz a d\u00favidas reais sobre servi\u00e7o, discipulado, ensino, aconselhamento, uso adequado das tecnologias, tudo isso no contexto da igreja local, al\u00e9m de outros assuntos relevantes.<\/p>\n<p>Caminharemos juntas com Cristo, o cabe\u00e7a da igreja, que nos capacitar\u00e1 para toda boa obra rumo \u00e0 edifica\u00e7\u00e3o do corpo para gl\u00f3ria de Deus.<\/p>\n<p><strong>Vamos juntas?<\/strong><\/p>\n","protected":false},"excerpt":{"rendered":"<h2>Este livro \u00e9 sobre a caminhada crist\u00e3.<\/h2>\n<p>Mas n\u00e3o \u00e9 sobre uma jornada solit\u00e1ria e mon\u00f3tona, e sim uma caminhada de mulheres que, a despeito das dificuldades e desafios da vida, buscam edificar umas \u00e0s outras com seus diferentes dons e talentos.<\/p>\n<p>A vida em comunh\u00e3o n\u00e3o \u00e9 f\u00e1cil. Requer disposi\u00e7\u00e3o para o amor sacrificial que aponta para Cristo, mas tamb\u00e9m se delicia nos banquetes das boas conversas e no repartir o peso das lutas da vida.<\/p>\n<p>Em Mulheres que caminham juntas, Ana Paula Araujo, Claudia Lotti, Laise Oliveira, Luciana Sborowski, Nan\u00e1 Castilho, N\u00e1talie Campos, Prisca Mendon\u00e7a e Renata Gandolfo nos encorajam a perseverar na caminhada crist\u00e3, trazendo luz a d\u00favidas reais sobre servi\u00e7o, discipulado, ensino, aconselhamento, uso adequado das tecnologias, tudo isso no contexto da igreja local, al\u00e9m de outros assuntos relevantes.<\/p>\n<p>Caminharemos juntas com Cristo, o cabe\u00e7a da igreja, que nos capacitar\u00e1 para toda boa obra rumo \u00e0 edifica\u00e7\u00e3o do corpo para gl\u00f3ria de Deus.<\/p>\n<p><strong>Vamos juntas?<\/strong><\/p>\n","protected":false},"featured_media":6539,"comment_status":"open","ping_status":"closed","template":"","meta":[],"product_brand":[],"product_cat":[20,154],"product_tag":[],"class_list":{"0":"post-6542","1":"product","2":"type-product","3":"status-publish","4":"has-post-thumbnail","6":"product_cat-editora-fiel","7":"product_cat-formacao-profissional","9":"first","10":"outofstock","11":"featured","12":"shipping-taxable","13":"purchasable","14":"product-type-simple"},"_links":{"self":[{"href":"https:\/\/acsi.com.br\/lojavirtual\/wp-json\/wp\/v2\/product\/6542","targetHints":{"allow":["GET"]}}],"collection":[{"href":"https:\/\/acsi.com.br\/lojavirtual\/wp-json\/wp\/v2\/product"}],"about":[{"href":"https:\/\/acsi.com.br\/lojavirtual\/wp-json\/wp\/v2\/types\/product"}],"replies":[{"embeddable":true,"href":"https:\/\/acsi.com.br\/lojavirtual\/wp-json\/wp\/v2\/comments?post=6542"}],"version-history":[{"count":1,"href":"https:\/\/acsi.com.br\/lojavirtual\/wp-json\/wp\/v2\/product\/6542\/revisions"}],"predecessor-version":[{"id":6543,"href":"https:\/\/acsi.com.br\/lojavirtual\/wp-json\/wp\/v2\/product\/6542\/revisions\/6543"}],"wp:featuredmedia":[{"embeddable":true,"href":"https:\/\/acsi.com.br\/lojavirtual\/wp-json\/wp\/v2\/media\/6539"}],"wp:attachment":[{"href":"https:\/\/acsi.com.br\/lojavirtual\/wp-json\/wp\/v2\/media?parent=6542"}],"wp:term":[{"taxonomy":"product_brand","embeddable":true,"href":"https:\/\/acsi.com.br\/lojavirtual\/wp-json\/wp\/v2\/product_brand?post=6542"},{"taxonomy":"product_cat","embeddable":true,"href":"https:\/\/acsi.com.br\/lojavirtual\/wp-json\/wp\/v2\/product_cat?post=6542"},{"taxonomy":"product_tag","embeddable":true,"href":"https:\/\/acsi.com.br\/lojavirtual\/wp-json\/wp\/v2\/product_tag?post=6542"}],"curies":[{"name":"wp","href":"https:\/\/api.w.org\/{rel}","templated":true}]}}