{"id":6538,"date":"2025-05-02T09:58:54","date_gmt":"2025-05-02T12:58:54","guid":{"rendered":"https:\/\/acsi.com.br\/lojavirtual\/?post_type=product&#038;p=6538"},"modified":"2025-05-12T16:37:42","modified_gmt":"2025-05-12T19:37:42","slug":"toda-mulher-trabalha-sabedoria-aplicada-aos-dilemas","status":"publish","type":"product","link":"https:\/\/acsi.com.br\/lojavirtual\/produto\/toda-mulher-trabalha-sabedoria-aplicada-aos-dilemas\/","title":{"rendered":"Toda mulher trabalha: Sabedoria aplicada aos dilemas"},"content":{"rendered":"<p>Em &#8220;Toda mulher trabalha&#8221;, as autoras Nan\u00e1 Castillo e Claudia Lotti abordam, \u00c0 luz da Palavra de Deus, alguns dos principais dilemas enfrentados pela maioria das mulheres de hoje. As d\u00favidas s\u00e3o muitas e significativas j\u00e1 que envolvem fam\u00edlia, finan\u00e7as e tempo. Mas, afinal, o que Deus tem a dizer sobre o trabalho da mulher? Com bom humor e excelente teologia, Nan\u00e1 e Claudinha respondem a essa pergunta ao abordar o conceito e a pr\u00e1tica do trabalho, passando desde a Cria\u00e7\u00e3o at\u00e9 a Consuma\u00e7\u00e3o, e orientando a leitora a aplicar os princ\u00edpios b\u00edblicos ao seu contexto \u00fanico de vida. As autoras apontar\u00e3o as mulheres para Cristo, aquele que trabalhou perfeitamente em submiss\u00e3o e amor ao Pai, a fim de glorific\u00e1-lo acima de todas as coisas.<\/p>\n","protected":false},"excerpt":{"rendered":"<p>Em &#8220;Toda mulher trabalha&#8221;, as autoras Nan\u00e1 Castillo e Claudia Lotti abordam, \u00c0 luz da Palavra de Deus, alguns dos principais dilemas enfrentados pela maioria das mulheres de hoje. As d\u00favidas s\u00e3o muitas e significativas j\u00e1 que envolvem fam\u00edlia, finan\u00e7as e tempo. Mas, afinal, o que Deus tem a dizer sobre o trabalho da mulher? Com bom humor e excelente teologia, Nan\u00e1 e Claudinha respondem a essa pergunta ao abordar o conceito e a pr\u00e1tica do trabalho, passando desde a Cria\u00e7\u00e3o at\u00e9 a Consuma\u00e7\u00e3o, e orientando a leitora a aplicar os princ\u00edpios b\u00edblicos ao seu contexto \u00fanico de vida. As autoras apontar\u00e3o as mulheres para Cristo, aquele que trabalhou perfeitamente em submiss\u00e3o e amor ao Pai, a fim de glorific\u00e1-lo acima de todas as coisas.<\/p>\n","protected":false},"featured_media":6540,"comment_status":"open","ping_status":"closed","template":"","meta":[],"product_brand":[],"product_cat":[20,154],"product_tag":[],"class_list":{"0":"post-6538","1":"product","2":"type-product","3":"status-publish","4":"has-post-thumbnail","6":"product_cat-editora-fiel","7":"product_cat-formacao-profissional","9":"first","10":"outofstock","11":"featured","12":"shipping-taxable","13":"purchasable","14":"product-type-simple"},"_links":{"self":[{"href":"https:\/\/acsi.com.br\/lojavirtual\/wp-json\/wp\/v2\/product\/6538","targetHints":{"allow":["GET"]}}],"collection":[{"href":"https:\/\/acsi.com.br\/lojavirtual\/wp-json\/wp\/v2\/product"}],"about":[{"href":"https:\/\/acsi.com.br\/lojavirtual\/wp-json\/wp\/v2\/types\/product"}],"replies":[{"embeddable":true,"href":"https:\/\/acsi.com.br\/lojavirtual\/wp-json\/wp\/v2\/comments?post=6538"}],"version-history":[{"count":1,"href":"https:\/\/acsi.com.br\/lojavirtual\/wp-json\/wp\/v2\/product\/6538\/revisions"}],"predecessor-version":[{"id":6541,"href":"https:\/\/acsi.com.br\/lojavirtual\/wp-json\/wp\/v2\/product\/6538\/revisions\/6541"}],"wp:featuredmedia":[{"embeddable":true,"href":"https:\/\/acsi.com.br\/lojavirtual\/wp-json\/wp\/v2\/media\/6540"}],"wp:attachment":[{"href":"https:\/\/acsi.com.br\/lojavirtual\/wp-json\/wp\/v2\/media?parent=6538"}],"wp:term":[{"taxonomy":"product_brand","embeddable":true,"href":"https:\/\/acsi.com.br\/lojavirtual\/wp-json\/wp\/v2\/product_brand?post=6538"},{"taxonomy":"product_cat","embeddable":true,"href":"https:\/\/acsi.com.br\/lojavirtual\/wp-json\/wp\/v2\/product_cat?post=6538"},{"taxonomy":"product_tag","embeddable":true,"href":"https:\/\/acsi.com.br\/lojavirtual\/wp-json\/wp\/v2\/product_tag?post=6538"}],"curies":[{"name":"wp","href":"https:\/\/api.w.org\/{rel}","templated":true}]}}