{"id":651,"date":"2023-08-09T19:19:45","date_gmt":"2023-08-09T19:19:45","guid":{"rendered":"https:\/\/acsi.com.br\/lojavirtual\/?post_type=product&#038;p=651"},"modified":"2026-04-22T14:25:43","modified_gmt":"2026-04-22T17:25:43","slug":"o-espiao-fiel","status":"publish","type":"product","link":"https:\/\/acsi.com.br\/lojavirtual\/produto\/o-espiao-fiel\/","title":{"rendered":"O Espi\u00e3o Fiel"},"content":{"rendered":"<p>O Partido Nazista de Hitler fica cada dia mais forte e amea\u00e7ador. Dietrich Bonhoeffer, um pastor transtornado com a complac\u00eancia da igreja alem\u00e3 diante do sofrimento alheio, funda uma igreja dissidente para combater as autoridades pol\u00edticas e religiosas j\u00e1 estabelecidas. Quando o Partido Nazista baniu a igreja, Dietrich escapou como fugitivo. Assim, batalhando por reconciliar sua f\u00e9 com os ensinos da B\u00edblia e a agenda maligna dos nazistas, Bonhoeffer decide que Hitler precisa ser parado, custe o que custar.<\/p>\n<p>Com seu estilo de mesclar textos feitos \u00e0 m\u00e3o e arte, John Hendrix conta a verdadeira hist\u00f3ria de Dietrich Bonhoeffer, um pastor que faz o sacrif\u00edcio \u00faltimo para libertar o povo alem\u00e3o da opress\u00e3o advinda da Segunda Guerra Mundial.<\/p>\n","protected":false},"excerpt":{"rendered":"<p>O Partido Nazista de Hitler fica cada dia mais forte e amea\u00e7ador. Dietrich Bonhoeffer, um pastor transtornado com a complac\u00eancia da igreja alem\u00e3 diante do sofrimento alheio, funda uma igreja dissidente para combater as autoridades pol\u00edticas e religiosas j\u00e1 estabelecidas. Quando o Partido Nazista baniu a igreja, Dietrich escapou como fugitivo. Assim, batalhando por reconciliar sua f\u00e9 com os ensinos da B\u00edblia e a agenda maligna dos nazistas, Bonhoeffer decide que Hitler precisa ser parado, custe o que custar.<\/p>\n<p>Com seu estilo de mesclar textos feitos \u00e0 m\u00e3o e arte, John Hendrix conta a verdadeira hist\u00f3ria de Dietrich Bonhoeffer, um pastor que faz o sacrif\u00edcio \u00faltimo para libertar o povo alem\u00e3o da opress\u00e3o advinda da Segunda Guerra Mundial.<\/p>\n","protected":false},"featured_media":652,"comment_status":"closed","ping_status":"closed","template":"","meta":[],"product_brand":[],"product_cat":[33],"product_tag":[142,140,141],"class_list":{"0":"post-651","1":"product","2":"type-product","3":"status-publish","4":"has-post-thumbnail","6":"product_cat-editora-trinitas","7":"product_tag-ensino-medio","8":"product_tag-fund-2","9":"product_tag-fund-2-e-medio","11":"first","12":"instock","13":"shipping-taxable","14":"purchasable","15":"product-type-simple"},"_links":{"self":[{"href":"https:\/\/acsi.com.br\/lojavirtual\/wp-json\/wp\/v2\/product\/651","targetHints":{"allow":["GET"]}}],"collection":[{"href":"https:\/\/acsi.com.br\/lojavirtual\/wp-json\/wp\/v2\/product"}],"about":[{"href":"https:\/\/acsi.com.br\/lojavirtual\/wp-json\/wp\/v2\/types\/product"}],"replies":[{"embeddable":true,"href":"https:\/\/acsi.com.br\/lojavirtual\/wp-json\/wp\/v2\/comments?post=651"}],"version-history":[{"count":1,"href":"https:\/\/acsi.com.br\/lojavirtual\/wp-json\/wp\/v2\/product\/651\/revisions"}],"predecessor-version":[{"id":653,"href":"https:\/\/acsi.com.br\/lojavirtual\/wp-json\/wp\/v2\/product\/651\/revisions\/653"}],"wp:featuredmedia":[{"embeddable":true,"href":"https:\/\/acsi.com.br\/lojavirtual\/wp-json\/wp\/v2\/media\/652"}],"wp:attachment":[{"href":"https:\/\/acsi.com.br\/lojavirtual\/wp-json\/wp\/v2\/media?parent=651"}],"wp:term":[{"taxonomy":"product_brand","embeddable":true,"href":"https:\/\/acsi.com.br\/lojavirtual\/wp-json\/wp\/v2\/product_brand?post=651"},{"taxonomy":"product_cat","embeddable":true,"href":"https:\/\/acsi.com.br\/lojavirtual\/wp-json\/wp\/v2\/product_cat?post=651"},{"taxonomy":"product_tag","embeddable":true,"href":"https:\/\/acsi.com.br\/lojavirtual\/wp-json\/wp\/v2\/product_tag?post=651"}],"curies":[{"name":"wp","href":"https:\/\/api.w.org\/{rel}","templated":true}]}}