{"id":649,"date":"2023-08-09T19:18:15","date_gmt":"2023-08-09T19:18:15","guid":{"rendered":"https:\/\/acsi.com.br\/lojavirtual\/?post_type=product&#038;p=649"},"modified":"2026-04-16T20:59:06","modified_gmt":"2026-04-16T23:59:06","slug":"breve-manual-de-boas-maneiras-para-meninos","status":"publish","type":"product","link":"https:\/\/acsi.com.br\/lojavirtual\/produto\/breve-manual-de-boas-maneiras-para-meninos\/","title":{"rendered":"Breve Manual de Boas Maneiras Para Meninos"},"content":{"rendered":"<p>O treinador Bob com certeza o ajudar\u00e1 a facilitar as coisas com boas maneiras: aquelas regrinhas que a mam\u00e3e e o papai dizem que voc\u00ea precisa seguir e que seus amigos agradecer\u00e3o se voc\u00ea as tiver. Agora, veja como \u00e9 f\u00e1cil aprender o b\u00e1sico (claro, com as dicas de bons modos do treinador Bob) para ajud\u00e1-lo a se comportar na companhia de outras pessoas.<\/p>\n<p>Boas maneiras s\u00e3o mais do que simples regrinhas ? elas s\u00e3o uma forma de expressar amor!<\/p>\n","protected":false},"excerpt":{"rendered":"<p>O treinador Bob com certeza o ajudar\u00e1 a facilitar as coisas com boas maneiras: aquelas regrinhas que a mam\u00e3e e o papai dizem que voc\u00ea precisa seguir e que seus amigos agradecer\u00e3o se voc\u00ea as tiver. Agora, veja como \u00e9 f\u00e1cil aprender o b\u00e1sico (claro, com as dicas de bons modos do treinador Bob) para ajud\u00e1-lo a se comportar na companhia de outras pessoas.<\/p>\n<p>Boas maneiras s\u00e3o mais do que simples regrinhas ? elas s\u00e3o uma forma de expressar amor!<\/p>\n","protected":false},"featured_media":647,"comment_status":"closed","ping_status":"closed","template":"","meta":[],"product_brand":[],"product_cat":[33],"product_tag":[138,152],"class_list":{"0":"post-649","1":"product","2":"type-product","3":"status-publish","4":"has-post-thumbnail","6":"product_cat-editora-trinitas","7":"product_tag-ate-4o-ano","8":"product_tag-fund-1","10":"first","11":"instock","12":"shipping-taxable","13":"purchasable","14":"product-type-simple"},"_links":{"self":[{"href":"https:\/\/acsi.com.br\/lojavirtual\/wp-json\/wp\/v2\/product\/649","targetHints":{"allow":["GET"]}}],"collection":[{"href":"https:\/\/acsi.com.br\/lojavirtual\/wp-json\/wp\/v2\/product"}],"about":[{"href":"https:\/\/acsi.com.br\/lojavirtual\/wp-json\/wp\/v2\/types\/product"}],"replies":[{"embeddable":true,"href":"https:\/\/acsi.com.br\/lojavirtual\/wp-json\/wp\/v2\/comments?post=649"}],"version-history":[{"count":1,"href":"https:\/\/acsi.com.br\/lojavirtual\/wp-json\/wp\/v2\/product\/649\/revisions"}],"predecessor-version":[{"id":650,"href":"https:\/\/acsi.com.br\/lojavirtual\/wp-json\/wp\/v2\/product\/649\/revisions\/650"}],"wp:featuredmedia":[{"embeddable":true,"href":"https:\/\/acsi.com.br\/lojavirtual\/wp-json\/wp\/v2\/media\/647"}],"wp:attachment":[{"href":"https:\/\/acsi.com.br\/lojavirtual\/wp-json\/wp\/v2\/media?parent=649"}],"wp:term":[{"taxonomy":"product_brand","embeddable":true,"href":"https:\/\/acsi.com.br\/lojavirtual\/wp-json\/wp\/v2\/product_brand?post=649"},{"taxonomy":"product_cat","embeddable":true,"href":"https:\/\/acsi.com.br\/lojavirtual\/wp-json\/wp\/v2\/product_cat?post=649"},{"taxonomy":"product_tag","embeddable":true,"href":"https:\/\/acsi.com.br\/lojavirtual\/wp-json\/wp\/v2\/product_tag?post=649"}],"curies":[{"name":"wp","href":"https:\/\/api.w.org\/{rel}","templated":true}]}}