{"id":645,"date":"2023-08-09T19:14:59","date_gmt":"2023-08-09T19:14:59","guid":{"rendered":"https:\/\/acsi.com.br\/lojavirtual\/?post_type=product&#038;p=645"},"modified":"2026-04-16T20:59:06","modified_gmt":"2026-04-16T23:59:06","slug":"breve-manual-de-boas-maneiras-para-meninas","status":"publish","type":"product","link":"https:\/\/acsi.com.br\/lojavirtual\/produto\/breve-manual-de-boas-maneiras-para-meninas\/","title":{"rendered":"Breve Manual de Boas Maneiras Para Meninas"},"content":{"rendered":"<p>BOAS MANEIRAS PODEM SER DIVERTIDAS!<\/p>\n<p>N\u00e3o seria magnifico saber como se arruma uma mesa, o que falar a um rec\u00e9m-conhecido, e quais palavras dizer ao atender o telefone?<\/p>\n<p>Em\u00edlia est\u00e1 conhecendo e aprendendo todas essas coisas, e voc\u00ea pode aprender com ela!<\/p>\n<p>Colocar em pr\u00e1tica bons modos para fazer com que todos se sintam queridos far\u00e1 de voc\u00ea uma menina feliz. Por isso, aprenda a planejar festas do pijama para suas amigas, a fazer convites para reuni\u00f5es do ch\u00e1 e a organizar uma mesa de jantar completa.<\/p>\n<p>Boas maneiras s\u00e3o mais do que simples regrinhas? Elas s\u00e3o uma forma de expressar amor!<\/p>\n","protected":false},"excerpt":{"rendered":"<p>BOAS MANEIRAS PODEM SER DIVERTIDAS!<\/p>\n<p>N\u00e3o seria magnifico saber como se arruma uma mesa, o que falar a um rec\u00e9m-conhecido, e quais palavras dizer ao atender o telefone?<\/p>\n<p>Em\u00edlia est\u00e1 conhecendo e aprendendo todas essas coisas, e voc\u00ea pode aprender com ela!<\/p>\n<p>Colocar em pr\u00e1tica bons modos para fazer com que todos se sintam queridos far\u00e1 de voc\u00ea uma menina feliz. Por isso, aprenda a planejar festas do pijama para suas amigas, a fazer convites para reuni\u00f5es do ch\u00e1 e a organizar uma mesa de jantar completa.<\/p>\n<p>Boas maneiras s\u00e3o mais do que simples regrinhas? Elas s\u00e3o uma forma de expressar amor!<\/p>\n","protected":false},"featured_media":646,"comment_status":"closed","ping_status":"closed","template":"","meta":[],"product_brand":[],"product_cat":[33],"product_tag":[138,152],"class_list":{"0":"post-645","1":"product","2":"type-product","3":"status-publish","4":"has-post-thumbnail","6":"product_cat-editora-trinitas","7":"product_tag-ate-4o-ano","8":"product_tag-fund-1","10":"first","11":"instock","12":"shipping-taxable","13":"purchasable","14":"product-type-simple"},"_links":{"self":[{"href":"https:\/\/acsi.com.br\/lojavirtual\/wp-json\/wp\/v2\/product\/645","targetHints":{"allow":["GET"]}}],"collection":[{"href":"https:\/\/acsi.com.br\/lojavirtual\/wp-json\/wp\/v2\/product"}],"about":[{"href":"https:\/\/acsi.com.br\/lojavirtual\/wp-json\/wp\/v2\/types\/product"}],"replies":[{"embeddable":true,"href":"https:\/\/acsi.com.br\/lojavirtual\/wp-json\/wp\/v2\/comments?post=645"}],"version-history":[{"count":1,"href":"https:\/\/acsi.com.br\/lojavirtual\/wp-json\/wp\/v2\/product\/645\/revisions"}],"predecessor-version":[{"id":648,"href":"https:\/\/acsi.com.br\/lojavirtual\/wp-json\/wp\/v2\/product\/645\/revisions\/648"}],"wp:featuredmedia":[{"embeddable":true,"href":"https:\/\/acsi.com.br\/lojavirtual\/wp-json\/wp\/v2\/media\/646"}],"wp:attachment":[{"href":"https:\/\/acsi.com.br\/lojavirtual\/wp-json\/wp\/v2\/media?parent=645"}],"wp:term":[{"taxonomy":"product_brand","embeddable":true,"href":"https:\/\/acsi.com.br\/lojavirtual\/wp-json\/wp\/v2\/product_brand?post=645"},{"taxonomy":"product_cat","embeddable":true,"href":"https:\/\/acsi.com.br\/lojavirtual\/wp-json\/wp\/v2\/product_cat?post=645"},{"taxonomy":"product_tag","embeddable":true,"href":"https:\/\/acsi.com.br\/lojavirtual\/wp-json\/wp\/v2\/product_tag?post=645"}],"curies":[{"name":"wp","href":"https:\/\/api.w.org\/{rel}","templated":true}]}}