{"id":642,"date":"2023-08-09T19:12:42","date_gmt":"2023-08-09T19:12:42","guid":{"rendered":"https:\/\/acsi.com.br\/lojavirtual\/?post_type=product&#038;p=642"},"modified":"2026-04-16T20:59:06","modified_gmt":"2026-04-16T23:59:06","slug":"a-saga-wingfeather-o-monstro-nos-vales-livro-3","status":"publish","type":"product","link":"https:\/\/acsi.com.br\/lojavirtual\/produto\/a-saga-wingfeather-o-monstro-nos-vales-livro-3\/","title":{"rendered":"A Saga Wingfeather: O Monstro nos Vales \u2013 Livro 3"},"content":{"rendered":"<p>O Reino de Anniera caiu, e a fam\u00edlia real est\u00e1 fugindo. Perseguidos incansavelmente pelos ex\u00e9rcitos de Fangs, liderados por Gnag, o Sem-Nome, Janner e sua fam\u00edlia esperam encontrar ref\u00fagio no \u00faltimo lugar seguro do mundo: Vales Verdes, uma terra de frutas deliciosas, bravamente protegida por guerreiros temidos at\u00e9 mesmo pelos Fangs de Dang.<\/p>\n<p>Mas um novo problema amea\u00e7a a esperan\u00e7a da fam\u00edlia Igiby por paz: o irm\u00e3o mais novo de Janner, Kalmar \u2014 herdeiro do trono de Anniera \u2014, agora tem um rabo. E pelagem cinza. Isso para n\u00e3o falar das duas orelhas pontudas e compridas, ou das perigosas garras. Para o povo desconfiado de Vales Verdes, ele se parece com um monstro. Janner, por\u00e9m, sabe que ele n\u00e3o \u00e9 tal coisa. Seu irm\u00e3o n\u00e3o \u00e9 t\u00e3o assustador quanto parece. Kalmar \u00e9 perfeitamente inofensivo.<\/p>\n<p>Ser\u00e1 mesmo?<\/p>\n<p>O terceiro livro da premiada A Saga Wingfeather leva a fam\u00edlia Igiby \u2014 e seus leitores \u2014 a uma nova e arrebatadora aventura, cheia de mist\u00e9rios, trai\u00e7\u00f5es e dissimula\u00e7\u00f5es. H\u00e1 um monstro em Vales, e a verdade espreita pelas sombras.<\/p>\n<section class=\"products-related\"><\/section>\n","protected":false},"excerpt":{"rendered":"<p>O Reino de Anniera caiu, e a fam\u00edlia real est\u00e1 fugindo. Perseguidos incansavelmente pelos ex\u00e9rcitos de Fangs, liderados por Gnag, o Sem-Nome, Janner e sua fam\u00edlia esperam encontrar ref\u00fagio no \u00faltimo lugar seguro do mundo: Vales Verdes, uma terra de frutas deliciosas, bravamente protegida por guerreiros temidos at\u00e9 mesmo pelos Fangs de Dang.<\/p>\n<p>Mas um novo problema amea\u00e7a a esperan\u00e7a da fam\u00edlia Igiby por paz: o irm\u00e3o mais novo de Janner, Kalmar \u2014 herdeiro do trono de Anniera \u2014, agora tem um rabo. E pelagem cinza. Isso para n\u00e3o falar das duas orelhas pontudas e compridas, ou das perigosas garras. Para o povo desconfiado de Vales Verdes, ele se parece com um monstro. Janner, por\u00e9m, sabe que ele n\u00e3o \u00e9 tal coisa. Seu irm\u00e3o n\u00e3o \u00e9 t\u00e3o assustador quanto parece. Kalmar \u00e9 perfeitamente inofensivo.<\/p>\n<p>Ser\u00e1 mesmo?<\/p>\n<p>O terceiro livro da premiada A Saga Wingfeather leva a fam\u00edlia Igiby \u2014 e seus leitores \u2014 a uma nova e arrebatadora aventura, cheia de mist\u00e9rios, trai\u00e7\u00f5es e dissimula\u00e7\u00f5es. H\u00e1 um monstro em Vales, e a verdade espreita pelas sombras.<\/p>\n","protected":false},"featured_media":643,"comment_status":"closed","ping_status":"closed","template":"","meta":[],"product_brand":[],"product_cat":[33],"product_tag":[140],"class_list":{"0":"post-642","1":"product","2":"type-product","3":"status-publish","4":"has-post-thumbnail","6":"product_cat-editora-trinitas","7":"product_tag-fund-2","9":"first","10":"instock","11":"shipping-taxable","12":"purchasable","13":"product-type-simple"},"_links":{"self":[{"href":"https:\/\/acsi.com.br\/lojavirtual\/wp-json\/wp\/v2\/product\/642","targetHints":{"allow":["GET"]}}],"collection":[{"href":"https:\/\/acsi.com.br\/lojavirtual\/wp-json\/wp\/v2\/product"}],"about":[{"href":"https:\/\/acsi.com.br\/lojavirtual\/wp-json\/wp\/v2\/types\/product"}],"replies":[{"embeddable":true,"href":"https:\/\/acsi.com.br\/lojavirtual\/wp-json\/wp\/v2\/comments?post=642"}],"version-history":[{"count":1,"href":"https:\/\/acsi.com.br\/lojavirtual\/wp-json\/wp\/v2\/product\/642\/revisions"}],"predecessor-version":[{"id":644,"href":"https:\/\/acsi.com.br\/lojavirtual\/wp-json\/wp\/v2\/product\/642\/revisions\/644"}],"wp:featuredmedia":[{"embeddable":true,"href":"https:\/\/acsi.com.br\/lojavirtual\/wp-json\/wp\/v2\/media\/643"}],"wp:attachment":[{"href":"https:\/\/acsi.com.br\/lojavirtual\/wp-json\/wp\/v2\/media?parent=642"}],"wp:term":[{"taxonomy":"product_brand","embeddable":true,"href":"https:\/\/acsi.com.br\/lojavirtual\/wp-json\/wp\/v2\/product_brand?post=642"},{"taxonomy":"product_cat","embeddable":true,"href":"https:\/\/acsi.com.br\/lojavirtual\/wp-json\/wp\/v2\/product_cat?post=642"},{"taxonomy":"product_tag","embeddable":true,"href":"https:\/\/acsi.com.br\/lojavirtual\/wp-json\/wp\/v2\/product_tag?post=642"}],"curies":[{"name":"wp","href":"https:\/\/api.w.org\/{rel}","templated":true}]}}