{"id":639,"date":"2023-08-09T19:10:07","date_gmt":"2023-08-09T19:10:07","guid":{"rendered":"https:\/\/acsi.com.br\/lojavirtual\/?post_type=product&#038;p=639"},"modified":"2026-04-16T20:59:06","modified_gmt":"2026-04-16T23:59:06","slug":"a-saga-wingfeather-norte-ou-seja-devorado-livro-2","status":"publish","type":"product","link":"https:\/\/acsi.com.br\/lojavirtual\/produto\/a-saga-wingfeather-norte-ou-seja-devorado-livro-2\/","title":{"rendered":"A Saga Wingfeather: Norte! Ou seja devorado \u2013 Livro 2"},"content":{"rendered":"<p>Janner, Tink e Leeli Igiby pensavam ser crian\u00e7as normais com vidas normais e um passado normal. Mas agora eles sabem que s\u00e3o as verdadeiras Joias Perdidas de Anniera, herdeiros de um reino lend\u00e1rio al\u00e9m do mar e que, repentinamente, todos parecem querer mat\u00e1-los.<\/p>\n<p>Para sobreviverem, os irm\u00e3os Igiby ter\u00e3o de fugir para a seguran\u00e7a das Pradarias de Gelo, onde os reptilianos Fangs de Dang n\u00e3o conseguem segui-los. Antes, no entanto, eles precisam escapar dos monstros da Floresta Glipwood, dos ardilosos Marginais da Curva Oriental e da tem\u00edvel F\u00e1brica de Garfos.<\/p>\n<p>Ainda mais perigosos, por\u00e9m, s\u00e3o os ci\u00fames e as amarguras que amea\u00e7am separ\u00e1-los. Janner e seus irm\u00e3os precisam aprender do jeito dif\u00edcil que o amor da fam\u00edlia \u00e9 mais importante que todo o resto.<\/p>\n<section class=\"products-related\"><\/section>\n","protected":false},"excerpt":{"rendered":"<p>Janner, Tink e Leeli Igiby pensavam ser crian\u00e7as normais com vidas normais e um passado normal. Mas agora eles sabem que s\u00e3o as verdadeiras Joias Perdidas de Anniera, herdeiros de um reino lend\u00e1rio al\u00e9m do mar e que, repentinamente, todos parecem querer mat\u00e1-los.<\/p>\n<p>Para sobreviverem, os irm\u00e3os Igiby ter\u00e3o de fugir para a seguran\u00e7a das Pradarias de Gelo, onde os reptilianos Fangs de Dang n\u00e3o conseguem segui-los. Antes, no entanto, eles precisam escapar dos monstros da Floresta Glipwood, dos ardilosos Marginais da Curva Oriental e da tem\u00edvel F\u00e1brica de Garfos.<\/p>\n<p>Ainda mais perigosos, por\u00e9m, s\u00e3o os ci\u00fames e as amarguras que amea\u00e7am separ\u00e1-los. Janner e seus irm\u00e3os precisam aprender do jeito dif\u00edcil que o amor da fam\u00edlia \u00e9 mais importante que todo o resto.<\/p>\n<p>&nbsp;<\/p>\n<p>&nbsp;<\/p>\n","protected":false},"featured_media":640,"comment_status":"closed","ping_status":"closed","template":"","meta":[],"product_brand":[],"product_cat":[33],"product_tag":[140],"class_list":{"0":"post-639","1":"product","2":"type-product","3":"status-publish","4":"has-post-thumbnail","6":"product_cat-editora-trinitas","7":"product_tag-fund-2","9":"first","10":"instock","11":"shipping-taxable","12":"purchasable","13":"product-type-simple"},"_links":{"self":[{"href":"https:\/\/acsi.com.br\/lojavirtual\/wp-json\/wp\/v2\/product\/639","targetHints":{"allow":["GET"]}}],"collection":[{"href":"https:\/\/acsi.com.br\/lojavirtual\/wp-json\/wp\/v2\/product"}],"about":[{"href":"https:\/\/acsi.com.br\/lojavirtual\/wp-json\/wp\/v2\/types\/product"}],"replies":[{"embeddable":true,"href":"https:\/\/acsi.com.br\/lojavirtual\/wp-json\/wp\/v2\/comments?post=639"}],"version-history":[{"count":2,"href":"https:\/\/acsi.com.br\/lojavirtual\/wp-json\/wp\/v2\/product\/639\/revisions"}],"predecessor-version":[{"id":2499,"href":"https:\/\/acsi.com.br\/lojavirtual\/wp-json\/wp\/v2\/product\/639\/revisions\/2499"}],"wp:featuredmedia":[{"embeddable":true,"href":"https:\/\/acsi.com.br\/lojavirtual\/wp-json\/wp\/v2\/media\/640"}],"wp:attachment":[{"href":"https:\/\/acsi.com.br\/lojavirtual\/wp-json\/wp\/v2\/media?parent=639"}],"wp:term":[{"taxonomy":"product_brand","embeddable":true,"href":"https:\/\/acsi.com.br\/lojavirtual\/wp-json\/wp\/v2\/product_brand?post=639"},{"taxonomy":"product_cat","embeddable":true,"href":"https:\/\/acsi.com.br\/lojavirtual\/wp-json\/wp\/v2\/product_cat?post=639"},{"taxonomy":"product_tag","embeddable":true,"href":"https:\/\/acsi.com.br\/lojavirtual\/wp-json\/wp\/v2\/product_tag?post=639"}],"curies":[{"name":"wp","href":"https:\/\/api.w.org\/{rel}","templated":true}]}}