{"id":636,"date":"2023-08-09T19:06:52","date_gmt":"2023-08-09T19:06:52","guid":{"rendered":"https:\/\/acsi.com.br\/lojavirtual\/?post_type=product&#038;p=636"},"modified":"2026-04-22T14:40:50","modified_gmt":"2026-04-22T17:40:50","slug":"a-saga-wingfeather-nos-limites-do-mar-sombrio-da-escuridao-livro-1","status":"publish","type":"product","link":"https:\/\/acsi.com.br\/lojavirtual\/produto\/a-saga-wingfeather-nos-limites-do-mar-sombrio-da-escuridao-livro-1\/","title":{"rendered":"A Saga Wingfeather: Nos Limites do Mar Sombrio da Escurid\u00e3o \u2013 Livro 1"},"content":{"rendered":"<p>Andrew Peterson escreveu uma hist\u00f3ria cativante para todas as idades, que conta sobre os irm\u00e3os Janner, Tink e Leeli Igiby, al\u00e9m de seu fiel cachorro, Nugget, todos amados por uma nobre m\u00e3e e seu av\u00f4 Podo, um ex-pirata. Na jornada que os espera, eles precisar\u00e3o de todos os seus talentos e de tudo quanto amam para sobreviver \u00e0 ca\u00e7ada mal\u00e9fica dos venenosos Fangs de Dang, que cruzaram o mar sombrio para governar a terra com maldade. Contudo, os irm\u00e3os Igiby guardam o segredo para a lenda perdida e as joias do bom Rei Wingfeather, da Ilha Brilhante de Anniera.<\/p>\n<p>Cheio de personagens de cora\u00e7\u00e3o grande, intelig\u00eancia e coragem, Nos Limites do Mar Sombrio da Escurid\u00e3o \u00e9 o primeiro livro da Saga Wingfeather. Al\u00e9m das lindas ilustra\u00e7\u00f5es, neste livro voc\u00ea encontrar\u00e1 can\u00e7\u00f5es e poemas, vacas-dentadas e drag\u00f5es-marinhos, suspense e amor, sem contar os aut\u00eanticos mapas desenhados \u00e0 m\u00e3o.<\/p>\n<section class=\"products-related\"><\/section>\n","protected":false},"excerpt":{"rendered":"<p>Andrew Peterson escreveu uma hist\u00f3ria cativante para todas as idades, que conta sobre os irm\u00e3os Janner, Tink e Leeli Igiby, al\u00e9m de seu fiel cachorro, Nugget, todos amados por uma nobre m\u00e3e e seu av\u00f4 Podo, um ex-pirata. Na jornada que os espera, eles precisar\u00e3o de todos os seus talentos e de tudo quanto amam para sobreviver \u00e0 ca\u00e7ada mal\u00e9fica dos venenosos Fangs de Dang, que cruzaram o mar sombrio para governar a terra com maldade. Contudo, os irm\u00e3os Igiby guardam o segredo para a lenda perdida e as joias do bom Rei Wingfeather, da Ilha Brilhante de Anniera.<\/p>\n<p>Cheio de personagens de cora\u00e7\u00e3o grande, intelig\u00eancia e coragem, Nos Limites do Mar Sombrio da Escurid\u00e3o \u00e9 o primeiro livro da Saga Wingfeather. Al\u00e9m das lindas ilustra\u00e7\u00f5es, neste livro voc\u00ea encontrar\u00e1 can\u00e7\u00f5es e poemas, vacas-dentadas e drag\u00f5es-marinhos, suspense e amor, sem contar os aut\u00eanticos mapas desenhados \u00e0 m\u00e3o.<\/p>\n<p>&nbsp;<\/p>\n<p>&nbsp;<\/p>\n","protected":false},"featured_media":637,"comment_status":"closed","ping_status":"closed","template":"","meta":[],"product_brand":[],"product_cat":[33],"product_tag":[140],"class_list":{"0":"post-636","1":"product","2":"type-product","3":"status-publish","4":"has-post-thumbnail","6":"product_cat-editora-trinitas","7":"product_tag-fund-2","9":"first","10":"instock","11":"shipping-taxable","12":"purchasable","13":"product-type-simple"},"_links":{"self":[{"href":"https:\/\/acsi.com.br\/lojavirtual\/wp-json\/wp\/v2\/product\/636","targetHints":{"allow":["GET"]}}],"collection":[{"href":"https:\/\/acsi.com.br\/lojavirtual\/wp-json\/wp\/v2\/product"}],"about":[{"href":"https:\/\/acsi.com.br\/lojavirtual\/wp-json\/wp\/v2\/types\/product"}],"replies":[{"embeddable":true,"href":"https:\/\/acsi.com.br\/lojavirtual\/wp-json\/wp\/v2\/comments?post=636"}],"version-history":[{"count":2,"href":"https:\/\/acsi.com.br\/lojavirtual\/wp-json\/wp\/v2\/product\/636\/revisions"}],"predecessor-version":[{"id":7258,"href":"https:\/\/acsi.com.br\/lojavirtual\/wp-json\/wp\/v2\/product\/636\/revisions\/7258"}],"wp:featuredmedia":[{"embeddable":true,"href":"https:\/\/acsi.com.br\/lojavirtual\/wp-json\/wp\/v2\/media\/637"}],"wp:attachment":[{"href":"https:\/\/acsi.com.br\/lojavirtual\/wp-json\/wp\/v2\/media?parent=636"}],"wp:term":[{"taxonomy":"product_brand","embeddable":true,"href":"https:\/\/acsi.com.br\/lojavirtual\/wp-json\/wp\/v2\/product_brand?post=636"},{"taxonomy":"product_cat","embeddable":true,"href":"https:\/\/acsi.com.br\/lojavirtual\/wp-json\/wp\/v2\/product_cat?post=636"},{"taxonomy":"product_tag","embeddable":true,"href":"https:\/\/acsi.com.br\/lojavirtual\/wp-json\/wp\/v2\/product_tag?post=636"}],"curies":[{"name":"wp","href":"https:\/\/api.w.org\/{rel}","templated":true}]}}