{"id":633,"date":"2023-08-09T19:02:45","date_gmt":"2023-08-09T19:02:45","guid":{"rendered":"https:\/\/acsi.com.br\/lojavirtual\/?post_type=product&#038;p=633"},"modified":"2026-04-16T20:59:06","modified_gmt":"2026-04-16T23:59:06","slug":"cordel-a-historia-de-noemi-e-rute","status":"publish","type":"product","link":"https:\/\/acsi.com.br\/lojavirtual\/produto\/cordel-a-historia-de-noemi-e-rute\/","title":{"rendered":"Cordel: A Hist\u00f3ria de Noemi e Rute"},"content":{"rendered":"<p>Redescubra hist\u00f3rias b\u00edblicas de um jeito que voc\u00ea nunca viu antes!<\/p>\n<p>A Cole\u00e7\u00e3o Biografias de Cordel da Trinitas traz lindas hist\u00f3rias de mulheres do Antigo Testamento na B\u00edblia, narradas pelo autor Rodrigo Abreu com o toque regionalista brasileiro da poesia nordestina do cordel. Cada hist\u00f3ria traz tudo aquilo que \u00e9 essencial a um bom cordel: a peleja, o sofrimento, a desgra\u00e7a, o mart\u00edrio e todos os obst\u00e1culos diante do genu\u00edno amor. Mas, ao final, eis que nossas hero\u00ednas s\u00e3o recompensadas por se manterem inabal\u00e1veis, mesmo quando tudo parecia estar perdido.<\/p>\n<p>Cada livro \u00e9 belamente ilustrado pelo artista J\u00falio Ara\u00fajo, dando nova vida a narrativas que fazem parte de nossa heran\u00e7a judaico-crist\u00e3. Voc\u00ea se sentir\u00e1 como lendo essas hist\u00f3rias pela primeira vez novamente!<\/p>\n<section id=\"ProdBlock\" class=\"product-tabs\">\n<div id=\"descricao\" class=\"prodBox\">\n<div class=\"board\">\n<div class=\"board_htm description\">\n<p>Neste volume voc\u00ea ler\u00e1 a hist\u00f3ria de Noemi e Rute! Aproveite para ler em voz alta para as crian\u00e7as. Elas v\u00e3o amar!<\/p>\n<\/div>\n<\/div>\n<\/div>\n<\/section>\n<section class=\"products-related\"><\/section>\n","protected":false},"excerpt":{"rendered":"<p>Redescubra hist\u00f3rias b\u00edblicas de um jeito que voc\u00ea nunca viu antes!<\/p>\n<p>A Cole\u00e7\u00e3o Biografias de Cordel da Trinitas traz lindas hist\u00f3rias de mulheres do Antigo Testamento na B\u00edblia, narradas pelo autor Rodrigo Abreu com o toque regionalista brasileiro da poesia nordestina do cordel. Cada hist\u00f3ria traz tudo aquilo que \u00e9 essencial a um bom cordel: a peleja, o sofrimento, a desgra\u00e7a, o mart\u00edrio e todos os obst\u00e1culos diante do genu\u00edno amor. Mas, ao final, eis que nossas hero\u00ednas s\u00e3o recompensadas por se manterem inabal\u00e1veis, mesmo quando tudo parecia estar perdido.<\/p>\n<p>Cada livro \u00e9 belamente ilustrado pelo artista J\u00falio Ara\u00fajo, dando nova vida a narrativas que fazem parte de nossa heran\u00e7a judaico-crist\u00e3. Voc\u00ea se sentir\u00e1 como lendo essas hist\u00f3rias pela primeira vez novamente!<\/p>\n<section id=\"ProdBlock\" class=\"product-tabs\">\n<div id=\"descricao\" class=\"prodBox\">\n<div class=\"board\">\n<div class=\"board_htm description\">\n<p>Neste volume voc\u00ea ler\u00e1 a hist\u00f3ria de Noemi e Rute! Aproveite para ler em voz alta para as crian\u00e7as. Elas v\u00e3o amar!<\/p>\n<\/div>\n<\/div>\n<\/div>\n<\/section>\n<p>&nbsp;<\/p>\n<p>&nbsp;<\/p>\n<p>&nbsp;<\/p>\n","protected":false},"featured_media":634,"comment_status":"closed","ping_status":"closed","template":"","meta":[],"product_brand":[],"product_cat":[33],"product_tag":[139,152],"class_list":{"0":"post-633","1":"product","2":"type-product","3":"status-publish","4":"has-post-thumbnail","6":"product_cat-editora-trinitas","7":"product_tag-ate-5o-ano","8":"product_tag-fund-1","10":"first","11":"instock","12":"shipping-taxable","13":"purchasable","14":"product-type-simple"},"_links":{"self":[{"href":"https:\/\/acsi.com.br\/lojavirtual\/wp-json\/wp\/v2\/product\/633","targetHints":{"allow":["GET"]}}],"collection":[{"href":"https:\/\/acsi.com.br\/lojavirtual\/wp-json\/wp\/v2\/product"}],"about":[{"href":"https:\/\/acsi.com.br\/lojavirtual\/wp-json\/wp\/v2\/types\/product"}],"replies":[{"embeddable":true,"href":"https:\/\/acsi.com.br\/lojavirtual\/wp-json\/wp\/v2\/comments?post=633"}],"version-history":[{"count":2,"href":"https:\/\/acsi.com.br\/lojavirtual\/wp-json\/wp\/v2\/product\/633\/revisions"}],"predecessor-version":[{"id":3362,"href":"https:\/\/acsi.com.br\/lojavirtual\/wp-json\/wp\/v2\/product\/633\/revisions\/3362"}],"wp:featuredmedia":[{"embeddable":true,"href":"https:\/\/acsi.com.br\/lojavirtual\/wp-json\/wp\/v2\/media\/634"}],"wp:attachment":[{"href":"https:\/\/acsi.com.br\/lojavirtual\/wp-json\/wp\/v2\/media?parent=633"}],"wp:term":[{"taxonomy":"product_brand","embeddable":true,"href":"https:\/\/acsi.com.br\/lojavirtual\/wp-json\/wp\/v2\/product_brand?post=633"},{"taxonomy":"product_cat","embeddable":true,"href":"https:\/\/acsi.com.br\/lojavirtual\/wp-json\/wp\/v2\/product_cat?post=633"},{"taxonomy":"product_tag","embeddable":true,"href":"https:\/\/acsi.com.br\/lojavirtual\/wp-json\/wp\/v2\/product_tag?post=633"}],"curies":[{"name":"wp","href":"https:\/\/api.w.org\/{rel}","templated":true}]}}