{"id":63,"date":"2023-06-21T19:31:07","date_gmt":"2023-06-21T19:31:07","guid":{"rendered":"https:\/\/acsi.com.br\/lojavirtual\/?post_type=product&#038;p=63"},"modified":"2026-04-16T20:59:35","modified_gmt":"2026-04-16T23:59:35","slug":"recados-para-o-coracao-das-criancas","status":"publish","type":"product","link":"https:\/\/acsi.com.br\/lojavirtual\/produto\/recados-para-o-coracao-das-criancas\/","title":{"rendered":"Recados para o cora\u00e7\u00e3o das crian\u00e7as"},"content":{"rendered":"<p>Pequenos recados que abordam, de forma l\u00fadica e criativa, temas atuais do cotidiano da crian\u00e7a, com a finalidade de contribuir para sua forma\u00e7\u00e3o emocional, social e espiritual. A cada recado o leitor ser\u00e1 desafiado a buscar valores imprescind\u00edveis para sua vida. Um livro para toda a fam\u00edlia que deseja buscar o verdadeiro tesouro, aquele que se deve guardar no cora\u00e7\u00e3o.<\/p>\n","protected":false},"excerpt":{"rendered":"<p>Pequenos recados que abordam, de forma l\u00fadica e criativa, temas atuais do cotidiano da crian\u00e7a, com a finalidade de contribuir para sua forma\u00e7\u00e3o emocional, social e espiritual. A cada recado o leitor ser\u00e1 desafiado a buscar valores imprescind\u00edveis para sua vida. Um livro para toda a fam\u00edlia que deseja buscar o verdadeiro tesouro, aquele que se deve guardar no cora\u00e7\u00e3o.<\/p>\n","protected":false},"featured_media":752,"comment_status":"closed","ping_status":"closed","template":"","meta":[],"product_brand":[],"product_cat":[18],"product_tag":[138,152],"class_list":{"0":"post-63","1":"product","2":"type-product","3":"status-publish","4":"has-post-thumbnail","6":"product_cat-debs-editora","7":"product_tag-ate-4o-ano","8":"product_tag-fund-1","10":"first","11":"instock","12":"shipping-taxable","13":"purchasable","14":"product-type-simple"},"_links":{"self":[{"href":"https:\/\/acsi.com.br\/lojavirtual\/wp-json\/wp\/v2\/product\/63","targetHints":{"allow":["GET"]}}],"collection":[{"href":"https:\/\/acsi.com.br\/lojavirtual\/wp-json\/wp\/v2\/product"}],"about":[{"href":"https:\/\/acsi.com.br\/lojavirtual\/wp-json\/wp\/v2\/types\/product"}],"replies":[{"embeddable":true,"href":"https:\/\/acsi.com.br\/lojavirtual\/wp-json\/wp\/v2\/comments?post=63"}],"version-history":[{"count":2,"href":"https:\/\/acsi.com.br\/lojavirtual\/wp-json\/wp\/v2\/product\/63\/revisions"}],"predecessor-version":[{"id":3331,"href":"https:\/\/acsi.com.br\/lojavirtual\/wp-json\/wp\/v2\/product\/63\/revisions\/3331"}],"wp:featuredmedia":[{"embeddable":true,"href":"https:\/\/acsi.com.br\/lojavirtual\/wp-json\/wp\/v2\/media\/752"}],"wp:attachment":[{"href":"https:\/\/acsi.com.br\/lojavirtual\/wp-json\/wp\/v2\/media?parent=63"}],"wp:term":[{"taxonomy":"product_brand","embeddable":true,"href":"https:\/\/acsi.com.br\/lojavirtual\/wp-json\/wp\/v2\/product_brand?post=63"},{"taxonomy":"product_cat","embeddable":true,"href":"https:\/\/acsi.com.br\/lojavirtual\/wp-json\/wp\/v2\/product_cat?post=63"},{"taxonomy":"product_tag","embeddable":true,"href":"https:\/\/acsi.com.br\/lojavirtual\/wp-json\/wp\/v2\/product_tag?post=63"}],"curies":[{"name":"wp","href":"https:\/\/api.w.org\/{rel}","templated":true}]}}