{"id":627,"date":"2023-08-09T18:54:14","date_gmt":"2023-08-09T18:54:14","guid":{"rendered":"https:\/\/acsi.com.br\/lojavirtual\/?post_type=product&#038;p=627"},"modified":"2026-04-20T19:13:03","modified_gmt":"2026-04-20T22:13:03","slug":"deus-ama-voce-como-voce-e","status":"publish","type":"product","link":"https:\/\/acsi.com.br\/lojavirtual\/produto\/deus-ama-voce-como-voce-e\/","title":{"rendered":"Deus ama voc\u00ea como voc\u00ea \u00e9"},"content":{"rendered":"<p><span class=\"OYPEnA font-feature-liga-off font-feature-clig-off font-feature-calt-off text-decoration-none text-strikethrough-none\">&#8220;Deus ama voc\u00ea como voc\u00ea \u00e9\u00b4&#8221; \u00e9 um livro sobre o amor incondicional de Deus e o que Ele fez para que pudessemos ter um relacionamento com Ele. Escrito de maneira simples e divertida, esse livro tem ganhado o cora\u00e7\u00e3o de muitas crian\u00e7as e adultos no Brasil e no mundo desde 1992. Ilustra\u00e7\u00f5es cativantes feitas em colagem manual, servem de apoio para o leitor iniciante e garantem boas surpresas a cada virada de p\u00e1gina.<\/span><\/p>\n","protected":false},"excerpt":{"rendered":"<p><span class=\"OYPEnA font-feature-liga-off font-feature-clig-off font-feature-calt-off text-decoration-none text-strikethrough-none\">&#8220;Deus ama voc\u00ea como voc\u00ea \u00e9\u00b4&#8221; \u00e9 um livro sobre o amor incondicional de Deus e o que Ele fez para que pudessemos ter um relacionamento com Ele. Escrito de maneira simples e divertida, esse livro tem ganhado o cora\u00e7\u00e3o de muitas crian\u00e7as e adultos no Brasil e no mundo desde 1992. Ilustra\u00e7\u00f5es cativantes feitas em colagem manual, servem de apoio para o leitor iniciante e garantem boas surpresas a cada virada de p\u00e1gina.<\/span><\/p>\n","protected":false},"featured_media":6809,"comment_status":"closed","ping_status":"closed","template":"","meta":[],"product_brand":[],"product_cat":[25],"product_tag":[153],"class_list":{"0":"post-627","1":"product","2":"type-product","3":"status-publish","4":"has-post-thumbnail","6":"product_cat-domik-educacional","7":"product_tag-ed-infantil","9":"first","10":"instock","11":"shipping-taxable","12":"purchasable","13":"product-type-simple"},"_links":{"self":[{"href":"https:\/\/acsi.com.br\/lojavirtual\/wp-json\/wp\/v2\/product\/627","targetHints":{"allow":["GET"]}}],"collection":[{"href":"https:\/\/acsi.com.br\/lojavirtual\/wp-json\/wp\/v2\/product"}],"about":[{"href":"https:\/\/acsi.com.br\/lojavirtual\/wp-json\/wp\/v2\/types\/product"}],"replies":[{"embeddable":true,"href":"https:\/\/acsi.com.br\/lojavirtual\/wp-json\/wp\/v2\/comments?post=627"}],"version-history":[{"count":5,"href":"https:\/\/acsi.com.br\/lojavirtual\/wp-json\/wp\/v2\/product\/627\/revisions"}],"predecessor-version":[{"id":6805,"href":"https:\/\/acsi.com.br\/lojavirtual\/wp-json\/wp\/v2\/product\/627\/revisions\/6805"}],"wp:featuredmedia":[{"embeddable":true,"href":"https:\/\/acsi.com.br\/lojavirtual\/wp-json\/wp\/v2\/media\/6809"}],"wp:attachment":[{"href":"https:\/\/acsi.com.br\/lojavirtual\/wp-json\/wp\/v2\/media?parent=627"}],"wp:term":[{"taxonomy":"product_brand","embeddable":true,"href":"https:\/\/acsi.com.br\/lojavirtual\/wp-json\/wp\/v2\/product_brand?post=627"},{"taxonomy":"product_cat","embeddable":true,"href":"https:\/\/acsi.com.br\/lojavirtual\/wp-json\/wp\/v2\/product_cat?post=627"},{"taxonomy":"product_tag","embeddable":true,"href":"https:\/\/acsi.com.br\/lojavirtual\/wp-json\/wp\/v2\/product_tag?post=627"}],"curies":[{"name":"wp","href":"https:\/\/api.w.org\/{rel}","templated":true}]}}