{"id":624,"date":"2023-08-09T18:52:29","date_gmt":"2023-08-09T18:52:29","guid":{"rendered":"https:\/\/acsi.com.br\/lojavirtual\/?post_type=product&#038;p=624"},"modified":"2026-04-16T20:59:06","modified_gmt":"2026-04-16T23:59:06","slug":"um-convite-para-o-tecelao","status":"publish","type":"product","link":"https:\/\/acsi.com.br\/lojavirtual\/produto\/um-convite-para-o-tecelao\/","title":{"rendered":"Um convite para o tecel\u00e3o"},"content":{"rendered":"<p>Uma not\u00edcia maravilhosa chega a um vilarejo no alto das montanhas geladas: o Rei est\u00e1 atendendo pedidos! Mas, ser\u00e1 verdade ou apenas uma brincadeira de mau gosto? Acompanhe o pequeno tecel\u00e3o em sua jornada e descubra como o Rei n\u00e3o s\u00f3 atende pedidos, mas tamb\u00e9m nos convida a ser parte da resposta aos pedidos de outras pessoas!<\/p>\n","protected":false},"excerpt":{"rendered":"<p>Uma not\u00edcia maravilhosa chega a um vilarejo no alto das montanhas geladas: o Rei est\u00e1 atendendo pedidos! Mas, ser\u00e1 verdade ou apenas uma brincadeira de mau gosto? Acompanhe o pequeno tecel\u00e3o em sua jornada e descubra como o Rei n\u00e3o s\u00f3 atende pedidos, mas tamb\u00e9m nos convida a ser parte da resposta aos pedidos de outras pessoas!<\/p>\n","protected":false},"featured_media":625,"comment_status":"closed","ping_status":"closed","template":"","meta":[],"product_brand":[],"product_cat":[25],"product_tag":[137,152],"class_list":{"0":"post-624","1":"product","2":"type-product","3":"status-publish","4":"has-post-thumbnail","6":"product_cat-domik-educacional","7":"product_tag-ate-3o-ano","8":"product_tag-fund-1","10":"first","11":"instock","12":"shipping-taxable","13":"purchasable","14":"product-type-simple"},"_links":{"self":[{"href":"https:\/\/acsi.com.br\/lojavirtual\/wp-json\/wp\/v2\/product\/624","targetHints":{"allow":["GET"]}}],"collection":[{"href":"https:\/\/acsi.com.br\/lojavirtual\/wp-json\/wp\/v2\/product"}],"about":[{"href":"https:\/\/acsi.com.br\/lojavirtual\/wp-json\/wp\/v2\/types\/product"}],"replies":[{"embeddable":true,"href":"https:\/\/acsi.com.br\/lojavirtual\/wp-json\/wp\/v2\/comments?post=624"}],"version-history":[{"count":1,"href":"https:\/\/acsi.com.br\/lojavirtual\/wp-json\/wp\/v2\/product\/624\/revisions"}],"predecessor-version":[{"id":626,"href":"https:\/\/acsi.com.br\/lojavirtual\/wp-json\/wp\/v2\/product\/624\/revisions\/626"}],"wp:featuredmedia":[{"embeddable":true,"href":"https:\/\/acsi.com.br\/lojavirtual\/wp-json\/wp\/v2\/media\/625"}],"wp:attachment":[{"href":"https:\/\/acsi.com.br\/lojavirtual\/wp-json\/wp\/v2\/media?parent=624"}],"wp:term":[{"taxonomy":"product_brand","embeddable":true,"href":"https:\/\/acsi.com.br\/lojavirtual\/wp-json\/wp\/v2\/product_brand?post=624"},{"taxonomy":"product_cat","embeddable":true,"href":"https:\/\/acsi.com.br\/lojavirtual\/wp-json\/wp\/v2\/product_cat?post=624"},{"taxonomy":"product_tag","embeddable":true,"href":"https:\/\/acsi.com.br\/lojavirtual\/wp-json\/wp\/v2\/product_tag?post=624"}],"curies":[{"name":"wp","href":"https:\/\/api.w.org\/{rel}","templated":true}]}}