{"id":618,"date":"2023-08-09T18:45:38","date_gmt":"2023-08-09T18:45:38","guid":{"rendered":"https:\/\/acsi.com.br\/lojavirtual\/?post_type=product&#038;p=618"},"modified":"2026-05-04T06:07:16","modified_gmt":"2026-05-04T09:07:16","slug":"a-minha-festa","status":"publish","type":"product","link":"https:\/\/acsi.com.br\/lojavirtual\/produto\/a-minha-festa\/","title":{"rendered":"A minha festa!"},"content":{"rendered":"<p>O Quadrado decidiu dar uma festa na qual s\u00f3 podia entrar quem tivesse quatro lados iguais. As outras formas ficaram muito irritadas e quase deu confus\u00e3o! Mas o Ret\u00e2ngulo teve uma ideia diferente. Ser\u00e1 que ele vai conseguir salvar o dia?<\/p>\n<p>Uma hist\u00f3ria divertida para falar de inclus\u00e3o, perd\u00e3o, amizade e de como podemos usar nossas diferen\u00e7as para nos unir ao inv\u00e9s de nos separar.<\/p>\n","protected":false},"excerpt":{"rendered":"<p>O Quadrado decidiu dar uma festa na qual s\u00f3 podia entrar quem tivesse quatro lados iguais. As outras formas ficaram muito irritadas e quase deu confus\u00e3o! Mas o Ret\u00e2ngulo teve uma ideia diferente. Ser\u00e1 que ele vai conseguir salvar o dia?<\/p>\n<p>Uma hist\u00f3ria divertida para falar de inclus\u00e3o, perd\u00e3o, amizade e de como podemos usar nossas diferen\u00e7as para nos unir ao inv\u00e9s de nos separar.<\/p>\n<p>&nbsp;<\/p>\n","protected":false},"featured_media":619,"comment_status":"closed","ping_status":"closed","template":"","meta":[],"product_brand":[],"product_cat":[25],"product_tag":[134,152],"class_list":{"0":"post-618","1":"product","2":"type-product","3":"status-publish","4":"has-post-thumbnail","6":"product_cat-domik-educacional","7":"product_tag-ate-1o-ano","8":"product_tag-fund-1","10":"first","11":"instock","12":"featured","13":"shipping-taxable","14":"purchasable","15":"product-type-simple"},"_links":{"self":[{"href":"https:\/\/acsi.com.br\/lojavirtual\/wp-json\/wp\/v2\/product\/618","targetHints":{"allow":["GET"]}}],"collection":[{"href":"https:\/\/acsi.com.br\/lojavirtual\/wp-json\/wp\/v2\/product"}],"about":[{"href":"https:\/\/acsi.com.br\/lojavirtual\/wp-json\/wp\/v2\/types\/product"}],"replies":[{"embeddable":true,"href":"https:\/\/acsi.com.br\/lojavirtual\/wp-json\/wp\/v2\/comments?post=618"}],"version-history":[{"count":1,"href":"https:\/\/acsi.com.br\/lojavirtual\/wp-json\/wp\/v2\/product\/618\/revisions"}],"predecessor-version":[{"id":620,"href":"https:\/\/acsi.com.br\/lojavirtual\/wp-json\/wp\/v2\/product\/618\/revisions\/620"}],"wp:featuredmedia":[{"embeddable":true,"href":"https:\/\/acsi.com.br\/lojavirtual\/wp-json\/wp\/v2\/media\/619"}],"wp:attachment":[{"href":"https:\/\/acsi.com.br\/lojavirtual\/wp-json\/wp\/v2\/media?parent=618"}],"wp:term":[{"taxonomy":"product_brand","embeddable":true,"href":"https:\/\/acsi.com.br\/lojavirtual\/wp-json\/wp\/v2\/product_brand?post=618"},{"taxonomy":"product_cat","embeddable":true,"href":"https:\/\/acsi.com.br\/lojavirtual\/wp-json\/wp\/v2\/product_cat?post=618"},{"taxonomy":"product_tag","embeddable":true,"href":"https:\/\/acsi.com.br\/lojavirtual\/wp-json\/wp\/v2\/product_tag?post=618"}],"curies":[{"name":"wp","href":"https:\/\/api.w.org\/{rel}","templated":true}]}}