{"id":615,"date":"2023-08-09T18:43:55","date_gmt":"2023-08-09T18:43:55","guid":{"rendered":"https:\/\/acsi.com.br\/lojavirtual\/?post_type=product&#038;p=615"},"modified":"2026-04-28T18:15:57","modified_gmt":"2026-04-28T21:15:57","slug":"o-maior-dos-baixinhos","status":"publish","type":"product","link":"https:\/\/acsi.com.br\/lojavirtual\/produto\/o-maior-dos-baixinhos\/","title":{"rendered":"O maior dos Baixinhos"},"content":{"rendered":"<p>Bem-vindo \u00e0 Vila das Varetas, onde moram os baixinhos e os pernas de pau. Todas as tardes, os baixinhos se encontram na pra\u00e7a e esperam ganhar suas pernas de pau e, assim, fazer parte da turma dos grandes.<\/p>\n<p>Os baixinhos querem ser bonitos, legais e populares, como os grandes que andam em varetas. Tavinho sempre quis ser escolhido. Ele queria andar com os maiores da vila. Seria uma grande honra&#8230;<\/p>\n<p>Mas ent\u00e3o Tavinho conheceu algu\u00e9m muito especial, que o chamou quando ele estava por baixo, e disse: &#8220;Voc\u00ea \u00e9 Importante para mim&#8221;. A partir desse dia, Tavinho come\u00e7ou a se sentir grande, muito grande, maior do que se usasse a maior das varetas.<\/p>\n","protected":false},"excerpt":{"rendered":"<p>Bem-vindo \u00e0 Vila das Varetas, onde moram os baixinhos e os pernas de pau. Todas as tardes, os baixinhos se encontram na pra\u00e7a e esperam ganhar suas pernas de pau e, assim, fazer parte da turma dos grandes.<\/p>\n<p>Os baixinhos querem ser bonitos, legais e populares, como os grandes que andam em varetas. Tavinho sempre quis ser escolhido. Ele queria andar com os maiores da vila. Seria uma grande honra&#8230;<\/p>\n<p>Mas ent\u00e3o Tavinho conheceu algu\u00e9m muito especial, que o chamou quando ele estava por baixo, e disse: &#8220;Voc\u00ea \u00e9 Importante para mim&#8221;. A partir desse dia, Tavinho come\u00e7ou a se sentir grande, muito grande, maior do que se usasse a maior das varetas.<\/p>\n","protected":false},"featured_media":616,"comment_status":"closed","ping_status":"closed","template":"","meta":[],"product_brand":[],"product_cat":[32],"product_tag":[137,152],"class_list":{"0":"post-615","1":"product","2":"type-product","3":"status-publish","4":"has-post-thumbnail","6":"product_cat-livraria-100-cristao","7":"product_tag-ate-3o-ano","8":"product_tag-fund-1","10":"first","11":"instock","12":"shipping-taxable","13":"purchasable","14":"product-type-simple"},"_links":{"self":[{"href":"https:\/\/acsi.com.br\/lojavirtual\/wp-json\/wp\/v2\/product\/615","targetHints":{"allow":["GET"]}}],"collection":[{"href":"https:\/\/acsi.com.br\/lojavirtual\/wp-json\/wp\/v2\/product"}],"about":[{"href":"https:\/\/acsi.com.br\/lojavirtual\/wp-json\/wp\/v2\/types\/product"}],"replies":[{"embeddable":true,"href":"https:\/\/acsi.com.br\/lojavirtual\/wp-json\/wp\/v2\/comments?post=615"}],"version-history":[{"count":1,"href":"https:\/\/acsi.com.br\/lojavirtual\/wp-json\/wp\/v2\/product\/615\/revisions"}],"predecessor-version":[{"id":617,"href":"https:\/\/acsi.com.br\/lojavirtual\/wp-json\/wp\/v2\/product\/615\/revisions\/617"}],"wp:featuredmedia":[{"embeddable":true,"href":"https:\/\/acsi.com.br\/lojavirtual\/wp-json\/wp\/v2\/media\/616"}],"wp:attachment":[{"href":"https:\/\/acsi.com.br\/lojavirtual\/wp-json\/wp\/v2\/media?parent=615"}],"wp:term":[{"taxonomy":"product_brand","embeddable":true,"href":"https:\/\/acsi.com.br\/lojavirtual\/wp-json\/wp\/v2\/product_brand?post=615"},{"taxonomy":"product_cat","embeddable":true,"href":"https:\/\/acsi.com.br\/lojavirtual\/wp-json\/wp\/v2\/product_cat?post=615"},{"taxonomy":"product_tag","embeddable":true,"href":"https:\/\/acsi.com.br\/lojavirtual\/wp-json\/wp\/v2\/product_tag?post=615"}],"curies":[{"name":"wp","href":"https:\/\/api.w.org\/{rel}","templated":true}]}}