{"id":61,"date":"2023-06-21T19:22:39","date_gmt":"2023-06-21T19:22:39","guid":{"rendered":"https:\/\/acsi.com.br\/lojavirtual\/?post_type=product&#038;p=61"},"modified":"2026-05-04T06:07:15","modified_gmt":"2026-05-04T09:07:15","slug":"felisbela-cara-de","status":"publish","type":"product","link":"https:\/\/acsi.com.br\/lojavirtual\/produto\/felisbela-cara-de\/","title":{"rendered":"Felisbela Cara de&#8230;"},"content":{"rendered":"<p>Felisbela est\u00e1 doente! Os sintomas s\u00e3o bem estranhos e acabam por tornar a vida da menina um po\u00e7o de tristeza e ang\u00fastia, tudo causado pela insensibilidade de um colega nada compassivo. Ser\u00e1 que a Felisbela encontrar\u00e1 a cura para esse terr\u00edvel mal? A narrativa dessa hist\u00f3ria trata de um assunto muito atual e presente em nossas escolas &#8211; o Bullying. De forma criativa e l\u00fadica esse assunto \u00e9 abordado nas p\u00e1ginas desse livro, conduzindo o leitor a uma reflex\u00e3o sobre esse tema pertinente.<\/p>\n","protected":false},"excerpt":{"rendered":"<p>Felisbela est\u00e1 doente! Os sintomas s\u00e3o bem estranhos e acabam por tornar a vida da menina um po\u00e7o de tristeza e ang\u00fastia, tudo causado pela insensibilidade de um colega nada compassivo. Ser\u00e1 que a Felisbela encontrar\u00e1 a cura para esse terr\u00edvel mal? A narrativa dessa hist\u00f3ria trata de um assunto muito atual e presente em nossas escolas &#8211; o Bullying. De forma criativa e l\u00fadica esse assunto \u00e9 abordado nas p\u00e1ginas desse livro, conduzindo o leitor a uma reflex\u00e3o sobre esse tema pertinente.<\/p>\n","protected":false},"featured_media":751,"comment_status":"closed","ping_status":"closed","template":"","meta":[],"product_brand":[],"product_cat":[18],"product_tag":[137,152],"class_list":{"0":"post-61","1":"product","2":"type-product","3":"status-publish","4":"has-post-thumbnail","6":"product_cat-debs-editora","7":"product_tag-ate-3o-ano","8":"product_tag-fund-1","10":"first","11":"instock","12":"shipping-taxable","13":"purchasable","14":"product-type-simple"},"_links":{"self":[{"href":"https:\/\/acsi.com.br\/lojavirtual\/wp-json\/wp\/v2\/product\/61","targetHints":{"allow":["GET"]}}],"collection":[{"href":"https:\/\/acsi.com.br\/lojavirtual\/wp-json\/wp\/v2\/product"}],"about":[{"href":"https:\/\/acsi.com.br\/lojavirtual\/wp-json\/wp\/v2\/types\/product"}],"replies":[{"embeddable":true,"href":"https:\/\/acsi.com.br\/lojavirtual\/wp-json\/wp\/v2\/comments?post=61"}],"version-history":[{"count":1,"href":"https:\/\/acsi.com.br\/lojavirtual\/wp-json\/wp\/v2\/product\/61\/revisions"}],"predecessor-version":[{"id":62,"href":"https:\/\/acsi.com.br\/lojavirtual\/wp-json\/wp\/v2\/product\/61\/revisions\/62"}],"wp:featuredmedia":[{"embeddable":true,"href":"https:\/\/acsi.com.br\/lojavirtual\/wp-json\/wp\/v2\/media\/751"}],"wp:attachment":[{"href":"https:\/\/acsi.com.br\/lojavirtual\/wp-json\/wp\/v2\/media?parent=61"}],"wp:term":[{"taxonomy":"product_brand","embeddable":true,"href":"https:\/\/acsi.com.br\/lojavirtual\/wp-json\/wp\/v2\/product_brand?post=61"},{"taxonomy":"product_cat","embeddable":true,"href":"https:\/\/acsi.com.br\/lojavirtual\/wp-json\/wp\/v2\/product_cat?post=61"},{"taxonomy":"product_tag","embeddable":true,"href":"https:\/\/acsi.com.br\/lojavirtual\/wp-json\/wp\/v2\/product_tag?post=61"}],"curies":[{"name":"wp","href":"https:\/\/api.w.org\/{rel}","templated":true}]}}