{"id":609,"date":"2023-08-09T18:40:40","date_gmt":"2023-08-09T18:40:40","guid":{"rendered":"https:\/\/acsi.com.br\/lojavirtual\/?post_type=product&#038;p=609"},"modified":"2026-04-16T20:59:06","modified_gmt":"2026-04-16T23:59:06","slug":"o-juiz-do-coracao","status":"publish","type":"product","link":"https:\/\/acsi.com.br\/lojavirtual\/produto\/o-juiz-do-coracao\/","title":{"rendered":"O juiz do Cora\u00e7\u00e3o"},"content":{"rendered":"<p>Que a paz de Cristo seja o juiz em seu cora\u00e7\u00e3o&#8230;&#8221; Colossenses 3:15<\/p>\n<p>O campeonato de beisebol do Zoo Alegria est\u00e1 a todo vapor! Os Selvagens, liderados por Rui, a girafa, colecionam vit\u00f3rias. No entanto, quando Tito, o tatu, come\u00e7a a cometer erros, o sonho de conquistar o trof\u00e9u de primeiro lugar parece ficar mais distante.<\/p>\n<p>Rui est\u00e1 t\u00e3o focado em ganhar o campeonato que toma uma decis\u00e3o que deixa o seu cora\u00e7\u00e3o muito apertado. Ser\u00e1 que Rui tomou a decis\u00e3o correta? Como o treinador Papudo o ensina, h\u00e1 um juiz que nos ajuda a fazer boas escolhas na vida: a paz.<\/p>\n","protected":false},"excerpt":{"rendered":"<p>Que a paz de Cristo seja o juiz em seu cora\u00e7\u00e3o&#8230;&#8221; Colossenses 3:15<\/p>\n<p>O campeonato de beisebol do Zoo Alegria est\u00e1 a todo vapor! Os Selvagens, liderados por Rui, a girafa, colecionam vit\u00f3rias. No entanto, quando Tito, o tatu, come\u00e7a a cometer erros, o sonho de conquistar o trof\u00e9u de primeiro lugar parece ficar mais distante.<\/p>\n<p>Rui est\u00e1 t\u00e3o focado em ganhar o campeonato que toma uma decis\u00e3o que deixa o seu cora\u00e7\u00e3o muito apertado. Ser\u00e1 que Rui tomou a decis\u00e3o correta? Como o treinador Papudo o ensina, h\u00e1 um juiz que nos ajuda a fazer boas escolhas na vida: a paz.<\/p>\n","protected":false},"featured_media":610,"comment_status":"closed","ping_status":"closed","template":"","meta":[],"product_brand":[],"product_cat":[32],"product_tag":[137,152],"class_list":{"0":"post-609","1":"product","2":"type-product","3":"status-publish","4":"has-post-thumbnail","6":"product_cat-livraria-100-cristao","7":"product_tag-ate-3o-ano","8":"product_tag-fund-1","10":"first","11":"instock","12":"featured","13":"shipping-taxable","14":"purchasable","15":"product-type-simple"},"_links":{"self":[{"href":"https:\/\/acsi.com.br\/lojavirtual\/wp-json\/wp\/v2\/product\/609","targetHints":{"allow":["GET"]}}],"collection":[{"href":"https:\/\/acsi.com.br\/lojavirtual\/wp-json\/wp\/v2\/product"}],"about":[{"href":"https:\/\/acsi.com.br\/lojavirtual\/wp-json\/wp\/v2\/types\/product"}],"replies":[{"embeddable":true,"href":"https:\/\/acsi.com.br\/lojavirtual\/wp-json\/wp\/v2\/comments?post=609"}],"version-history":[{"count":1,"href":"https:\/\/acsi.com.br\/lojavirtual\/wp-json\/wp\/v2\/product\/609\/revisions"}],"predecessor-version":[{"id":611,"href":"https:\/\/acsi.com.br\/lojavirtual\/wp-json\/wp\/v2\/product\/609\/revisions\/611"}],"wp:featuredmedia":[{"embeddable":true,"href":"https:\/\/acsi.com.br\/lojavirtual\/wp-json\/wp\/v2\/media\/610"}],"wp:attachment":[{"href":"https:\/\/acsi.com.br\/lojavirtual\/wp-json\/wp\/v2\/media?parent=609"}],"wp:term":[{"taxonomy":"product_brand","embeddable":true,"href":"https:\/\/acsi.com.br\/lojavirtual\/wp-json\/wp\/v2\/product_brand?post=609"},{"taxonomy":"product_cat","embeddable":true,"href":"https:\/\/acsi.com.br\/lojavirtual\/wp-json\/wp\/v2\/product_cat?post=609"},{"taxonomy":"product_tag","embeddable":true,"href":"https:\/\/acsi.com.br\/lojavirtual\/wp-json\/wp\/v2\/product_tag?post=609"}],"curies":[{"name":"wp","href":"https:\/\/api.w.org\/{rel}","templated":true}]}}