{"id":600,"date":"2023-08-09T18:34:12","date_gmt":"2023-08-09T18:34:12","guid":{"rendered":"https:\/\/acsi.com.br\/lojavirtual\/?post_type=product&#038;p=600"},"modified":"2026-04-16T20:59:06","modified_gmt":"2026-04-16T23:59:06","slug":"tudo-o-que-voce-precisa","status":"publish","type":"product","link":"https:\/\/acsi.com.br\/lojavirtual\/produto\/tudo-o-que-voce-precisa\/","title":{"rendered":"Tudo o que voc\u00ea precisa"},"content":{"rendered":"<p>Imagine uma terra seca, muito seca, onde cada gota de chuva \u00e9 como ouro puro. E, no meio dessa terra \u00e1rida, uma aldeia cheia de pessoas que necessitam de mais que alguns baldes de \u00e1gua de chuva para sobreviver.<\/p>\n<p>Felizmente, Tobias vive ali perto. Ele \u00e9 dono da \u00fanica fonte naquele deserto, da qual jorra \u00e1gua fresca e cristalina &#8211; \u00e1gua que ele e seu filho d\u00e3o, alegremente, a todos que lhe pedem. Ele \u00e9 carinhosamente chamado de o Dono-da-\u00e1gua, e acredita que a \u00e1gua deve ser dada a todos.<\/p>\n<p>Por\u00e9m, quando o Dono-da-\u00e1gua parte numa viagem inesperada, as pessoas da aldeia t\u00eam uma compreens\u00e3o totalmente nova do maravilhoso presente que ele lhes dava &#8211; o \u00fanico presente de que elas realmente precisam!<\/p>\n<p>Uma hist\u00f3ria sobre a gra\u00e7a e bondade de Deus, recheada de ilustra\u00e7\u00f5es para enriquecer os cora\u00e7\u00f5es de crian\u00e7as e adultos.<\/p>\n","protected":false},"excerpt":{"rendered":"<p>Imagine uma terra seca, muito seca, onde cada gota de chuva \u00e9 como ouro puro. E, no meio dessa terra \u00e1rida, uma aldeia cheia de pessoas que necessitam de mais que alguns baldes de \u00e1gua de chuva para sobreviver.<\/p>\n<p>Felizmente, Tobias vive ali perto. Ele \u00e9 dono da \u00fanica fonte naquele deserto, da qual jorra \u00e1gua fresca e cristalina &#8211; \u00e1gua que ele e seu filho d\u00e3o, alegremente, a todos que lhe pedem. Ele \u00e9 carinhosamente chamado de o Dono-da-\u00e1gua, e acredita que a \u00e1gua deve ser dada a todos.<\/p>\n<p>Por\u00e9m, quando o Dono-da-\u00e1gua parte numa viagem inesperada, as pessoas da aldeia t\u00eam uma compreens\u00e3o totalmente nova do maravilhoso presente que ele lhes dava &#8211; o \u00fanico presente de que elas realmente precisam!<\/p>\n<p>Uma hist\u00f3ria sobre a gra\u00e7a e bondade de Deus, recheada de ilustra\u00e7\u00f5es para enriquecer os cora\u00e7\u00f5es de crian\u00e7as e adultos.<\/p>\n","protected":false},"featured_media":601,"comment_status":"closed","ping_status":"closed","template":"","meta":[],"product_brand":[],"product_cat":[32],"product_tag":[139,152],"class_list":{"0":"post-600","1":"product","2":"type-product","3":"status-publish","4":"has-post-thumbnail","6":"product_cat-livraria-100-cristao","7":"product_tag-ate-5o-ano","8":"product_tag-fund-1","10":"first","11":"instock","12":"shipping-taxable","13":"purchasable","14":"product-type-simple"},"_links":{"self":[{"href":"https:\/\/acsi.com.br\/lojavirtual\/wp-json\/wp\/v2\/product\/600","targetHints":{"allow":["GET"]}}],"collection":[{"href":"https:\/\/acsi.com.br\/lojavirtual\/wp-json\/wp\/v2\/product"}],"about":[{"href":"https:\/\/acsi.com.br\/lojavirtual\/wp-json\/wp\/v2\/types\/product"}],"replies":[{"embeddable":true,"href":"https:\/\/acsi.com.br\/lojavirtual\/wp-json\/wp\/v2\/comments?post=600"}],"version-history":[{"count":1,"href":"https:\/\/acsi.com.br\/lojavirtual\/wp-json\/wp\/v2\/product\/600\/revisions"}],"predecessor-version":[{"id":602,"href":"https:\/\/acsi.com.br\/lojavirtual\/wp-json\/wp\/v2\/product\/600\/revisions\/602"}],"wp:featuredmedia":[{"embeddable":true,"href":"https:\/\/acsi.com.br\/lojavirtual\/wp-json\/wp\/v2\/media\/601"}],"wp:attachment":[{"href":"https:\/\/acsi.com.br\/lojavirtual\/wp-json\/wp\/v2\/media?parent=600"}],"wp:term":[{"taxonomy":"product_brand","embeddable":true,"href":"https:\/\/acsi.com.br\/lojavirtual\/wp-json\/wp\/v2\/product_brand?post=600"},{"taxonomy":"product_cat","embeddable":true,"href":"https:\/\/acsi.com.br\/lojavirtual\/wp-json\/wp\/v2\/product_cat?post=600"},{"taxonomy":"product_tag","embeddable":true,"href":"https:\/\/acsi.com.br\/lojavirtual\/wp-json\/wp\/v2\/product_tag?post=600"}],"curies":[{"name":"wp","href":"https:\/\/api.w.org\/{rel}","templated":true}]}}