{"id":591,"date":"2023-08-09T18:28:11","date_gmt":"2023-08-09T18:28:11","guid":{"rendered":"https:\/\/acsi.com.br\/lojavirtual\/?post_type=product&#038;p=591"},"modified":"2026-04-16T20:59:06","modified_gmt":"2026-04-16T23:59:06","slug":"o-presente-especial","status":"publish","type":"product","link":"https:\/\/acsi.com.br\/lojavirtual\/produto\/o-presente-especial\/","title":{"rendered":"O presente Especial"},"content":{"rendered":"<p>Certa manh\u00e3, os xulingos acordam e descobrem que ganharam O Presente Especial; eles est\u00e3o muito animados.<\/p>\n<p>CADA UM RECEBEU O PRESENTE QUE SERVIA PERFEITAMENTE PARA CADA UM DELES!<\/p>\n<p>\u00c0 medida que cada um deles descobre para o que realmente serve o presente, percebem algo muito melhor que apenas um martelo ou uma colher &#8211; descobrem que podem usar esse presente para fazer diferen\u00e7a.<\/p>\n<p>Esta hist\u00f3ria mostra para as crian\u00e7as que lhes foi dado um dom especial que podem usar para ajudar \u00e0queles que precisam ajuda.<\/p>\n","protected":false},"excerpt":{"rendered":"<p>Certa manh\u00e3, os xulingos acordam e descobrem que ganharam O Presente Especial; eles est\u00e3o muito animados.<\/p>\n<p>CADA UM RECEBEU O PRESENTE QUE SERVIA PERFEITAMENTE PARA CADA UM DELES!<\/p>\n<p>\u00c0 medida que cada um deles descobre para o que realmente serve o presente, percebem algo muito melhor que apenas um martelo ou uma colher &#8211; descobrem que podem usar esse presente para fazer diferen\u00e7a.<\/p>\n<p>Esta hist\u00f3ria mostra para as crian\u00e7as que lhes foi dado um dom especial que podem usar para ajudar \u00e0queles que precisam ajuda.<\/p>\n","protected":false},"featured_media":592,"comment_status":"closed","ping_status":"closed","template":"","meta":[],"product_brand":[],"product_cat":[32],"product_tag":[139,152],"class_list":{"0":"post-591","1":"product","2":"type-product","3":"status-publish","4":"has-post-thumbnail","6":"product_cat-livraria-100-cristao","7":"product_tag-ate-5o-ano","8":"product_tag-fund-1","10":"first","11":"instock","12":"shipping-taxable","13":"purchasable","14":"product-type-simple"},"_links":{"self":[{"href":"https:\/\/acsi.com.br\/lojavirtual\/wp-json\/wp\/v2\/product\/591","targetHints":{"allow":["GET"]}}],"collection":[{"href":"https:\/\/acsi.com.br\/lojavirtual\/wp-json\/wp\/v2\/product"}],"about":[{"href":"https:\/\/acsi.com.br\/lojavirtual\/wp-json\/wp\/v2\/types\/product"}],"replies":[{"embeddable":true,"href":"https:\/\/acsi.com.br\/lojavirtual\/wp-json\/wp\/v2\/comments?post=591"}],"version-history":[{"count":1,"href":"https:\/\/acsi.com.br\/lojavirtual\/wp-json\/wp\/v2\/product\/591\/revisions"}],"predecessor-version":[{"id":593,"href":"https:\/\/acsi.com.br\/lojavirtual\/wp-json\/wp\/v2\/product\/591\/revisions\/593"}],"wp:featuredmedia":[{"embeddable":true,"href":"https:\/\/acsi.com.br\/lojavirtual\/wp-json\/wp\/v2\/media\/592"}],"wp:attachment":[{"href":"https:\/\/acsi.com.br\/lojavirtual\/wp-json\/wp\/v2\/media?parent=591"}],"wp:term":[{"taxonomy":"product_brand","embeddable":true,"href":"https:\/\/acsi.com.br\/lojavirtual\/wp-json\/wp\/v2\/product_brand?post=591"},{"taxonomy":"product_cat","embeddable":true,"href":"https:\/\/acsi.com.br\/lojavirtual\/wp-json\/wp\/v2\/product_cat?post=591"},{"taxonomy":"product_tag","embeddable":true,"href":"https:\/\/acsi.com.br\/lojavirtual\/wp-json\/wp\/v2\/product_tag?post=591"}],"curies":[{"name":"wp","href":"https:\/\/api.w.org\/{rel}","templated":true}]}}