{"id":584,"date":"2023-08-09T18:23:21","date_gmt":"2023-08-09T18:23:21","guid":{"rendered":"https:\/\/acsi.com.br\/lojavirtual\/?post_type=product&#038;p=584"},"modified":"2026-04-16T20:59:06","modified_gmt":"2026-04-16T23:59:06","slug":"voce-e-meu","status":"publish","type":"product","link":"https:\/\/acsi.com.br\/lojavirtual\/produto\/voce-e-meu\/","title":{"rendered":"Voc\u00ea \u00e9 meu"},"content":{"rendered":"<p>Marcinelo queria ser igual aos outros. Para isso, queria adquirir tudo o que os outros tinham para ser valorizado. Mas ele nunca imaginou que o pre\u00e7o fosse t\u00e3o alto. Nesta bela hist\u00f3ria, o autor ensina \u00e0s crian\u00e7as (e aos adultos) que o que mais importa \u00e9 quem elas s\u00e3o e a quem elas pertencem.<\/p>\n","protected":false},"excerpt":{"rendered":"<p>Marcinelo queria ser igual aos outros. Para isso, queria adquirir tudo o que os outros tinham para ser valorizado. Mas ele nunca imaginou que o pre\u00e7o fosse t\u00e3o alto. Nesta bela hist\u00f3ria, o autor ensina \u00e0s crian\u00e7as (e aos adultos) que o que mais importa \u00e9 quem elas s\u00e3o e a quem elas pertencem.<\/p>\n<p>&nbsp;<\/p>\n","protected":false},"featured_media":586,"comment_status":"closed","ping_status":"closed","template":"","meta":[],"product_brand":[],"product_cat":[32],"product_tag":[139,152],"class_list":{"0":"post-584","1":"product","2":"type-product","3":"status-publish","4":"has-post-thumbnail","6":"product_cat-livraria-100-cristao","7":"product_tag-ate-5o-ano","8":"product_tag-fund-1","10":"first","11":"instock","12":"shipping-taxable","13":"purchasable","14":"product-type-simple"},"_links":{"self":[{"href":"https:\/\/acsi.com.br\/lojavirtual\/wp-json\/wp\/v2\/product\/584","targetHints":{"allow":["GET"]}}],"collection":[{"href":"https:\/\/acsi.com.br\/lojavirtual\/wp-json\/wp\/v2\/product"}],"about":[{"href":"https:\/\/acsi.com.br\/lojavirtual\/wp-json\/wp\/v2\/types\/product"}],"replies":[{"embeddable":true,"href":"https:\/\/acsi.com.br\/lojavirtual\/wp-json\/wp\/v2\/comments?post=584"}],"version-history":[{"count":1,"href":"https:\/\/acsi.com.br\/lojavirtual\/wp-json\/wp\/v2\/product\/584\/revisions"}],"predecessor-version":[{"id":587,"href":"https:\/\/acsi.com.br\/lojavirtual\/wp-json\/wp\/v2\/product\/584\/revisions\/587"}],"wp:featuredmedia":[{"embeddable":true,"href":"https:\/\/acsi.com.br\/lojavirtual\/wp-json\/wp\/v2\/media\/586"}],"wp:attachment":[{"href":"https:\/\/acsi.com.br\/lojavirtual\/wp-json\/wp\/v2\/media?parent=584"}],"wp:term":[{"taxonomy":"product_brand","embeddable":true,"href":"https:\/\/acsi.com.br\/lojavirtual\/wp-json\/wp\/v2\/product_brand?post=584"},{"taxonomy":"product_cat","embeddable":true,"href":"https:\/\/acsi.com.br\/lojavirtual\/wp-json\/wp\/v2\/product_cat?post=584"},{"taxonomy":"product_tag","embeddable":true,"href":"https:\/\/acsi.com.br\/lojavirtual\/wp-json\/wp\/v2\/product_tag?post=584"}],"curies":[{"name":"wp","href":"https:\/\/api.w.org\/{rel}","templated":true}]}}