{"id":58,"date":"2023-06-21T15:58:25","date_gmt":"2023-06-21T15:58:25","guid":{"rendered":"https:\/\/acsi.com.br\/lojavirtual\/?post_type=product&#038;p=58"},"modified":"2026-05-04T06:07:15","modified_gmt":"2026-05-04T09:07:15","slug":"ei-psiu-meu-rabinho-sumiu","status":"publish","type":"product","link":"https:\/\/acsi.com.br\/lojavirtual\/produto\/ei-psiu-meu-rabinho-sumiu\/","title":{"rendered":"Ei, psiu&#8230; Meu rabinho sumiu!"},"content":{"rendered":"<p>Um dia uma lagartixa, agitada e muito estressada, perde o seu rabinho e vive uma aventura desesperada a sua procura. Consulta diversos bichos, mas cada um tamb\u00e9m tem as suas preocupa\u00e7\u00f5es e a evitam. Ser\u00e1 que algu\u00e9m poder\u00e1 ajud\u00e1-la? A hist\u00f3ria aborda assuntos como: ansiedade, preocupa\u00e7\u00e3o, ecologia, conviv\u00eancia, fam\u00edlia e a fauna brasileira.<\/p>\n","protected":false},"excerpt":{"rendered":"<p>Um dia uma lagartixa, agitada e muito estressada, perde o seu rabinho e vive uma aventura desesperada a sua procura. Consulta diversos bichos, mas cada um tamb\u00e9m tem as suas preocupa\u00e7\u00f5es e a evitam. Ser\u00e1 que algu\u00e9m poder\u00e1 ajud\u00e1-la? A hist\u00f3ria aborda assuntos como: ansiedade, preocupa\u00e7\u00e3o, ecologia, conviv\u00eancia, fam\u00edlia e a fauna brasileira.<\/p>\n","protected":false},"featured_media":750,"comment_status":"closed","ping_status":"closed","template":"","meta":[],"product_brand":[],"product_cat":[18],"product_tag":[134,152],"class_list":{"0":"post-58","1":"product","2":"type-product","3":"status-publish","4":"has-post-thumbnail","6":"product_cat-debs-editora","7":"product_tag-ate-1o-ano","8":"product_tag-fund-1","10":"first","11":"instock","12":"shipping-taxable","13":"purchasable","14":"product-type-simple"},"_links":{"self":[{"href":"https:\/\/acsi.com.br\/lojavirtual\/wp-json\/wp\/v2\/product\/58","targetHints":{"allow":["GET"]}}],"collection":[{"href":"https:\/\/acsi.com.br\/lojavirtual\/wp-json\/wp\/v2\/product"}],"about":[{"href":"https:\/\/acsi.com.br\/lojavirtual\/wp-json\/wp\/v2\/types\/product"}],"replies":[{"embeddable":true,"href":"https:\/\/acsi.com.br\/lojavirtual\/wp-json\/wp\/v2\/comments?post=58"}],"version-history":[{"count":1,"href":"https:\/\/acsi.com.br\/lojavirtual\/wp-json\/wp\/v2\/product\/58\/revisions"}],"predecessor-version":[{"id":59,"href":"https:\/\/acsi.com.br\/lojavirtual\/wp-json\/wp\/v2\/product\/58\/revisions\/59"}],"wp:featuredmedia":[{"embeddable":true,"href":"https:\/\/acsi.com.br\/lojavirtual\/wp-json\/wp\/v2\/media\/750"}],"wp:attachment":[{"href":"https:\/\/acsi.com.br\/lojavirtual\/wp-json\/wp\/v2\/media?parent=58"}],"wp:term":[{"taxonomy":"product_brand","embeddable":true,"href":"https:\/\/acsi.com.br\/lojavirtual\/wp-json\/wp\/v2\/product_brand?post=58"},{"taxonomy":"product_cat","embeddable":true,"href":"https:\/\/acsi.com.br\/lojavirtual\/wp-json\/wp\/v2\/product_cat?post=58"},{"taxonomy":"product_tag","embeddable":true,"href":"https:\/\/acsi.com.br\/lojavirtual\/wp-json\/wp\/v2\/product_tag?post=58"}],"curies":[{"name":"wp","href":"https:\/\/api.w.org\/{rel}","templated":true}]}}