{"id":578,"date":"2023-08-09T17:58:23","date_gmt":"2023-08-09T17:58:23","guid":{"rendered":"https:\/\/acsi.com.br\/lojavirtual\/?post_type=product&#038;p=578"},"modified":"2026-04-16T20:59:06","modified_gmt":"2026-04-16T23:59:06","slug":"o-melhor-de-todos","status":"publish","type":"product","link":"https:\/\/acsi.com.br\/lojavirtual\/produto\/o-melhor-de-todos\/","title":{"rendered":"O Melhor de Todos"},"content":{"rendered":"<p>A chegada de uma famosa xulinga causou o maior rebuli\u00e7o em Xulingol\u00e2ndia e deixou Marcinelo chateado. Mas Eli, o carpinteiro, ajudou Marcinelo a perceber que ele n\u00e3o precisava ser feito da madeira &#8220;certa&#8221; para ser especial: Eli disse: &#8211; Voc\u00ea \u00e9 desse jeito, porque Eu o fiz desse jeito. \u00c0s vezes, pensamos que precisamos ser como as pessoas famosas ou bonitas para sermos especiais. Deus pensa diferente; Ele nos fez da maneira que somos &#8211; com um prop\u00f3sito.<\/p>\n","protected":false},"excerpt":{"rendered":"<p>A chegada de uma famosa xulinga causou o maior rebuli\u00e7o em Xulingol\u00e2ndia e deixou Marcinelo chateado. Mas Eli, o carpinteiro, ajudou Marcinelo a perceber que ele n\u00e3o precisava ser feito da madeira &#8220;certa&#8221; para ser especial: Eli disse: &#8211; Voc\u00ea \u00e9 desse jeito, porque Eu o fiz desse jeito. \u00c0s vezes, pensamos que precisamos ser como as pessoas famosas ou bonitas para sermos especiais. Deus pensa diferente; Ele nos fez da maneira que somos &#8211; com um prop\u00f3sito.<\/p>\n<p>&nbsp;<\/p>\n","protected":false},"featured_media":579,"comment_status":"closed","ping_status":"closed","template":"","meta":[],"product_brand":[],"product_cat":[32],"product_tag":[139,152],"class_list":{"0":"post-578","1":"product","2":"type-product","3":"status-publish","4":"has-post-thumbnail","6":"product_cat-livraria-100-cristao","7":"product_tag-ate-5o-ano","8":"product_tag-fund-1","10":"first","11":"instock","12":"shipping-taxable","13":"purchasable","14":"product-type-simple"},"_links":{"self":[{"href":"https:\/\/acsi.com.br\/lojavirtual\/wp-json\/wp\/v2\/product\/578","targetHints":{"allow":["GET"]}}],"collection":[{"href":"https:\/\/acsi.com.br\/lojavirtual\/wp-json\/wp\/v2\/product"}],"about":[{"href":"https:\/\/acsi.com.br\/lojavirtual\/wp-json\/wp\/v2\/types\/product"}],"replies":[{"embeddable":true,"href":"https:\/\/acsi.com.br\/lojavirtual\/wp-json\/wp\/v2\/comments?post=578"}],"version-history":[{"count":1,"href":"https:\/\/acsi.com.br\/lojavirtual\/wp-json\/wp\/v2\/product\/578\/revisions"}],"predecessor-version":[{"id":580,"href":"https:\/\/acsi.com.br\/lojavirtual\/wp-json\/wp\/v2\/product\/578\/revisions\/580"}],"wp:featuredmedia":[{"embeddable":true,"href":"https:\/\/acsi.com.br\/lojavirtual\/wp-json\/wp\/v2\/media\/579"}],"wp:attachment":[{"href":"https:\/\/acsi.com.br\/lojavirtual\/wp-json\/wp\/v2\/media?parent=578"}],"wp:term":[{"taxonomy":"product_brand","embeddable":true,"href":"https:\/\/acsi.com.br\/lojavirtual\/wp-json\/wp\/v2\/product_brand?post=578"},{"taxonomy":"product_cat","embeddable":true,"href":"https:\/\/acsi.com.br\/lojavirtual\/wp-json\/wp\/v2\/product_cat?post=578"},{"taxonomy":"product_tag","embeddable":true,"href":"https:\/\/acsi.com.br\/lojavirtual\/wp-json\/wp\/v2\/product_tag?post=578"}],"curies":[{"name":"wp","href":"https:\/\/api.w.org\/{rel}","templated":true}]}}