{"id":566,"date":"2023-08-09T17:37:41","date_gmt":"2023-08-09T17:37:41","guid":{"rendered":"https:\/\/acsi.com.br\/lojavirtual\/?post_type=product&#038;p=566"},"modified":"2026-04-16T20:59:06","modified_gmt":"2026-04-16T23:59:06","slug":"turminha-corajosa-e-esperta","status":"publish","type":"product","link":"https:\/\/acsi.com.br\/lojavirtual\/produto\/turminha-corajosa-e-esperta\/","title":{"rendered":"Turminha Corajosa e Esperta"},"content":{"rendered":"<p>Turminha corajosa e esperta nasceu do cora\u00e7\u00e3o de suas autoras \u2014 a psicopedagoga Marlene Antunes e a cantora Marcela Ta\u00eds \u2014, preocupadas com os altos \u00edndices de viol\u00eancia sexual infantil, e de seu desejo de proteger as crian\u00e7as de tal trauma, contribuindo para o di\u00e1logo nas fam\u00edlias, salas de aula, minist\u00e9rios infantis e demais espa\u00e7os.<\/p>\n<p>Atrav\u00e9s de um dia no clubinho, o livro apresenta conceitos b\u00e1sicos sobre trocas afetivas, corpo e cuidado, ensinando as crian\u00e7as, de forma l\u00fadica e descomplicada, a diferenciar atos de afeto de atos de abuso e a reconhecer potenciais situa\u00e7\u00f5es de perigo.<\/p>\n","protected":false},"excerpt":{"rendered":"<p>Turminha corajosa e esperta nasceu do cora\u00e7\u00e3o de suas autoras \u2014 a psicopedagoga Marlene Antunes e a cantora Marcela Ta\u00eds \u2014, preocupadas com os altos \u00edndices de viol\u00eancia sexual infantil, e de seu desejo de proteger as crian\u00e7as de tal trauma, contribuindo para o di\u00e1logo nas fam\u00edlias, salas de aula, minist\u00e9rios infantis e demais espa\u00e7os.<\/p>\n<p>Atrav\u00e9s de um dia no clubinho, o livro apresenta conceitos b\u00e1sicos sobre trocas afetivas, corpo e cuidado, ensinando as crian\u00e7as, de forma l\u00fadica e descomplicada, a diferenciar atos de afeto de atos de abuso e a reconhecer potenciais situa\u00e7\u00f5es de perigo.<\/p>\n<p>&nbsp;<\/p>\n","protected":false},"featured_media":567,"comment_status":"closed","ping_status":"closed","template":"","meta":[],"product_brand":[],"product_cat":[31],"product_tag":[138,152],"class_list":{"0":"post-566","1":"product","2":"type-product","3":"status-publish","4":"has-post-thumbnail","6":"product_cat-thomas-nelson","7":"product_tag-ate-4o-ano","8":"product_tag-fund-1","10":"first","11":"instock","12":"shipping-taxable","13":"purchasable","14":"product-type-simple"},"_links":{"self":[{"href":"https:\/\/acsi.com.br\/lojavirtual\/wp-json\/wp\/v2\/product\/566","targetHints":{"allow":["GET"]}}],"collection":[{"href":"https:\/\/acsi.com.br\/lojavirtual\/wp-json\/wp\/v2\/product"}],"about":[{"href":"https:\/\/acsi.com.br\/lojavirtual\/wp-json\/wp\/v2\/types\/product"}],"replies":[{"embeddable":true,"href":"https:\/\/acsi.com.br\/lojavirtual\/wp-json\/wp\/v2\/comments?post=566"}],"version-history":[{"count":2,"href":"https:\/\/acsi.com.br\/lojavirtual\/wp-json\/wp\/v2\/product\/566\/revisions"}],"predecessor-version":[{"id":2495,"href":"https:\/\/acsi.com.br\/lojavirtual\/wp-json\/wp\/v2\/product\/566\/revisions\/2495"}],"wp:featuredmedia":[{"embeddable":true,"href":"https:\/\/acsi.com.br\/lojavirtual\/wp-json\/wp\/v2\/media\/567"}],"wp:attachment":[{"href":"https:\/\/acsi.com.br\/lojavirtual\/wp-json\/wp\/v2\/media?parent=566"}],"wp:term":[{"taxonomy":"product_brand","embeddable":true,"href":"https:\/\/acsi.com.br\/lojavirtual\/wp-json\/wp\/v2\/product_brand?post=566"},{"taxonomy":"product_cat","embeddable":true,"href":"https:\/\/acsi.com.br\/lojavirtual\/wp-json\/wp\/v2\/product_cat?post=566"},{"taxonomy":"product_tag","embeddable":true,"href":"https:\/\/acsi.com.br\/lojavirtual\/wp-json\/wp\/v2\/product_tag?post=566"}],"curies":[{"name":"wp","href":"https:\/\/api.w.org\/{rel}","templated":true}]}}