{"id":563,"date":"2023-08-09T17:35:20","date_gmt":"2023-08-09T17:35:20","guid":{"rendered":"https:\/\/acsi.com.br\/lojavirtual\/?post_type=product&#038;p=563"},"modified":"2026-04-16T20:59:06","modified_gmt":"2026-04-16T23:59:06","slug":"um-gatinho-corajoso","status":"publish","type":"product","link":"https:\/\/acsi.com.br\/lojavirtual\/produto\/um-gatinho-corajoso\/","title":{"rendered":"Um gatinho corajoso"},"content":{"rendered":"<p>Eu sou um gato GRANDE. Eu sou um gato FORTE. N\u00e3o sou um gatinho medroso&#8230; A n\u00e3o ser quando&#8230; Escrito por Max Lucado, autor best-seller do New York Times, Um gatinho corajoso \u00e9 um divertido livro ilustrado que ajuda crian\u00e7as a lidar com seus medos e suas preocupa\u00e7\u00f5es e a aprender a confiar em Deus.<\/p>\n<p>Acompanhe uma s\u00e9rie de desventuras que o gatinho medroso enfrenta ao deparar com seus piores medos: uma assustadora por\u00e7\u00e3o de confeitos coloridos em uma rosquinha, um elefante prestes a soltar um espirro estrondoso e as terr\u00edveis batidas de um rel\u00f3gio.<\/p>\n<p>Para cada um dos medos, Max prop\u00f5e uma reconfortante vers\u00e3o infantil de Filipenses 4:6-9: \u201cDeus, voc\u00ea \u00e9 bom. Deus, voc\u00ea est\u00e1 comigo. Deus, voc\u00ea est\u00e1 aqui! E, Deus, voc\u00ea me ama\u201d Al\u00e9m de uma leitura prazerosa, Um gatinho corajoso vai abrir caminho para conversas importantes sobre o medo, de uma maneira tranquila, ajudando a promover coragem divina nas crian\u00e7as.<\/p>\n","protected":false},"excerpt":{"rendered":"<p>Eu sou um gato GRANDE. Eu sou um gato FORTE. N\u00e3o sou um gatinho medroso&#8230; A n\u00e3o ser quando&#8230; Escrito por Max Lucado, autor best-seller do New York Times, Um gatinho corajoso \u00e9 um divertido livro ilustrado que ajuda crian\u00e7as a lidar com seus medos e suas preocupa\u00e7\u00f5es e a aprender a confiar em Deus.<\/p>\n<p>Acompanhe uma s\u00e9rie de desventuras que o gatinho medroso enfrenta ao deparar com seus piores medos: uma assustadora por\u00e7\u00e3o de confeitos coloridos em uma rosquinha, um elefante prestes a soltar um espirro estrondoso e as terr\u00edveis batidas de um rel\u00f3gio.<\/p>\n<p>Para cada um dos medos, Max prop\u00f5e uma reconfortante vers\u00e3o infantil de Filipenses 4:6-9: \u201cDeus, voc\u00ea \u00e9 bom. Deus, voc\u00ea est\u00e1 comigo. Deus, voc\u00ea est\u00e1 aqui! E, Deus, voc\u00ea me ama\u201d Al\u00e9m de uma leitura prazerosa, Um gatinho corajoso vai abrir caminho para conversas importantes sobre o medo, de uma maneira tranquila, ajudando a promover coragem divina nas crian\u00e7as.<\/p>\n<p>&nbsp;<\/p>\n","protected":false},"featured_media":564,"comment_status":"closed","ping_status":"closed","template":"","meta":[],"product_brand":[],"product_cat":[31],"product_tag":[134,152],"class_list":{"0":"post-563","1":"product","2":"type-product","3":"status-publish","4":"has-post-thumbnail","6":"product_cat-thomas-nelson","7":"product_tag-ate-1o-ano","8":"product_tag-fund-1","10":"first","11":"outofstock","12":"featured","13":"shipping-taxable","14":"purchasable","15":"product-type-simple"},"_links":{"self":[{"href":"https:\/\/acsi.com.br\/lojavirtual\/wp-json\/wp\/v2\/product\/563","targetHints":{"allow":["GET"]}}],"collection":[{"href":"https:\/\/acsi.com.br\/lojavirtual\/wp-json\/wp\/v2\/product"}],"about":[{"href":"https:\/\/acsi.com.br\/lojavirtual\/wp-json\/wp\/v2\/types\/product"}],"replies":[{"embeddable":true,"href":"https:\/\/acsi.com.br\/lojavirtual\/wp-json\/wp\/v2\/comments?post=563"}],"version-history":[{"count":1,"href":"https:\/\/acsi.com.br\/lojavirtual\/wp-json\/wp\/v2\/product\/563\/revisions"}],"predecessor-version":[{"id":565,"href":"https:\/\/acsi.com.br\/lojavirtual\/wp-json\/wp\/v2\/product\/563\/revisions\/565"}],"wp:featuredmedia":[{"embeddable":true,"href":"https:\/\/acsi.com.br\/lojavirtual\/wp-json\/wp\/v2\/media\/564"}],"wp:attachment":[{"href":"https:\/\/acsi.com.br\/lojavirtual\/wp-json\/wp\/v2\/media?parent=563"}],"wp:term":[{"taxonomy":"product_brand","embeddable":true,"href":"https:\/\/acsi.com.br\/lojavirtual\/wp-json\/wp\/v2\/product_brand?post=563"},{"taxonomy":"product_cat","embeddable":true,"href":"https:\/\/acsi.com.br\/lojavirtual\/wp-json\/wp\/v2\/product_cat?post=563"},{"taxonomy":"product_tag","embeddable":true,"href":"https:\/\/acsi.com.br\/lojavirtual\/wp-json\/wp\/v2\/product_tag?post=563"}],"curies":[{"name":"wp","href":"https:\/\/api.w.org\/{rel}","templated":true}]}}