{"id":554,"date":"2023-08-08T23:32:59","date_gmt":"2023-08-08T23:32:59","guid":{"rendered":"https:\/\/acsi.com.br\/lojavirtual\/?post_type=product&#038;p=554"},"modified":"2026-04-16T20:59:06","modified_gmt":"2026-04-16T23:59:06","slug":"a-voz-do-povo-e-a-voz-de-deus","status":"publish","type":"product","link":"https:\/\/acsi.com.br\/lojavirtual\/produto\/a-voz-do-povo-e-a-voz-de-deus\/","title":{"rendered":"A voz do povo e a voz de Deus"},"content":{"rendered":"<p>Em A voz do povo e a voz de Deus: Como Jesus confirma ou contradiz a cultura popular, \u00c1gatha Heap, pastora e mestre em Religi\u00e3o, analisa vinte ditos populares \u00e0 luz das Escrituras, tornando o livro uma ferramenta de grande valia para a discuss\u00e3o saud\u00e1vel sobre f\u00e9 e cultura.<\/p>\n<p>Por meio da obra, \u00c1gatha conduz os leitores a uma reflex\u00e3o instigante, mostrando em quais ditos h\u00e1 concord\u00e2ncia, discord\u00e2ncia ou eventuais ressalvas. F\u00e1cil de ler e repleto de li\u00e7\u00f5es pr\u00e1ticas para o dia a dia, trata de assuntos profundos da teologia e da caminhada crist\u00e3 de forma acess\u00edvel, tornando a experi\u00eancia de leitura uma agrad\u00e1vel oportunidade de aprendizado.<\/p>\n","protected":false},"excerpt":{"rendered":"<p>Em A voz do povo e a voz de Deus: Como Jesus confirma ou contradiz a cultura popular, \u00c1gatha Heap, pastora e mestre em Religi\u00e3o, analisa vinte ditos populares \u00e0 luz das Escrituras, tornando o livro uma ferramenta de grande valia para a discuss\u00e3o saud\u00e1vel sobre f\u00e9 e cultura.<\/p>\n<p>Por meio da obra, \u00c1gatha conduz os leitores a uma reflex\u00e3o instigante, mostrando em quais ditos h\u00e1 concord\u00e2ncia, discord\u00e2ncia ou eventuais ressalvas. F\u00e1cil de ler e repleto de li\u00e7\u00f5es pr\u00e1ticas para o dia a dia, trata de assuntos profundos da teologia e da caminhada crist\u00e3 de forma acess\u00edvel, tornando a experi\u00eancia de leitura uma agrad\u00e1vel oportunidade de aprendizado.<\/p>\n<p>&nbsp;<\/p>\n","protected":false},"featured_media":555,"comment_status":"closed","ping_status":"closed","template":"","meta":[],"product_brand":[],"product_cat":[30],"product_tag":[142,140,141],"class_list":{"0":"post-554","1":"product","2":"type-product","3":"status-publish","4":"has-post-thumbnail","6":"product_cat-mundo-cristao","7":"product_tag-ensino-medio","8":"product_tag-fund-2","9":"product_tag-fund-2-e-medio","11":"first","12":"instock","13":"shipping-taxable","14":"purchasable","15":"product-type-simple"},"_links":{"self":[{"href":"https:\/\/acsi.com.br\/lojavirtual\/wp-json\/wp\/v2\/product\/554","targetHints":{"allow":["GET"]}}],"collection":[{"href":"https:\/\/acsi.com.br\/lojavirtual\/wp-json\/wp\/v2\/product"}],"about":[{"href":"https:\/\/acsi.com.br\/lojavirtual\/wp-json\/wp\/v2\/types\/product"}],"replies":[{"embeddable":true,"href":"https:\/\/acsi.com.br\/lojavirtual\/wp-json\/wp\/v2\/comments?post=554"}],"version-history":[{"count":1,"href":"https:\/\/acsi.com.br\/lojavirtual\/wp-json\/wp\/v2\/product\/554\/revisions"}],"predecessor-version":[{"id":556,"href":"https:\/\/acsi.com.br\/lojavirtual\/wp-json\/wp\/v2\/product\/554\/revisions\/556"}],"wp:featuredmedia":[{"embeddable":true,"href":"https:\/\/acsi.com.br\/lojavirtual\/wp-json\/wp\/v2\/media\/555"}],"wp:attachment":[{"href":"https:\/\/acsi.com.br\/lojavirtual\/wp-json\/wp\/v2\/media?parent=554"}],"wp:term":[{"taxonomy":"product_brand","embeddable":true,"href":"https:\/\/acsi.com.br\/lojavirtual\/wp-json\/wp\/v2\/product_brand?post=554"},{"taxonomy":"product_cat","embeddable":true,"href":"https:\/\/acsi.com.br\/lojavirtual\/wp-json\/wp\/v2\/product_cat?post=554"},{"taxonomy":"product_tag","embeddable":true,"href":"https:\/\/acsi.com.br\/lojavirtual\/wp-json\/wp\/v2\/product_tag?post=554"}],"curies":[{"name":"wp","href":"https:\/\/api.w.org\/{rel}","templated":true}]}}