{"id":551,"date":"2023-08-08T23:29:52","date_gmt":"2023-08-08T23:29:52","guid":{"rendered":"https:\/\/acsi.com.br\/lojavirtual\/?post_type=product&#038;p=551"},"modified":"2026-04-16T20:59:06","modified_gmt":"2026-04-16T23:59:06","slug":"cristianismo-bem-explicado","status":"publish","type":"product","link":"https:\/\/acsi.com.br\/lojavirtual\/produto\/cristianismo-bem-explicado\/","title":{"rendered":"Cristianismo bem explicado"},"content":{"rendered":"<p>Neste quarto volume, o autor trabalha assuntos relacionados a tr\u00eas grandes tem\u00e1ticas: \u201cO homem e o mundo\u201d, \u201cDeus e o mundo\u201d e \u201cA mente do mundo\u201d. Na primeira, Augustus dialoga com o leitor sobre como o crist\u00e3o deve colocar-se em um meio refrat\u00e1rio \u00e0 f\u00e9 crist\u00e3. Na segunda, trata da soberania de Deus, quest\u00e3o fundamental para a f\u00e9, e suas aplica\u00e7\u00f5es para o momento presente. Na terceira, Augustus analisa o festival de bobagens que povoam o ambiente evang\u00e9lico e que perigosamente distorcem a f\u00e9.<\/p>\n","protected":false},"excerpt":{"rendered":"<p>Neste quarto volume, o autor trabalha assuntos relacionados a tr\u00eas grandes tem\u00e1ticas: \u201cO homem e o mundo\u201d, \u201cDeus e o mundo\u201d e \u201cA mente do mundo\u201d. Na primeira, Augustus dialoga com o leitor sobre como o crist\u00e3o deve colocar-se em um meio refrat\u00e1rio \u00e0 f\u00e9 crist\u00e3. Na segunda, trata da soberania de Deus, quest\u00e3o fundamental para a f\u00e9, e suas aplica\u00e7\u00f5es para o momento presente. Na terceira, Augustus analisa o festival de bobagens que povoam o ambiente evang\u00e9lico e que perigosamente distorcem a f\u00e9.<\/p>\n<p>&nbsp;<\/p>\n","protected":false},"featured_media":552,"comment_status":"closed","ping_status":"closed","template":"","meta":[],"product_brand":[],"product_cat":[30],"product_tag":[142,140,141],"class_list":{"0":"post-551","1":"product","2":"type-product","3":"status-publish","4":"has-post-thumbnail","6":"product_cat-mundo-cristao","7":"product_tag-ensino-medio","8":"product_tag-fund-2","9":"product_tag-fund-2-e-medio","11":"first","12":"instock","13":"shipping-taxable","14":"purchasable","15":"product-type-simple"},"_links":{"self":[{"href":"https:\/\/acsi.com.br\/lojavirtual\/wp-json\/wp\/v2\/product\/551","targetHints":{"allow":["GET"]}}],"collection":[{"href":"https:\/\/acsi.com.br\/lojavirtual\/wp-json\/wp\/v2\/product"}],"about":[{"href":"https:\/\/acsi.com.br\/lojavirtual\/wp-json\/wp\/v2\/types\/product"}],"replies":[{"embeddable":true,"href":"https:\/\/acsi.com.br\/lojavirtual\/wp-json\/wp\/v2\/comments?post=551"}],"version-history":[{"count":2,"href":"https:\/\/acsi.com.br\/lojavirtual\/wp-json\/wp\/v2\/product\/551\/revisions"}],"predecessor-version":[{"id":3368,"href":"https:\/\/acsi.com.br\/lojavirtual\/wp-json\/wp\/v2\/product\/551\/revisions\/3368"}],"wp:featuredmedia":[{"embeddable":true,"href":"https:\/\/acsi.com.br\/lojavirtual\/wp-json\/wp\/v2\/media\/552"}],"wp:attachment":[{"href":"https:\/\/acsi.com.br\/lojavirtual\/wp-json\/wp\/v2\/media?parent=551"}],"wp:term":[{"taxonomy":"product_brand","embeddable":true,"href":"https:\/\/acsi.com.br\/lojavirtual\/wp-json\/wp\/v2\/product_brand?post=551"},{"taxonomy":"product_cat","embeddable":true,"href":"https:\/\/acsi.com.br\/lojavirtual\/wp-json\/wp\/v2\/product_cat?post=551"},{"taxonomy":"product_tag","embeddable":true,"href":"https:\/\/acsi.com.br\/lojavirtual\/wp-json\/wp\/v2\/product_tag?post=551"}],"curies":[{"name":"wp","href":"https:\/\/api.w.org\/{rel}","templated":true}]}}