{"id":548,"date":"2023-08-08T23:28:10","date_gmt":"2023-08-08T23:28:10","guid":{"rendered":"https:\/\/acsi.com.br\/lojavirtual\/?post_type=product&#038;p=548"},"modified":"2026-04-16T20:59:06","modified_gmt":"2026-04-16T23:59:06","slug":"o-ritual","status":"publish","type":"product","link":"https:\/\/acsi.com.br\/lojavirtual\/produto\/o-ritual\/","title":{"rendered":"O ritual"},"content":{"rendered":"<p>O que fazer quando a sua vida e a das pessoas que voc\u00ea mais ama correm s\u00e9rio risco? Como preservar a f\u00e9 quando o mundo inteiro parece conspirar contra voc\u00ea? Neste quarto volume da s\u00e9rie \u201cAventuras de Daniel\u201d, nosso protagonista se v\u00ea diante da maior amea\u00e7a que j\u00e1 enfrentou: uma organiza\u00e7\u00e3o secreta que n\u00e3o medir\u00e1 esfor\u00e7os para afast\u00e1-lo de Deus. O ritual \u00e9 n\u00e3o apenas uma aventura imperd\u00edvel, mas tamb\u00e9m uma li\u00e7\u00e3o sobre como um jovem crist\u00e3o pode combater o mal com o aux\u00edlio das verdades b\u00edblicas. O ritual \u00e9 o quarto livro da s\u00e9rie \u201cAventuras de Daniel\u201d. S\u00e3o hist\u00f3rias eletrizantes, repletas de ensinamentos crist\u00e3os. Conhe\u00e7a os tr\u00eas outros livros da s\u00e9rie: O enigma da B\u00edblia de Gutenberg, Sete enigmas e um tesouro e O mist\u00e9rio de Cruz das Almas.<\/p>\n","protected":false},"excerpt":{"rendered":"<p>O que fazer quando a sua vida e a das pessoas que voc\u00ea mais ama correm s\u00e9rio risco? Como preservar a f\u00e9 quando o mundo inteiro parece conspirar contra voc\u00ea? Neste quarto volume da s\u00e9rie \u201cAventuras de Daniel\u201d, nosso protagonista se v\u00ea diante da maior amea\u00e7a que j\u00e1 enfrentou: uma organiza\u00e7\u00e3o secreta que n\u00e3o medir\u00e1 esfor\u00e7os para afast\u00e1-lo de Deus. O ritual \u00e9 n\u00e3o apenas uma aventura imperd\u00edvel, mas tamb\u00e9m uma li\u00e7\u00e3o sobre como um jovem crist\u00e3o pode combater o mal com o aux\u00edlio das verdades b\u00edblicas. O ritual \u00e9 o quarto livro da s\u00e9rie \u201cAventuras de Daniel\u201d. S\u00e3o hist\u00f3rias eletrizantes, repletas de ensinamentos crist\u00e3os. Conhe\u00e7a os tr\u00eas outros livros da s\u00e9rie: O enigma da B\u00edblia de Gutenberg, Sete enigmas e um tesouro e O mist\u00e9rio de Cruz das Almas.<\/p>\n<p>&nbsp;<\/p>\n","protected":false},"featured_media":549,"comment_status":"closed","ping_status":"closed","template":"","meta":[],"product_brand":[],"product_cat":[30],"product_tag":[142,140,141],"class_list":{"0":"post-548","1":"product","2":"type-product","3":"status-publish","4":"has-post-thumbnail","6":"product_cat-mundo-cristao","7":"product_tag-ensino-medio","8":"product_tag-fund-2","9":"product_tag-fund-2-e-medio","11":"first","12":"instock","13":"shipping-taxable","14":"purchasable","15":"product-type-simple"},"_links":{"self":[{"href":"https:\/\/acsi.com.br\/lojavirtual\/wp-json\/wp\/v2\/product\/548","targetHints":{"allow":["GET"]}}],"collection":[{"href":"https:\/\/acsi.com.br\/lojavirtual\/wp-json\/wp\/v2\/product"}],"about":[{"href":"https:\/\/acsi.com.br\/lojavirtual\/wp-json\/wp\/v2\/types\/product"}],"replies":[{"embeddable":true,"href":"https:\/\/acsi.com.br\/lojavirtual\/wp-json\/wp\/v2\/comments?post=548"}],"version-history":[{"count":1,"href":"https:\/\/acsi.com.br\/lojavirtual\/wp-json\/wp\/v2\/product\/548\/revisions"}],"predecessor-version":[{"id":550,"href":"https:\/\/acsi.com.br\/lojavirtual\/wp-json\/wp\/v2\/product\/548\/revisions\/550"}],"wp:featuredmedia":[{"embeddable":true,"href":"https:\/\/acsi.com.br\/lojavirtual\/wp-json\/wp\/v2\/media\/549"}],"wp:attachment":[{"href":"https:\/\/acsi.com.br\/lojavirtual\/wp-json\/wp\/v2\/media?parent=548"}],"wp:term":[{"taxonomy":"product_brand","embeddable":true,"href":"https:\/\/acsi.com.br\/lojavirtual\/wp-json\/wp\/v2\/product_brand?post=548"},{"taxonomy":"product_cat","embeddable":true,"href":"https:\/\/acsi.com.br\/lojavirtual\/wp-json\/wp\/v2\/product_cat?post=548"},{"taxonomy":"product_tag","embeddable":true,"href":"https:\/\/acsi.com.br\/lojavirtual\/wp-json\/wp\/v2\/product_tag?post=548"}],"curies":[{"name":"wp","href":"https:\/\/api.w.org\/{rel}","templated":true}]}}