{"id":545,"date":"2023-08-08T23:24:20","date_gmt":"2023-08-08T23:24:20","guid":{"rendered":"https:\/\/acsi.com.br\/lojavirtual\/?post_type=product&#038;p=545"},"modified":"2026-04-16T20:59:06","modified_gmt":"2026-04-16T23:59:06","slug":"sete-enigmas-e-um-tesouro","status":"publish","type":"product","link":"https:\/\/acsi.com.br\/lojavirtual\/produto\/sete-enigmas-e-um-tesouro\/","title":{"rendered":"Sete enigmas e um tesouro"},"content":{"rendered":"<p>O tempo est\u00e1 esgotando. \u00c9 vida ou morte.<br \/>\nH\u00e1 sete enigmas para resolver, e a vida de seu amigo depende disso.<\/p>\n<p>Ap\u00f3s encarar o enigma da B\u00edblia de Gutenberg, Daniel enfrenta uma nova e perigosa aventura, que p\u00f5e sua f\u00e9 \u00e0 prova. Ser\u00e1 que ele conseguir\u00e1 permanecer firme ou colocar\u00e1 tudo a perder?<\/p>\n<p>Descubra neste eletrizante thriller espiritual.<\/p>\n","protected":false},"excerpt":{"rendered":"<p>O tempo est\u00e1 esgotando. \u00c9 vida ou morte.<br \/>\nH\u00e1 sete enigmas para resolver, e a vida de seu amigo depende disso.<\/p>\n<p>Ap\u00f3s encarar o enigma da B\u00edblia de Gutenberg, Daniel enfrenta uma nova e perigosa aventura, que p\u00f5e sua f\u00e9 \u00e0 prova. Ser\u00e1 que ele conseguir\u00e1 permanecer firme ou colocar\u00e1 tudo a perder?<\/p>\n<p>Descubra neste eletrizante thriller espiritual.<\/p>\n<p>&nbsp;<\/p>\n","protected":false},"featured_media":546,"comment_status":"closed","ping_status":"closed","template":"","meta":[],"product_brand":[],"product_cat":[30],"product_tag":[142,140,141],"class_list":{"0":"post-545","1":"product","2":"type-product","3":"status-publish","4":"has-post-thumbnail","6":"product_cat-mundo-cristao","7":"product_tag-ensino-medio","8":"product_tag-fund-2","9":"product_tag-fund-2-e-medio","11":"first","12":"instock","13":"shipping-taxable","14":"purchasable","15":"product-type-simple"},"_links":{"self":[{"href":"https:\/\/acsi.com.br\/lojavirtual\/wp-json\/wp\/v2\/product\/545","targetHints":{"allow":["GET"]}}],"collection":[{"href":"https:\/\/acsi.com.br\/lojavirtual\/wp-json\/wp\/v2\/product"}],"about":[{"href":"https:\/\/acsi.com.br\/lojavirtual\/wp-json\/wp\/v2\/types\/product"}],"replies":[{"embeddable":true,"href":"https:\/\/acsi.com.br\/lojavirtual\/wp-json\/wp\/v2\/comments?post=545"}],"version-history":[{"count":2,"href":"https:\/\/acsi.com.br\/lojavirtual\/wp-json\/wp\/v2\/product\/545\/revisions"}],"predecessor-version":[{"id":2494,"href":"https:\/\/acsi.com.br\/lojavirtual\/wp-json\/wp\/v2\/product\/545\/revisions\/2494"}],"wp:featuredmedia":[{"embeddable":true,"href":"https:\/\/acsi.com.br\/lojavirtual\/wp-json\/wp\/v2\/media\/546"}],"wp:attachment":[{"href":"https:\/\/acsi.com.br\/lojavirtual\/wp-json\/wp\/v2\/media?parent=545"}],"wp:term":[{"taxonomy":"product_brand","embeddable":true,"href":"https:\/\/acsi.com.br\/lojavirtual\/wp-json\/wp\/v2\/product_brand?post=545"},{"taxonomy":"product_cat","embeddable":true,"href":"https:\/\/acsi.com.br\/lojavirtual\/wp-json\/wp\/v2\/product_cat?post=545"},{"taxonomy":"product_tag","embeddable":true,"href":"https:\/\/acsi.com.br\/lojavirtual\/wp-json\/wp\/v2\/product_tag?post=545"}],"curies":[{"name":"wp","href":"https:\/\/api.w.org\/{rel}","templated":true}]}}