{"id":542,"date":"2023-08-08T23:20:23","date_gmt":"2023-08-08T23:20:23","guid":{"rendered":"https:\/\/acsi.com.br\/lojavirtual\/?post_type=product&#038;p=542"},"modified":"2026-04-16T20:59:07","modified_gmt":"2026-04-16T23:59:07","slug":"o-misterio-de-cruz-das-almas","status":"publish","type":"product","link":"https:\/\/acsi.com.br\/lojavirtual\/produto\/o-misterio-de-cruz-das-almas\/","title":{"rendered":"O mist\u00e9rio de cruz das almas"},"content":{"rendered":"<p>Depois de O enigma da B\u00edblia de Gutenberg e de Sete enigmas e um tesouro, livros da s\u00e9rie Aventuras de Daniel, escrita por Maur\u00edcio Z\u00e1gari, a Mundo Crist\u00e3o lan\u00e7a O mist\u00e9rio de Cruz das Almas, uma nova e eletrizante hist\u00f3ria que promete cativar leitores de todas as idades.<\/p>\n<p>Desta vez, Daniel parte em uma viagem mission\u00e1ria e se v\u00ea envolvido numa trama apavorante, um mist\u00e9rio sobrenatural que coloca sua f\u00e9 em Deus \u00e0 prova e o leva a questionar as pr\u00f3prias cren\u00e7as. Na obra, Maur\u00edcio aborda temas como a f\u00e9 em Deus em meio ao sofrimento, a prioriza\u00e7\u00e3o do que \u00e9 mais importante, a rela\u00e7\u00e3o com pr\u00e1ticas ocultistas e a import\u00e2ncia do evangelismo, tudo em um enredo de tirar o f\u00f4lego!<\/p>\n<p>O mist\u00e9rio de Cruz das Almas \u00e9 uma leitura repleta de a\u00e7\u00e3o, investiga\u00e7\u00e3o e adrenalina, um verdadeiro thriller espiritual que promove excelentes valores!<\/p>\n","protected":false},"excerpt":{"rendered":"<p>Depois de O enigma da B\u00edblia de Gutenberg e de Sete enigmas e um tesouro, livros da s\u00e9rie Aventuras de Daniel, escrita por Maur\u00edcio Z\u00e1gari, a Mundo Crist\u00e3o lan\u00e7a O mist\u00e9rio de Cruz das Almas, uma nova e eletrizante hist\u00f3ria que promete cativar leitores de todas as idades.<\/p>\n<p>Desta vez, Daniel parte em uma viagem mission\u00e1ria e se v\u00ea envolvido numa trama apavorante, um mist\u00e9rio sobrenatural que coloca sua f\u00e9 em Deus \u00e0 prova e o leva a questionar as pr\u00f3prias cren\u00e7as. Na obra, Maur\u00edcio aborda temas como a f\u00e9 em Deus em meio ao sofrimento, a prioriza\u00e7\u00e3o do que \u00e9 mais importante, a rela\u00e7\u00e3o com pr\u00e1ticas ocultistas e a import\u00e2ncia do evangelismo, tudo em um enredo de tirar o f\u00f4lego!<\/p>\n<p>O mist\u00e9rio de Cruz das Almas \u00e9 uma leitura repleta de a\u00e7\u00e3o, investiga\u00e7\u00e3o e adrenalina, um verdadeiro thriller espiritual que promove excelentes valores!<\/p>\n<p>&nbsp;<\/p>\n","protected":false},"featured_media":543,"comment_status":"closed","ping_status":"closed","template":"","meta":[],"product_brand":[],"product_cat":[30],"product_tag":[142,140,141],"class_list":{"0":"post-542","1":"product","2":"type-product","3":"status-publish","4":"has-post-thumbnail","6":"product_cat-mundo-cristao","7":"product_tag-ensino-medio","8":"product_tag-fund-2","9":"product_tag-fund-2-e-medio","11":"first","12":"instock","13":"shipping-taxable","14":"purchasable","15":"product-type-simple"},"_links":{"self":[{"href":"https:\/\/acsi.com.br\/lojavirtual\/wp-json\/wp\/v2\/product\/542","targetHints":{"allow":["GET"]}}],"collection":[{"href":"https:\/\/acsi.com.br\/lojavirtual\/wp-json\/wp\/v2\/product"}],"about":[{"href":"https:\/\/acsi.com.br\/lojavirtual\/wp-json\/wp\/v2\/types\/product"}],"replies":[{"embeddable":true,"href":"https:\/\/acsi.com.br\/lojavirtual\/wp-json\/wp\/v2\/comments?post=542"}],"version-history":[{"count":1,"href":"https:\/\/acsi.com.br\/lojavirtual\/wp-json\/wp\/v2\/product\/542\/revisions"}],"predecessor-version":[{"id":544,"href":"https:\/\/acsi.com.br\/lojavirtual\/wp-json\/wp\/v2\/product\/542\/revisions\/544"}],"wp:featuredmedia":[{"embeddable":true,"href":"https:\/\/acsi.com.br\/lojavirtual\/wp-json\/wp\/v2\/media\/543"}],"wp:attachment":[{"href":"https:\/\/acsi.com.br\/lojavirtual\/wp-json\/wp\/v2\/media?parent=542"}],"wp:term":[{"taxonomy":"product_brand","embeddable":true,"href":"https:\/\/acsi.com.br\/lojavirtual\/wp-json\/wp\/v2\/product_brand?post=542"},{"taxonomy":"product_cat","embeddable":true,"href":"https:\/\/acsi.com.br\/lojavirtual\/wp-json\/wp\/v2\/product_cat?post=542"},{"taxonomy":"product_tag","embeddable":true,"href":"https:\/\/acsi.com.br\/lojavirtual\/wp-json\/wp\/v2\/product_tag?post=542"}],"curies":[{"name":"wp","href":"https:\/\/api.w.org\/{rel}","templated":true}]}}