{"id":54,"date":"2023-06-21T14:59:51","date_gmt":"2023-06-21T14:59:51","guid":{"rendered":"https:\/\/acsi.com.br\/lojavirtual\/?post_type=product&#038;p=54"},"modified":"2026-05-04T06:07:15","modified_gmt":"2026-05-04T09:07:15","slug":"ben-o-aventurado","status":"publish","type":"product","link":"https:\/\/acsi.com.br\/lojavirtual\/produto\/ben-o-aventurado\/","title":{"rendered":"Ben, o aventurado"},"content":{"rendered":"<p>Benjamin, conhecido como Ben, \u00e9 um cavaleiro que conquistou diversos pr\u00eamios ao longo de sua carreira. Por\u00e9m, apesar de tanto sucesso, Ben n\u00e3o desfruta da felicidade de ter um prop\u00f3sito em sua vida. Da\u00ed, a partir de um encontro inusitado, uma miss\u00e3o lhe \u00e9 proposta que o far\u00e1 se deparar com in\u00fameras situa\u00e7\u00f5es, onde as bem-aventuran\u00e7as servir\u00e3o como elementos para sua transforma\u00e7\u00e3o e conquista de sua felicidade pessoal.<\/p>\n","protected":false},"excerpt":{"rendered":"<p>Benjamin, conhecido como Ben, \u00e9 um cavaleiro que conquistou diversos pr\u00eamios ao longo de sua carreira. Por\u00e9m, apesar de tanto sucesso, Ben n\u00e3o desfruta da felicidade de ter um prop\u00f3sito em sua vida. Da\u00ed, a partir de um encontro inusitado, uma miss\u00e3o lhe \u00e9 proposta que o far\u00e1 se deparar com in\u00fameras situa\u00e7\u00f5es, onde as bem-aventuran\u00e7as servir\u00e3o como elementos para sua transforma\u00e7\u00e3o e conquista de sua felicidade pessoal.<\/p>\n","protected":false},"featured_media":749,"comment_status":"closed","ping_status":"closed","template":"","meta":[],"product_brand":[],"product_cat":[18],"product_tag":[139,152],"class_list":{"0":"post-54","1":"product","2":"type-product","3":"status-publish","4":"has-post-thumbnail","6":"product_cat-debs-editora","7":"product_tag-ate-5o-ano","8":"product_tag-fund-1","10":"first","11":"instock","12":"shipping-taxable","13":"purchasable","14":"product-type-simple"},"_links":{"self":[{"href":"https:\/\/acsi.com.br\/lojavirtual\/wp-json\/wp\/v2\/product\/54","targetHints":{"allow":["GET"]}}],"collection":[{"href":"https:\/\/acsi.com.br\/lojavirtual\/wp-json\/wp\/v2\/product"}],"about":[{"href":"https:\/\/acsi.com.br\/lojavirtual\/wp-json\/wp\/v2\/types\/product"}],"replies":[{"embeddable":true,"href":"https:\/\/acsi.com.br\/lojavirtual\/wp-json\/wp\/v2\/comments?post=54"}],"version-history":[{"count":1,"href":"https:\/\/acsi.com.br\/lojavirtual\/wp-json\/wp\/v2\/product\/54\/revisions"}],"predecessor-version":[{"id":55,"href":"https:\/\/acsi.com.br\/lojavirtual\/wp-json\/wp\/v2\/product\/54\/revisions\/55"}],"wp:featuredmedia":[{"embeddable":true,"href":"https:\/\/acsi.com.br\/lojavirtual\/wp-json\/wp\/v2\/media\/749"}],"wp:attachment":[{"href":"https:\/\/acsi.com.br\/lojavirtual\/wp-json\/wp\/v2\/media?parent=54"}],"wp:term":[{"taxonomy":"product_brand","embeddable":true,"href":"https:\/\/acsi.com.br\/lojavirtual\/wp-json\/wp\/v2\/product_brand?post=54"},{"taxonomy":"product_cat","embeddable":true,"href":"https:\/\/acsi.com.br\/lojavirtual\/wp-json\/wp\/v2\/product_cat?post=54"},{"taxonomy":"product_tag","embeddable":true,"href":"https:\/\/acsi.com.br\/lojavirtual\/wp-json\/wp\/v2\/product_tag?post=54"}],"curies":[{"name":"wp","href":"https:\/\/api.w.org\/{rel}","templated":true}]}}