{"id":539,"date":"2023-08-08T23:16:57","date_gmt":"2023-08-08T23:16:57","guid":{"rendered":"https:\/\/acsi.com.br\/lojavirtual\/?post_type=product&#038;p=539"},"modified":"2026-04-24T20:01:35","modified_gmt":"2026-04-24T23:01:35","slug":"o-enigma-da-biblia-de-gutenberg","status":"publish","type":"product","link":"https:\/\/acsi.com.br\/lojavirtual\/produto\/o-enigma-da-biblia-de-gutenberg\/","title":{"rendered":"O enigma da B\u00edblia de Gutenberg"},"content":{"rendered":"<p>Um furto misterioso. Uma acusa\u00e7\u00e3o injusta. E um surpreendente jornada em busca da verdade. Daniel, um<br \/>\njovem crist\u00e3o determinado a encontrar respostas para um crime cometido dentro de sua pr\u00f3pria igreja. Para isso, ele ter\u00e1 de enfrentar altos riscos, ao mesmo tempo que aprender\u00e1 li\u00e7\u00f5es valiosas sobre si mesmo e sua f\u00e9. Eletrizante narrativa, destinada a leitores de todas as idades que apreciam uma hist\u00f3ria envolvente e inesquec\u00edvel. Preparado?<\/p>\n","protected":false},"excerpt":{"rendered":"<p>Um furto misterioso. Uma acusa\u00e7\u00e3o injusta. E um surpreendente jornada em busca da verdade. Daniel, um<br \/>\njovem crist\u00e3o determinado a encontrar respostas para um crime cometido dentro de sua pr\u00f3pria igreja. Para isso, ele ter\u00e1 de enfrentar altos riscos, ao mesmo tempo que aprender\u00e1 li\u00e7\u00f5es valiosas sobre si mesmo e sua f\u00e9. Eletrizante narrativa, destinada a leitores de todas as idades que apreciam uma hist\u00f3ria envolvente e inesquec\u00edvel. Preparado?<\/p>\n<p>&nbsp;<\/p>\n","protected":false},"featured_media":540,"comment_status":"closed","ping_status":"closed","template":"","meta":[],"product_brand":[],"product_cat":[30],"product_tag":[142,140,141],"class_list":{"0":"post-539","1":"product","2":"type-product","3":"status-publish","4":"has-post-thumbnail","6":"product_cat-mundo-cristao","7":"product_tag-ensino-medio","8":"product_tag-fund-2","9":"product_tag-fund-2-e-medio","11":"first","12":"instock","13":"featured","14":"shipping-taxable","15":"purchasable","16":"product-type-simple"},"_links":{"self":[{"href":"https:\/\/acsi.com.br\/lojavirtual\/wp-json\/wp\/v2\/product\/539","targetHints":{"allow":["GET"]}}],"collection":[{"href":"https:\/\/acsi.com.br\/lojavirtual\/wp-json\/wp\/v2\/product"}],"about":[{"href":"https:\/\/acsi.com.br\/lojavirtual\/wp-json\/wp\/v2\/types\/product"}],"replies":[{"embeddable":true,"href":"https:\/\/acsi.com.br\/lojavirtual\/wp-json\/wp\/v2\/comments?post=539"}],"version-history":[{"count":1,"href":"https:\/\/acsi.com.br\/lojavirtual\/wp-json\/wp\/v2\/product\/539\/revisions"}],"predecessor-version":[{"id":541,"href":"https:\/\/acsi.com.br\/lojavirtual\/wp-json\/wp\/v2\/product\/539\/revisions\/541"}],"wp:featuredmedia":[{"embeddable":true,"href":"https:\/\/acsi.com.br\/lojavirtual\/wp-json\/wp\/v2\/media\/540"}],"wp:attachment":[{"href":"https:\/\/acsi.com.br\/lojavirtual\/wp-json\/wp\/v2\/media?parent=539"}],"wp:term":[{"taxonomy":"product_brand","embeddable":true,"href":"https:\/\/acsi.com.br\/lojavirtual\/wp-json\/wp\/v2\/product_brand?post=539"},{"taxonomy":"product_cat","embeddable":true,"href":"https:\/\/acsi.com.br\/lojavirtual\/wp-json\/wp\/v2\/product_cat?post=539"},{"taxonomy":"product_tag","embeddable":true,"href":"https:\/\/acsi.com.br\/lojavirtual\/wp-json\/wp\/v2\/product_tag?post=539"}],"curies":[{"name":"wp","href":"https:\/\/api.w.org\/{rel}","templated":true}]}}