{"id":536,"date":"2023-08-08T23:11:59","date_gmt":"2023-08-08T23:11:59","guid":{"rendered":"https:\/\/acsi.com.br\/lojavirtual\/?post_type=product&#038;p=536"},"modified":"2026-04-16T20:59:07","modified_gmt":"2026-04-16T23:59:07","slug":"o-peregrino-ilustrado","status":"publish","type":"product","link":"https:\/\/acsi.com.br\/lojavirtual\/produto\/o-peregrino-ilustrado\/","title":{"rendered":"O Peregrino Ilustrado"},"content":{"rendered":"<p>Um dos mais famosos livros do mundo, agora com 250 ilustra\u00e7\u00f5es.<\/p>\n<p>Em vers\u00e3o ilustrada, a lend\u00e1ria narrativa de John Bunyan adquire novos contornos gra\u00e7as \u00e0 edi\u00e7\u00e3o revisada do texto e a escolha das ilustra\u00e7\u00f5es, inspirando o leitor a rever a pr\u00f3pria trajet\u00f3ria de vida enquanto acompanha a \u00e9pica saga de Crist\u00e3o \u00e0 Cidade Celestial.<\/p>\n","protected":false},"excerpt":{"rendered":"<p>Um dos mais famosos livros do mundo, agora com 250 ilustra\u00e7\u00f5es.<\/p>\n<p>Em vers\u00e3o ilustrada, a lend\u00e1ria narrativa de John Bunyan adquire novos contornos gra\u00e7as \u00e0 edi\u00e7\u00e3o revisada do texto e a escolha das ilustra\u00e7\u00f5es, inspirando o leitor a rever a pr\u00f3pria trajet\u00f3ria de vida enquanto acompanha a \u00e9pica saga de Crist\u00e3o \u00e0 Cidade Celestial.<\/p>\n<p>&nbsp;<\/p>\n","protected":false},"featured_media":537,"comment_status":"closed","ping_status":"closed","template":"","meta":[],"product_brand":[],"product_cat":[30],"product_tag":[142,140,141],"class_list":{"0":"post-536","1":"product","2":"type-product","3":"status-publish","4":"has-post-thumbnail","6":"product_cat-mundo-cristao","7":"product_tag-ensino-medio","8":"product_tag-fund-2","9":"product_tag-fund-2-e-medio","11":"first","12":"outofstock","13":"shipping-taxable","14":"purchasable","15":"product-type-simple"},"_links":{"self":[{"href":"https:\/\/acsi.com.br\/lojavirtual\/wp-json\/wp\/v2\/product\/536","targetHints":{"allow":["GET"]}}],"collection":[{"href":"https:\/\/acsi.com.br\/lojavirtual\/wp-json\/wp\/v2\/product"}],"about":[{"href":"https:\/\/acsi.com.br\/lojavirtual\/wp-json\/wp\/v2\/types\/product"}],"replies":[{"embeddable":true,"href":"https:\/\/acsi.com.br\/lojavirtual\/wp-json\/wp\/v2\/comments?post=536"}],"version-history":[{"count":2,"href":"https:\/\/acsi.com.br\/lojavirtual\/wp-json\/wp\/v2\/product\/536\/revisions"}],"predecessor-version":[{"id":1271,"href":"https:\/\/acsi.com.br\/lojavirtual\/wp-json\/wp\/v2\/product\/536\/revisions\/1271"}],"wp:featuredmedia":[{"embeddable":true,"href":"https:\/\/acsi.com.br\/lojavirtual\/wp-json\/wp\/v2\/media\/537"}],"wp:attachment":[{"href":"https:\/\/acsi.com.br\/lojavirtual\/wp-json\/wp\/v2\/media?parent=536"}],"wp:term":[{"taxonomy":"product_brand","embeddable":true,"href":"https:\/\/acsi.com.br\/lojavirtual\/wp-json\/wp\/v2\/product_brand?post=536"},{"taxonomy":"product_cat","embeddable":true,"href":"https:\/\/acsi.com.br\/lojavirtual\/wp-json\/wp\/v2\/product_cat?post=536"},{"taxonomy":"product_tag","embeddable":true,"href":"https:\/\/acsi.com.br\/lojavirtual\/wp-json\/wp\/v2\/product_tag?post=536"}],"curies":[{"name":"wp","href":"https:\/\/api.w.org\/{rel}","templated":true}]}}