{"id":533,"date":"2023-08-08T23:09:10","date_gmt":"2023-08-08T23:09:10","guid":{"rendered":"https:\/\/acsi.com.br\/lojavirtual\/?post_type=product&#038;p=533"},"modified":"2026-04-22T14:43:13","modified_gmt":"2026-04-22T17:43:13","slug":"um-porco-vem-morar-aqui","status":"publish","type":"product","link":"https:\/\/acsi.com.br\/lojavirtual\/produto\/um-porco-vem-morar-aqui\/","title":{"rendered":"Um porco vem morar aqui"},"content":{"rendered":"<p>Quando um Porco se muda para o apartamento vago, os outros bichos ficam apavorados. &#8220;Porcos s\u00e3o sujos e bagunceiros&#8221;, dizem Gabriela Galinha, Cl\u00f3vis Coelho e Doutor Raposo, e logo culpam seu novo vizinho por tudo que acontece de errado. Mas quando v\u00e3o visit\u00e1-lo para reclamar, descobrem o quanto tinham se enganado!<\/p>\n","protected":false},"excerpt":{"rendered":"<p>Quando um Porco se muda para o apartamento vago, os outros bichos ficam apavorados. &#8220;Porcos s\u00e3o sujos e bagunceiros&#8221;, dizem Gabriela Galinha, Cl\u00f3vis Coelho e Doutor Raposo, e logo culpam seu novo vizinho por tudo que acontece de errado. Mas quando v\u00e3o visit\u00e1-lo para reclamar, descobrem o quanto tinham se enganado!<\/p>\n<p>&nbsp;<\/p>\n","protected":false},"featured_media":534,"comment_status":"closed","ping_status":"closed","template":"","meta":[],"product_brand":[],"product_cat":[29],"product_tag":[137,152],"class_list":{"0":"post-533","1":"product","2":"type-product","3":"status-publish","4":"has-post-thumbnail","6":"product_cat-cia-das-letras-brinque-book","7":"product_tag-ate-3o-ano","8":"product_tag-fund-1","10":"first","11":"instock","12":"shipping-taxable","13":"purchasable","14":"product-type-simple"},"_links":{"self":[{"href":"https:\/\/acsi.com.br\/lojavirtual\/wp-json\/wp\/v2\/product\/533","targetHints":{"allow":["GET"]}}],"collection":[{"href":"https:\/\/acsi.com.br\/lojavirtual\/wp-json\/wp\/v2\/product"}],"about":[{"href":"https:\/\/acsi.com.br\/lojavirtual\/wp-json\/wp\/v2\/types\/product"}],"replies":[{"embeddable":true,"href":"https:\/\/acsi.com.br\/lojavirtual\/wp-json\/wp\/v2\/comments?post=533"}],"version-history":[{"count":2,"href":"https:\/\/acsi.com.br\/lojavirtual\/wp-json\/wp\/v2\/product\/533\/revisions"}],"predecessor-version":[{"id":3548,"href":"https:\/\/acsi.com.br\/lojavirtual\/wp-json\/wp\/v2\/product\/533\/revisions\/3548"}],"wp:featuredmedia":[{"embeddable":true,"href":"https:\/\/acsi.com.br\/lojavirtual\/wp-json\/wp\/v2\/media\/534"}],"wp:attachment":[{"href":"https:\/\/acsi.com.br\/lojavirtual\/wp-json\/wp\/v2\/media?parent=533"}],"wp:term":[{"taxonomy":"product_brand","embeddable":true,"href":"https:\/\/acsi.com.br\/lojavirtual\/wp-json\/wp\/v2\/product_brand?post=533"},{"taxonomy":"product_cat","embeddable":true,"href":"https:\/\/acsi.com.br\/lojavirtual\/wp-json\/wp\/v2\/product_cat?post=533"},{"taxonomy":"product_tag","embeddable":true,"href":"https:\/\/acsi.com.br\/lojavirtual\/wp-json\/wp\/v2\/product_tag?post=533"}],"curies":[{"name":"wp","href":"https:\/\/api.w.org\/{rel}","templated":true}]}}