{"id":530,"date":"2023-08-08T23:07:09","date_gmt":"2023-08-08T23:07:09","guid":{"rendered":"https:\/\/acsi.com.br\/lojavirtual\/?post_type=product&#038;p=530"},"modified":"2026-04-16T20:59:07","modified_gmt":"2026-04-16T23:59:07","slug":"apertada-e-sem-espaco","status":"publish","type":"product","link":"https:\/\/acsi.com.br\/lojavirtual\/produto\/apertada-e-sem-espaco\/","title":{"rendered":"Apertada e sem espa\u00e7o"},"content":{"rendered":"<p>O que fazer quando a casa \u00e9 pequena demais?O velho s\u00e1bio recomenda: ponha para dentro todos os animais da fazenda. Quando voc\u00ea puser todos para fora, ficar\u00e1 surpreso em ver como a casa parecer\u00e1 enorme na hora!Esta divertida hist\u00f3ria \u00e9 o primeiro livro rimado escrito por Julia Donaldson e ilustrado por Axel Scheffl.<\/p>\n","protected":false},"excerpt":{"rendered":"<p>O que fazer quando a casa \u00e9 pequena demais?O velho s\u00e1bio recomenda: ponha para dentro todos os animais da fazenda. Quando voc\u00ea puser todos para fora, ficar\u00e1 surpreso em ver como a casa parecer\u00e1 enorme na hora!Esta divertida hist\u00f3ria \u00e9 o primeiro livro rimado escrito por Julia Donaldson e ilustrado por Axel Scheffl.<\/p>\n<p>&nbsp;<\/p>\n","protected":false},"featured_media":531,"comment_status":"closed","ping_status":"closed","template":"","meta":[],"product_brand":[],"product_cat":[29],"product_tag":[137,152],"class_list":{"0":"post-530","1":"product","2":"type-product","3":"status-publish","4":"has-post-thumbnail","6":"product_cat-cia-das-letras-brinque-book","7":"product_tag-ate-3o-ano","8":"product_tag-fund-1","10":"first","11":"instock","12":"shipping-taxable","13":"purchasable","14":"product-type-simple"},"_links":{"self":[{"href":"https:\/\/acsi.com.br\/lojavirtual\/wp-json\/wp\/v2\/product\/530","targetHints":{"allow":["GET"]}}],"collection":[{"href":"https:\/\/acsi.com.br\/lojavirtual\/wp-json\/wp\/v2\/product"}],"about":[{"href":"https:\/\/acsi.com.br\/lojavirtual\/wp-json\/wp\/v2\/types\/product"}],"replies":[{"embeddable":true,"href":"https:\/\/acsi.com.br\/lojavirtual\/wp-json\/wp\/v2\/comments?post=530"}],"version-history":[{"count":1,"href":"https:\/\/acsi.com.br\/lojavirtual\/wp-json\/wp\/v2\/product\/530\/revisions"}],"predecessor-version":[{"id":532,"href":"https:\/\/acsi.com.br\/lojavirtual\/wp-json\/wp\/v2\/product\/530\/revisions\/532"}],"wp:featuredmedia":[{"embeddable":true,"href":"https:\/\/acsi.com.br\/lojavirtual\/wp-json\/wp\/v2\/media\/531"}],"wp:attachment":[{"href":"https:\/\/acsi.com.br\/lojavirtual\/wp-json\/wp\/v2\/media?parent=530"}],"wp:term":[{"taxonomy":"product_brand","embeddable":true,"href":"https:\/\/acsi.com.br\/lojavirtual\/wp-json\/wp\/v2\/product_brand?post=530"},{"taxonomy":"product_cat","embeddable":true,"href":"https:\/\/acsi.com.br\/lojavirtual\/wp-json\/wp\/v2\/product_cat?post=530"},{"taxonomy":"product_tag","embeddable":true,"href":"https:\/\/acsi.com.br\/lojavirtual\/wp-json\/wp\/v2\/product_tag?post=530"}],"curies":[{"name":"wp","href":"https:\/\/api.w.org\/{rel}","templated":true}]}}