{"id":527,"date":"2023-08-08T23:05:13","date_gmt":"2023-08-08T23:05:13","guid":{"rendered":"https:\/\/acsi.com.br\/lojavirtual\/?post_type=product&#038;p=527"},"modified":"2026-04-27T13:09:21","modified_gmt":"2026-04-27T16:09:21","slug":"a-arvore-generosa","status":"publish","type":"product","link":"https:\/\/acsi.com.br\/lojavirtual\/produto\/a-arvore-generosa\/","title":{"rendered":"A \u00c1rvore Generosa"},"content":{"rendered":"<p>Neste cl\u00e1ssico da literatura infantil, um menino e uma \u00e1rvore t\u00eam uma rela\u00e7\u00e3o muito especial. Dia ap\u00f3s dia, ele come suas ma\u00e7\u00e3s, brinca em seus galhos e descansa sob sua sombra. Por\u00e9m, \u00e0 medida que vai crescendo, fica cada vez mais exigente em seus pedidos, e a \u00e1rvore, mesmo com poucos recursos mas cheia de amor, continua a fazer tudo o que ele quer.<\/p>\n","protected":false},"excerpt":{"rendered":"<p>Neste cl\u00e1ssico da literatura infantil, um menino e uma \u00e1rvore t\u00eam uma rela\u00e7\u00e3o muito especial. Dia ap\u00f3s dia, ele come suas ma\u00e7\u00e3s, brinca em seus galhos e descansa sob sua sombra. Por\u00e9m, \u00e0 medida que vai crescendo, fica cada vez mais exigente em seus pedidos, e a \u00e1rvore, mesmo com poucos recursos mas cheia de amor, continua a fazer tudo o que ele quer.<\/p>\n<p>&nbsp;<\/p>\n","protected":false},"featured_media":528,"comment_status":"closed","ping_status":"closed","template":"","meta":[],"product_brand":[],"product_cat":[29],"product_tag":[139,152],"class_list":{"0":"post-527","1":"product","2":"type-product","3":"status-publish","4":"has-post-thumbnail","6":"product_cat-cia-das-letras-brinque-book","7":"product_tag-ate-5o-ano","8":"product_tag-fund-1","10":"first","11":"instock","12":"shipping-taxable","13":"purchasable","14":"product-type-simple"},"_links":{"self":[{"href":"https:\/\/acsi.com.br\/lojavirtual\/wp-json\/wp\/v2\/product\/527","targetHints":{"allow":["GET"]}}],"collection":[{"href":"https:\/\/acsi.com.br\/lojavirtual\/wp-json\/wp\/v2\/product"}],"about":[{"href":"https:\/\/acsi.com.br\/lojavirtual\/wp-json\/wp\/v2\/types\/product"}],"replies":[{"embeddable":true,"href":"https:\/\/acsi.com.br\/lojavirtual\/wp-json\/wp\/v2\/comments?post=527"}],"version-history":[{"count":1,"href":"https:\/\/acsi.com.br\/lojavirtual\/wp-json\/wp\/v2\/product\/527\/revisions"}],"predecessor-version":[{"id":529,"href":"https:\/\/acsi.com.br\/lojavirtual\/wp-json\/wp\/v2\/product\/527\/revisions\/529"}],"wp:featuredmedia":[{"embeddable":true,"href":"https:\/\/acsi.com.br\/lojavirtual\/wp-json\/wp\/v2\/media\/528"}],"wp:attachment":[{"href":"https:\/\/acsi.com.br\/lojavirtual\/wp-json\/wp\/v2\/media?parent=527"}],"wp:term":[{"taxonomy":"product_brand","embeddable":true,"href":"https:\/\/acsi.com.br\/lojavirtual\/wp-json\/wp\/v2\/product_brand?post=527"},{"taxonomy":"product_cat","embeddable":true,"href":"https:\/\/acsi.com.br\/lojavirtual\/wp-json\/wp\/v2\/product_cat?post=527"},{"taxonomy":"product_tag","embeddable":true,"href":"https:\/\/acsi.com.br\/lojavirtual\/wp-json\/wp\/v2\/product_tag?post=527"}],"curies":[{"name":"wp","href":"https:\/\/api.w.org\/{rel}","templated":true}]}}