{"id":52,"date":"2023-06-21T12:38:29","date_gmt":"2023-06-21T12:38:29","guid":{"rendered":"https:\/\/acsi.com.br\/lojavirtual\/?post_type=product&#038;p=52"},"modified":"2026-04-16T20:59:35","modified_gmt":"2026-04-16T23:59:35","slug":"edificio-corazon","status":"publish","type":"product","link":"https:\/\/acsi.com.br\/lojavirtual\/produto\/edificio-corazon\/","title":{"rendered":"Edif\u00edcio Coraz\u00f3n"},"content":{"rendered":"<p>Coraz\u00f3n estava abandonado havia muito tempo, at\u00e9 o dia que chegaram nove moradores bem especiais. Cada um deles com uma virtude marcante, capaz de fazer a diferen\u00e7a, transformando realidades ao seu redor. O Coraz\u00f3n acabou se tornando uma refer\u00eancia na cidade, gra\u00e7as \u00e0s boas a\u00e7\u00f5es de seus moradores. Por\u00e9m, uma terr\u00edvel amea\u00e7a pode p\u00f4r um fim nessa bela hist\u00f3ria. Amor, paci\u00eancia, fidelidade, paz, alegria, bondade, mansid\u00e3o, generosidade e autocontrole s\u00e3o virtudes, frutos do Esp\u00edrito, enfatizadas nessa narrativa po\u00e9tica.<\/p>\n<p><a href=\"https:\/\/drive.google.com\/file\/d\/14wDZFDaH5F2EMV_QJ9hFBAXkNriYDnFT\/view\" target=\"_blank\" rel=\"noopener\">Baixe\u00a0<strong>AQUI<\/strong>\u00a0sua maquete para montar<\/a>.<\/p>\n","protected":false},"excerpt":{"rendered":"<p>Coraz\u00f3n estava abandonado havia muito tempo, at\u00e9 o dia que chegaram nove moradores bem especiais. Cada um deles com uma virtude marcante, capaz de fazer a diferen\u00e7a, transformando realidades ao seu redor. O Coraz\u00f3n acabou se tornando uma refer\u00eancia na cidade, gra\u00e7as \u00e0s boas a\u00e7\u00f5es de seus moradores. Por\u00e9m, uma terr\u00edvel amea\u00e7a pode p\u00f4r um fim nessa bela hist\u00f3ria. Amor, paci\u00eancia, fidelidade, paz, alegria, bondade, mansid\u00e3o, generosidade e autocontrole s\u00e3o virtudes, frutos do Esp\u00edrito, enfatizadas nessa narrativa po\u00e9tica.<\/p>\n","protected":false},"featured_media":748,"comment_status":"closed","ping_status":"closed","template":"","meta":[],"product_brand":[],"product_cat":[18],"product_tag":[137,152],"class_list":{"0":"post-52","1":"product","2":"type-product","3":"status-publish","4":"has-post-thumbnail","6":"product_cat-debs-editora","7":"product_tag-ate-3o-ano","8":"product_tag-fund-1","10":"first","11":"instock","12":"shipping-taxable","13":"purchasable","14":"product-type-simple"},"_links":{"self":[{"href":"https:\/\/acsi.com.br\/lojavirtual\/wp-json\/wp\/v2\/product\/52","targetHints":{"allow":["GET"]}}],"collection":[{"href":"https:\/\/acsi.com.br\/lojavirtual\/wp-json\/wp\/v2\/product"}],"about":[{"href":"https:\/\/acsi.com.br\/lojavirtual\/wp-json\/wp\/v2\/types\/product"}],"replies":[{"embeddable":true,"href":"https:\/\/acsi.com.br\/lojavirtual\/wp-json\/wp\/v2\/comments?post=52"}],"version-history":[{"count":1,"href":"https:\/\/acsi.com.br\/lojavirtual\/wp-json\/wp\/v2\/product\/52\/revisions"}],"predecessor-version":[{"id":53,"href":"https:\/\/acsi.com.br\/lojavirtual\/wp-json\/wp\/v2\/product\/52\/revisions\/53"}],"wp:featuredmedia":[{"embeddable":true,"href":"https:\/\/acsi.com.br\/lojavirtual\/wp-json\/wp\/v2\/media\/748"}],"wp:attachment":[{"href":"https:\/\/acsi.com.br\/lojavirtual\/wp-json\/wp\/v2\/media?parent=52"}],"wp:term":[{"taxonomy":"product_brand","embeddable":true,"href":"https:\/\/acsi.com.br\/lojavirtual\/wp-json\/wp\/v2\/product_brand?post=52"},{"taxonomy":"product_cat","embeddable":true,"href":"https:\/\/acsi.com.br\/lojavirtual\/wp-json\/wp\/v2\/product_cat?post=52"},{"taxonomy":"product_tag","embeddable":true,"href":"https:\/\/acsi.com.br\/lojavirtual\/wp-json\/wp\/v2\/product_tag?post=52"}],"curies":[{"name":"wp","href":"https:\/\/api.w.org\/{rel}","templated":true}]}}