{"id":518,"date":"2023-08-08T22:58:53","date_gmt":"2023-08-08T22:58:53","guid":{"rendered":"https:\/\/acsi.com.br\/lojavirtual\/?post_type=product&#038;p=518"},"modified":"2026-04-16T20:59:07","modified_gmt":"2026-04-16T23:59:07","slug":"o-misterio-do-colecionador","status":"publish","type":"product","link":"https:\/\/acsi.com.br\/lojavirtual\/produto\/o-misterio-do-colecionador\/","title":{"rendered":"O Mist\u00e9rio do Colecionador"},"content":{"rendered":"<p>Um grupo de amigos que adora desvendar enigmas acaba envolvido em um verdadeiro caso policial. C\u00edntia, Julinha e Heitor estavam prontos para se divertir desbravando a Mata Atl\u00e2ntica na excurs\u00e3o de sua escola ao S\u00edtio Rio Azul. Tudo parece ir muito bem at\u00e9 eles descobrirem que um traficante de animais silvestres tem outros planos para a excurs\u00e3o. Nessa aventura surpreendente, o leitor n\u00e3o vai parar um segundo. Se quebrar os c\u00f3digos criados pelo professor Pedro, espalhados pela trilha no meio da mata, j\u00e1 \u00e9 um grande desafio, imagine ter de enfrentar um misterioso e cruel colecionador de animais e seus perigosos comparsas.<\/p>\n","protected":false},"excerpt":{"rendered":"<p>Um grupo de amigos que adora desvendar enigmas acaba envolvido em um verdadeiro caso policial. C\u00edntia, Julinha e Heitor estavam prontos para se divertir desbravando a Mata Atl\u00e2ntica na excurs\u00e3o de sua escola ao S\u00edtio Rio Azul. Tudo parece ir muito bem at\u00e9 eles descobrirem que um traficante de animais silvestres tem outros planos para a excurs\u00e3o. Nessa aventura surpreendente, o leitor n\u00e3o vai parar um segundo. Se quebrar os c\u00f3digos criados pelo professor Pedro, espalhados pela trilha no meio da mata, j\u00e1 \u00e9 um grande desafio, imagine ter de enfrentar um misterioso e cruel colecionador de animais e seus perigosos comparsas.<\/p>\n<p>&nbsp;<\/p>\n","protected":false},"featured_media":520,"comment_status":"closed","ping_status":"closed","template":"","meta":[],"product_brand":[],"product_cat":[29],"product_tag":[140],"class_list":{"0":"post-518","1":"product","2":"type-product","3":"status-publish","4":"has-post-thumbnail","6":"product_cat-cia-das-letras-brinque-book","7":"product_tag-fund-2","9":"first","10":"instock","11":"shipping-taxable","12":"purchasable","13":"product-type-simple"},"_links":{"self":[{"href":"https:\/\/acsi.com.br\/lojavirtual\/wp-json\/wp\/v2\/product\/518","targetHints":{"allow":["GET"]}}],"collection":[{"href":"https:\/\/acsi.com.br\/lojavirtual\/wp-json\/wp\/v2\/product"}],"about":[{"href":"https:\/\/acsi.com.br\/lojavirtual\/wp-json\/wp\/v2\/types\/product"}],"replies":[{"embeddable":true,"href":"https:\/\/acsi.com.br\/lojavirtual\/wp-json\/wp\/v2\/comments?post=518"}],"version-history":[{"count":2,"href":"https:\/\/acsi.com.br\/lojavirtual\/wp-json\/wp\/v2\/product\/518\/revisions"}],"predecessor-version":[{"id":3366,"href":"https:\/\/acsi.com.br\/lojavirtual\/wp-json\/wp\/v2\/product\/518\/revisions\/3366"}],"wp:featuredmedia":[{"embeddable":true,"href":"https:\/\/acsi.com.br\/lojavirtual\/wp-json\/wp\/v2\/media\/520"}],"wp:attachment":[{"href":"https:\/\/acsi.com.br\/lojavirtual\/wp-json\/wp\/v2\/media?parent=518"}],"wp:term":[{"taxonomy":"product_brand","embeddable":true,"href":"https:\/\/acsi.com.br\/lojavirtual\/wp-json\/wp\/v2\/product_brand?post=518"},{"taxonomy":"product_cat","embeddable":true,"href":"https:\/\/acsi.com.br\/lojavirtual\/wp-json\/wp\/v2\/product_cat?post=518"},{"taxonomy":"product_tag","embeddable":true,"href":"https:\/\/acsi.com.br\/lojavirtual\/wp-json\/wp\/v2\/product_tag?post=518"}],"curies":[{"name":"wp","href":"https:\/\/api.w.org\/{rel}","templated":true}]}}