{"id":512,"date":"2023-08-08T22:50:56","date_gmt":"2023-08-08T22:50:56","guid":{"rendered":"https:\/\/acsi.com.br\/lojavirtual\/?post_type=product&#038;p=512"},"modified":"2026-04-16T20:59:07","modified_gmt":"2026-04-16T23:59:07","slug":"guilherme-augusto-araujo-fernandes","status":"publish","type":"product","link":"https:\/\/acsi.com.br\/lojavirtual\/produto\/guilherme-augusto-araujo-fernandes\/","title":{"rendered":"Guilherme Augusto Ara\u00fajo Fernandes"},"content":{"rendered":"<p>Este t\u00edtulo \u00e9 o nome do personagem, que era vizinho de um asilo de idosos, todos seus amigos. Mas era de Dona Ant\u00f4nia que ele mais gostava.. Ent\u00e3o, monta uma cesta e vai lev\u00e1-la a Dona Ant\u00f4nia. Quando ela recebe os presentes &#8216;maravilhosos&#8217;, conchas, marionete, medalha, bola de futebol e um ovo ainda quente, cada um deles lhe devolve a lembran\u00e7a de belas hist\u00f3rias.Quando soube que ela perdera a mem\u00f3ria, quis saber o que isso significava e foi perguntar aos outros moradores do asilo. Como resposta, ouve que mem\u00f3ria \u00e9 algo: bem antigo, que faz chorar, faz rir, vale ouro e \u00e9 quente.<\/p>\n","protected":false},"excerpt":{"rendered":"<p>Este t\u00edtulo \u00e9 o nome do personagem, que era vizinho de um asilo de idosos, todos seus amigos. Mas era de Dona Ant\u00f4nia que ele mais gostava.. Ent\u00e3o, monta uma cesta e vai lev\u00e1-la a Dona Ant\u00f4nia. Quando ela recebe os presentes &#8216;maravilhosos&#8217;, conchas, marionete, medalha, bola de futebol e um ovo ainda quente, cada um deles lhe devolve a lembran\u00e7a de belas hist\u00f3rias.Quando soube que ela perdera a mem\u00f3ria, quis saber o que isso significava e foi perguntar aos outros moradores do asilo. Como resposta, ouve que mem\u00f3ria \u00e9 algo: bem antigo, que faz chorar, faz rir, vale ouro e \u00e9 quente.<\/p>\n<p>&nbsp;<\/p>\n","protected":false},"featured_media":513,"comment_status":"closed","ping_status":"closed","template":"","meta":[],"product_brand":[],"product_cat":[29],"product_tag":[139,152],"class_list":{"0":"post-512","1":"product","2":"type-product","3":"status-publish","4":"has-post-thumbnail","6":"product_cat-cia-das-letras-brinque-book","7":"product_tag-ate-5o-ano","8":"product_tag-fund-1","10":"first","11":"instock","12":"shipping-taxable","13":"purchasable","14":"product-type-simple"},"_links":{"self":[{"href":"https:\/\/acsi.com.br\/lojavirtual\/wp-json\/wp\/v2\/product\/512","targetHints":{"allow":["GET"]}}],"collection":[{"href":"https:\/\/acsi.com.br\/lojavirtual\/wp-json\/wp\/v2\/product"}],"about":[{"href":"https:\/\/acsi.com.br\/lojavirtual\/wp-json\/wp\/v2\/types\/product"}],"replies":[{"embeddable":true,"href":"https:\/\/acsi.com.br\/lojavirtual\/wp-json\/wp\/v2\/comments?post=512"}],"version-history":[{"count":1,"href":"https:\/\/acsi.com.br\/lojavirtual\/wp-json\/wp\/v2\/product\/512\/revisions"}],"predecessor-version":[{"id":514,"href":"https:\/\/acsi.com.br\/lojavirtual\/wp-json\/wp\/v2\/product\/512\/revisions\/514"}],"wp:featuredmedia":[{"embeddable":true,"href":"https:\/\/acsi.com.br\/lojavirtual\/wp-json\/wp\/v2\/media\/513"}],"wp:attachment":[{"href":"https:\/\/acsi.com.br\/lojavirtual\/wp-json\/wp\/v2\/media?parent=512"}],"wp:term":[{"taxonomy":"product_brand","embeddable":true,"href":"https:\/\/acsi.com.br\/lojavirtual\/wp-json\/wp\/v2\/product_brand?post=512"},{"taxonomy":"product_cat","embeddable":true,"href":"https:\/\/acsi.com.br\/lojavirtual\/wp-json\/wp\/v2\/product_cat?post=512"},{"taxonomy":"product_tag","embeddable":true,"href":"https:\/\/acsi.com.br\/lojavirtual\/wp-json\/wp\/v2\/product_tag?post=512"}],"curies":[{"name":"wp","href":"https:\/\/api.w.org\/{rel}","templated":true}]}}