{"id":509,"date":"2023-08-08T22:48:36","date_gmt":"2023-08-08T22:48:36","guid":{"rendered":"https:\/\/acsi.com.br\/lojavirtual\/?post_type=product&#038;p=509"},"modified":"2026-04-16T20:59:07","modified_gmt":"2026-04-16T23:59:07","slug":"dorminhoco","status":"publish","type":"product","link":"https:\/\/acsi.com.br\/lojavirtual\/produto\/dorminhoco\/","title":{"rendered":"Dorminhoco"},"content":{"rendered":"<p>Vaca, carneiro, gato, cachorro, porca e porquinhos, todos dormem na fazenda. At\u00e9 que o cachorro come\u00e7a a roncar! Vaca, carneiro, gato, porca e todos os porquinhos s\u00e3o acordados pelo barulho e n\u00e3o conseguem voltar a dormir. S\u00f3 h\u00e1 uma solu\u00e7\u00e3o: fazer o cachorro parar de roncar.<\/p>\n","protected":false},"excerpt":{"rendered":"<p>Vaca, carneiro, gato, cachorro, porca e porquinhos, todos dormem na fazenda. At\u00e9 que o cachorro come\u00e7a a roncar! Vaca, carneiro, gato, porca e todos os porquinhos s\u00e3o acordados pelo barulho e n\u00e3o conseguem voltar a dormir. S\u00f3 h\u00e1 uma solu\u00e7\u00e3o: fazer o cachorro parar de roncar.<\/p>\n<p>&nbsp;<\/p>\n","protected":false},"featured_media":510,"comment_status":"closed","ping_status":"closed","template":"","meta":[],"product_brand":[],"product_cat":[29],"product_tag":[134,152],"class_list":{"0":"post-509","1":"product","2":"type-product","3":"status-publish","4":"has-post-thumbnail","6":"product_cat-cia-das-letras-brinque-book","7":"product_tag-ate-1o-ano","8":"product_tag-fund-1","10":"first","11":"outofstock","12":"shipping-taxable","13":"purchasable","14":"product-type-simple"},"_links":{"self":[{"href":"https:\/\/acsi.com.br\/lojavirtual\/wp-json\/wp\/v2\/product\/509","targetHints":{"allow":["GET"]}}],"collection":[{"href":"https:\/\/acsi.com.br\/lojavirtual\/wp-json\/wp\/v2\/product"}],"about":[{"href":"https:\/\/acsi.com.br\/lojavirtual\/wp-json\/wp\/v2\/types\/product"}],"replies":[{"embeddable":true,"href":"https:\/\/acsi.com.br\/lojavirtual\/wp-json\/wp\/v2\/comments?post=509"}],"version-history":[{"count":2,"href":"https:\/\/acsi.com.br\/lojavirtual\/wp-json\/wp\/v2\/product\/509\/revisions"}],"predecessor-version":[{"id":3333,"href":"https:\/\/acsi.com.br\/lojavirtual\/wp-json\/wp\/v2\/product\/509\/revisions\/3333"}],"wp:featuredmedia":[{"embeddable":true,"href":"https:\/\/acsi.com.br\/lojavirtual\/wp-json\/wp\/v2\/media\/510"}],"wp:attachment":[{"href":"https:\/\/acsi.com.br\/lojavirtual\/wp-json\/wp\/v2\/media?parent=509"}],"wp:term":[{"taxonomy":"product_brand","embeddable":true,"href":"https:\/\/acsi.com.br\/lojavirtual\/wp-json\/wp\/v2\/product_brand?post=509"},{"taxonomy":"product_cat","embeddable":true,"href":"https:\/\/acsi.com.br\/lojavirtual\/wp-json\/wp\/v2\/product_cat?post=509"},{"taxonomy":"product_tag","embeddable":true,"href":"https:\/\/acsi.com.br\/lojavirtual\/wp-json\/wp\/v2\/product_tag?post=509"}],"curies":[{"name":"wp","href":"https:\/\/api.w.org\/{rel}","templated":true}]}}