{"id":503,"date":"2023-08-08T22:45:04","date_gmt":"2023-08-08T22:45:04","guid":{"rendered":"https:\/\/acsi.com.br\/lojavirtual\/?post_type=product&#038;p=503"},"modified":"2026-04-16T20:59:07","modified_gmt":"2026-04-16T23:59:07","slug":"juju-e-arvore-da-amizade","status":"publish","type":"product","link":"https:\/\/acsi.com.br\/lojavirtual\/produto\/juju-e-arvore-da-amizade\/","title":{"rendered":"Juju e \u00e1rvore da amizade"},"content":{"rendered":"<p>Juju, a menina alegre e divertida que adora cores e brinca de associ\u00e1-las a diferentes significados, agora tem um novo desafio: cuidar bem de seu jardim de amigos e deixar a vida mais colorida, compartilhando experi\u00eancias e aprendizados por a\u00ed!Assim como h\u00e1 diferentes tipos de plantas, h\u00e1 diferentes tipos de amigos. Como ent\u00e3o regar a amizade para colher lindos frutos duradouros? Juju e seus amigos d\u00e3o dicas de como preservar a natureza e como plantar mudinhas no algod\u00e3o, em garrafas pet e at\u00e9 na casca do ovo!<\/p>\n","protected":false},"excerpt":{"rendered":"<p>Juju, a menina alegre e divertida que adora cores e brinca de associ\u00e1-las a diferentes significados, agora tem um novo desafio: cuidar bem de seu jardim de amigos e deixar a vida mais colorida, compartilhando experi\u00eancias e aprendizados por a\u00ed!Assim como h\u00e1 diferentes tipos de plantas, h\u00e1 diferentes tipos de amigos. Como ent\u00e3o regar a amizade para colher lindos frutos duradouros? Juju e seus amigos d\u00e3o dicas de como preservar a natureza e como plantar mudinhas no algod\u00e3o, em garrafas pet e at\u00e9 na casca do ovo!<\/p>\n<p>&nbsp;<\/p>\n","protected":false},"featured_media":504,"comment_status":"closed","ping_status":"closed","template":"","meta":[],"product_brand":[],"product_cat":[29],"product_tag":[134,152],"class_list":{"0":"post-503","1":"product","2":"type-product","3":"status-publish","4":"has-post-thumbnail","6":"product_cat-cia-das-letras-brinque-book","7":"product_tag-ate-1o-ano","8":"product_tag-fund-1","10":"first","11":"instock","12":"shipping-taxable","13":"purchasable","14":"product-type-simple"},"_links":{"self":[{"href":"https:\/\/acsi.com.br\/lojavirtual\/wp-json\/wp\/v2\/product\/503","targetHints":{"allow":["GET"]}}],"collection":[{"href":"https:\/\/acsi.com.br\/lojavirtual\/wp-json\/wp\/v2\/product"}],"about":[{"href":"https:\/\/acsi.com.br\/lojavirtual\/wp-json\/wp\/v2\/types\/product"}],"replies":[{"embeddable":true,"href":"https:\/\/acsi.com.br\/lojavirtual\/wp-json\/wp\/v2\/comments?post=503"}],"version-history":[{"count":1,"href":"https:\/\/acsi.com.br\/lojavirtual\/wp-json\/wp\/v2\/product\/503\/revisions"}],"predecessor-version":[{"id":505,"href":"https:\/\/acsi.com.br\/lojavirtual\/wp-json\/wp\/v2\/product\/503\/revisions\/505"}],"wp:featuredmedia":[{"embeddable":true,"href":"https:\/\/acsi.com.br\/lojavirtual\/wp-json\/wp\/v2\/media\/504"}],"wp:attachment":[{"href":"https:\/\/acsi.com.br\/lojavirtual\/wp-json\/wp\/v2\/media?parent=503"}],"wp:term":[{"taxonomy":"product_brand","embeddable":true,"href":"https:\/\/acsi.com.br\/lojavirtual\/wp-json\/wp\/v2\/product_brand?post=503"},{"taxonomy":"product_cat","embeddable":true,"href":"https:\/\/acsi.com.br\/lojavirtual\/wp-json\/wp\/v2\/product_cat?post=503"},{"taxonomy":"product_tag","embeddable":true,"href":"https:\/\/acsi.com.br\/lojavirtual\/wp-json\/wp\/v2\/product_tag?post=503"}],"curies":[{"name":"wp","href":"https:\/\/api.w.org\/{rel}","templated":true}]}}